{"id":23260,"date":"2021-12-08T11:36:57","date_gmt":"2021-12-08T10:36:57","guid":{"rendered":"https:\/\/jhcakes.com\/shop\/?post_type=product&#038;p=23260"},"modified":"2026-01-24T22:48:56","modified_gmt":"2026-01-24T21:48:56","slug":"harom-szinu-csatolocsoszett","status":"publish","type":"product","link":"https:\/\/jhcakes.com\/shop\/termek\/harom-szinu-csatolocsoszett\/","title":{"rendered":"H\u00e1rom sz\u00edn\u0171 csatol\u00f3cs\u0151szett"},"content":{"rendered":"<h3>Ezzel a Wilton \u00e1ltal gy\u00e1rtott\u00a0<strong><span style=\"color: #ec008c;\">nagy m\u00e9ret\u0171 csatol\u00f3cs\u0151szettel\u00a0<\/span><\/strong>2 vagy 3 sz\u00ednb\u0151l \u00e1ll\u00f3 vajkr\u00e9m-csod\u00e1t lehet k\u00e9sz\u00edteni tort\u00e1k, cupcake-ek, desszertek dekor\u00e1l\u00e1s\u00e1ra. K\u00f6nny\u0171 \u00e9s gyors m\u00f3dszer, nagyon mutat\u00f3s eredm\u00e9nnyel.<\/h3>\n<p>&nbsp;<\/p>\n<h3><strong>A csatol\u00f3cs\u0151szett tartoz\u00e9kai:<\/strong><\/h3>\n<ul>\n<li>\n<h3>3 sz\u00edn\u0171 csatol\u00f3cs\u0151<\/h3>\n<\/li>\n<li>\n<h3>1A Wilton dekor\u00e1l\u00f3cs\u0151<\/h3>\n<\/li>\n<li>\n<h3>1M Wilton dekor\u00e1l\u00f3cs\u0151<\/h3>\n<\/li>\n<li>\n<h3>6 db 40 cm-es \u00e1tl\u00e1tsz\u00f3 dekor\u00e1l\u00f3zs\u00e1k<\/h3>\n<\/li>\n<li>\n<h3>illusztr\u00e1lt haszn\u00e1lati utas\u00edt\u00e1s<\/h3>\n<\/li>\n<\/ul>\n<h3><strong>Hogyan haszn\u00e1ljuk a csatol\u00f3cs\u00f6vet?<\/strong><\/h3>\n<ul>\n<li>\n<h3>T\u00f6lts\u00fcnk meg 2 vagy 3 darab habzs\u00e1kot k\u00fcl\u00f6nb\u00f6z\u0151 sz\u00edn\u0171, vagy azonos sz\u00edn\u0171 de k\u00fcl\u00f6nb\u00f6z\u0151 t\u00f3nus\u00fa vajkr\u00e9mmel.<\/h3>\n<\/li>\n<li>\n<h3>V\u00e1gjuk le a habzs\u00e1kok z\u00e1rt v\u00e9g\u00e9t.<\/h3>\n<\/li>\n<li>\n<h3>Minden megt\u00f6lt\u00f6tt habzs\u00e1k v\u00e1gott v\u00e9g\u00e9t helyezz\u00fck egy-egy feh\u00e9r sz\u00edn\u0171 csatol\u00f3ba \u00e9s rendezz\u00fck a feh\u00e9r csatol\u00f3kat \u00fagy, hogy k\u00f6rt alkossanak.<\/h3>\n<\/li>\n<li>\n<h3>V\u00e1lasszuk ki, hogy milyen fajta vajkr\u00e9m mint\u00e1t szeretn\u00e9nk k\u00e9sz\u00edteni \u00e9s helyezz\u00fck azt a d\u00edsz\u00edt\u0151cs\u00f6vet a feh\u00e9r csatol\u00f3kra. <strong>Kompatibilis m\u00e9ret\u0171 d\u00edsz\u00edt\u0151cs\u00f6vek<\/strong> list\u00e1ja al\u00e1bb olvashat\u00f3!<\/h3>\n<\/li>\n<li>\n<h3>Tekerj\u00fck a lila sz\u00edn\u0151 gy\u0171r\u0171t a feh\u00e9r csatol\u00f3k k\u00f6r\u00e9. Ezzel r\u00f6gz\u00edtj\u00fck a csatol\u00f3kat \u00e9s a d\u00edsz\u00edt\u0151cs\u00f6vet, hogy haszn\u00e1lat k\u00f6zben ne mozogjanak<span style=\"font-size: medium;\">.<\/span><\/h3>\n<\/li>\n<\/ul>\n<h3><strong>Tov\u00e1bbi, kompatibilis m\u00e9ret\u0171 d\u00edsz\u00edt\u0151cs\u00f6vek list\u00e1ja, melyeket a szett<\/strong>\u00a0NEM tartalmazza, de k\u00fcl\u00f6n rendelhet\u0151k.<\/h3>\n<ul>\n<li>\n<h3>Kompatibilis d\u00edsz\u00edt\u0151cs\u0151 m\u00e9retek: 2C, 4B, 366<\/h3>\n<\/li>\n<li>\n<h3>Wilton 4B ny\u00edlt csillag d\u00edsz\u00edt\u0151cs\u0151 <span style=\"color: #339966;\"><strong><a style=\"color: #1ba6b4;\" href=\"https:\/\/jhcakes.com\/shop\/termek\/4b-wilton-nagy-csillag-diszitocso\/\" target=\"_blank\" rel=\"noopener noreferrer\">ITT<\/a><\/strong><\/span> rendelhet\u0151<\/h3>\n<\/li>\n<li>\n<h3>Wilton 366 nagy m\u00e9ret\u0171 lev\u00e9lcs\u0151 <span style=\"color: #33cccc;\"><strong><a style=\"color: #1ba6b4;\" href=\"https:\/\/jhcakes.com\/shop\/termek\/nagy-levelcso-366-wilton\/\" target=\"_blank\" rel=\"noopener noreferrer\">ITT<\/a><\/strong><\/span> rendelhet\u0151<\/h3>\n<\/li>\n<\/ul>\n<h3 id=\"tab-description\"><strong>Kezel\u00e9si \u00fatmutat\u00f3:<\/strong><\/h3>\n<ul>\n<li>\n<h3>a csatol\u00f3k \u00e9s gy\u0171r\u0171 k\u00e9zzel moshat\u00f3k, leveg\u0151n sz\u00e1r\u00edtand\u00f3k<\/h3>\n<\/li>\n<\/ul>\n<div id=\"themify_builder_content-23260\" data-postid=\"23260\" class=\"themify_builder_content themify_builder_content-23260 themify_builder\">\n    <\/div>\n<!-- \/themify_builder_content -->","protected":false},"excerpt":{"rendered":"<p>Ezzel a Wilton \u00e1ltal gy\u00e1rtott\u00a0nagy m\u00e9ret\u0171 csatol\u00f3cs\u0151szettel\u00a02 vagy 3 sz\u00ednb\u0151l \u00e1ll\u00f3 vajkr\u00e9m-csod\u00e1t lehet k\u00e9sz\u00edteni tort\u00e1k, cupcake-ek, desszertek dekor\u00e1l\u00e1s\u00e1ra. K\u00f6nny\u0171 \u00e9s gyors m\u00f3dszer, nagyon mutat\u00f3s eredm\u00e9nnyel. &nbsp; A csatol\u00f3cs\u0151szett tartoz\u00e9kai: 3 sz\u00edn\u0171 csatol\u00f3cs\u0151 1A Wilton dekor\u00e1l\u00f3cs\u0151 1M Wilton dekor\u00e1l\u00f3cs\u0151 6 db 40 cm-es \u00e1tl\u00e1tsz\u00f3 dekor\u00e1l\u00f3zs\u00e1k illusztr\u00e1lt haszn\u00e1lati utas\u00edt\u00e1s Hogyan haszn\u00e1ljuk a csatol\u00f3cs\u00f6vet? T\u00f6lts\u00fcnk meg 2 vagy [&hellip;]<\/p>\n","protected":false},"featured_media":20587,"comment_status":"closed","ping_status":"closed","template":"","meta":[],"builder_content":"","_links":{"self":[{"href":"https:\/\/jhcakes.com\/shop\/wp-json\/wp\/v2\/product\/23260"}],"collection":[{"href":"https:\/\/jhcakes.com\/shop\/wp-json\/wp\/v2\/product"}],"about":[{"href":"https:\/\/jhcakes.com\/shop\/wp-json\/wp\/v2\/types\/product"}],"replies":[{"embeddable":true,"href":"https:\/\/jhcakes.com\/shop\/wp-json\/wp\/v2\/comments?post=23260"}],"wp:featuredmedia":[{"embeddable":true,"href":"https:\/\/jhcakes.com\/shop\/wp-json\/wp\/v2\/media\/20587"}],"wp:attachment":[{"href":"https:\/\/jhcakes.com\/shop\/wp-json\/wp\/v2\/media?parent=23260"}],"curies":[{"name":"wp","href":"https:\/\/api.w.org\/{rel}","templated":true}]}}