{"id":23199,"date":"2021-12-01T19:22:08","date_gmt":"2021-12-01T18:22:08","guid":{"rendered":"https:\/\/jhcakes.com\/shop\/?post_type=product&#038;p=23199"},"modified":"2025-05-17T18:36:03","modified_gmt":"2025-05-17T16:36:03","slug":"pillango-kiszuro-szilikon-peremmel","status":"publish","type":"product","link":"https:\/\/jhcakes.com\/shop\/termek\/pillango-kiszuro-szilikon-peremmel\/","title":{"rendered":"Pillang\u00f3 kisz\u00far\u00f3 szilikon peremmel"},"content":{"rendered":"<h3><strong><span style=\"color: #ec008c;\">Szilikon peremes pillang\u00f3 kisz\u00far\u00f3nkkal<\/span><\/strong><span style=\"color: #878787;\">\u00a0nagyon aranyos m\u00e9zesek, linzerek k\u00e9sz\u00edthet\u0151k, k\u00e9nyelmesen. \u00a0Az ac\u00e9l kisz\u00far\u00f3 pereme r\u00f3zsasz\u00edn szilikon bevonattal\u00a0ell\u00e1tott, ami nem csak dekor\u00e1lja a kisz\u00far\u00f3t, de hozz\u00e1j\u00e1rul az extra k\u00e9nyelmes haszn\u00e1lathoz m\u00e9g akkor is, ha sok tucat m\u00e9zes k\u00e9sz\u00edtend\u0151. A kisz\u00far\u00f3 eleg\u00e1ns, zacsk\u00f3s kiszerel\u00e9sben \u00e9rkezik.<\/span><\/h3>\n<p>&nbsp;<\/p>\n<h3><span style=\"color: #7a7a7a;\"><strong>Mihez aj\u00e1nljuk a kisz\u00far\u00f3t?<\/strong><\/span><\/h3>\n<ul>\n<li>\n<h3><span style=\"color: #878787;\">m\u00e9zes \u00e9s egy\u00e9b t\u00e9sztaf\u00e9l\u00e9khez<\/span><\/h3>\n<\/li>\n<li>\n<h3><span style=\"color: #878787;\">fondant, cukormassza \u00e9s marcip\u00e1n form\u00e1k kisz\u00far\u00e1s\u00e1hoz<\/span><\/h3>\n<\/li>\n<\/ul>\n<h3><strong>Alapanyag:<\/strong><\/h3>\n<ul>\n<li>\n<h3><span style=\"color: #878787;\">szilikon peremmel ell\u00e1tott rozsdementes ac\u00e9l, mely haszn\u00e1latkor formatart\u00f3 marad<\/span><\/h3>\n<\/li>\n<\/ul>\n<h3><strong>Gy\u00e1rt\u00f3<\/strong>:<\/h3>\n<ul>\n<li>\n<h3>Blossom Sugar Art &#8211; \u00a0Anglia<\/h3>\n<\/li>\n<\/ul>\n<h3 id=\"tab-description\"><strong>Kezel\u00e9si \u00fatmutat\u00f3:<\/strong><\/h3>\n<ul>\n<li>\n<h3>k\u00e9zzel moshat\u00f3, leveg\u0151n sz\u00e1r\u00edtand\u00f3<\/h3>\n<\/li>\n<\/ul>\n<div id=\"themify_builder_content-23199\" data-postid=\"23199\" class=\"themify_builder_content themify_builder_content-23199 themify_builder\">\n    <\/div>\n<!-- \/themify_builder_content -->","protected":false},"excerpt":{"rendered":"<h3><strong>Kisz\u00far\u00f3 m\u00e9rete:<\/strong><\/h3>\n<ul>\n<li>\n<h3>sz\u00e9less\u00e9g: \u00a0 \u00a0 \u00a062 mm<\/h3>\n<\/li>\n<li>\n<h3>magass\u00e1g: \u00a0 \u00a065 mm<\/h3>\n<\/li>\n<\/ul>\n","protected":false},"featured_media":21574,"comment_status":"open","ping_status":"closed","template":"","meta":[],"builder_content":"","_links":{"self":[{"href":"https:\/\/jhcakes.com\/shop\/wp-json\/wp\/v2\/product\/23199"}],"collection":[{"href":"https:\/\/jhcakes.com\/shop\/wp-json\/wp\/v2\/product"}],"about":[{"href":"https:\/\/jhcakes.com\/shop\/wp-json\/wp\/v2\/types\/product"}],"replies":[{"embeddable":true,"href":"https:\/\/jhcakes.com\/shop\/wp-json\/wp\/v2\/comments?post=23199"}],"wp:featuredmedia":[{"embeddable":true,"href":"https:\/\/jhcakes.com\/shop\/wp-json\/wp\/v2\/media\/21574"}],"wp:attachment":[{"href":"https:\/\/jhcakes.com\/shop\/wp-json\/wp\/v2\/media?parent=23199"}],"curies":[{"name":"wp","href":"https:\/\/api.w.org\/{rel}","templated":true}]}}