{"id":23042,"date":"2021-11-05T16:24:38","date_gmt":"2021-11-05T15:24:38","guid":{"rendered":"https:\/\/jhcakes.com\/shop\/?post_type=product&#038;p=23042"},"modified":"2024-09-01T21:36:11","modified_gmt":"2024-09-01T19:36:11","slug":"konnyedarany-4-mm-cukorgyongy","status":"publish","type":"product","link":"https:\/\/jhcakes.com\/shop\/termek\/konnyedarany-4-mm-cukorgyongy\/","title":{"rendered":"Halv\u00e1nyarany 4 mm cukorgy\u00f6ngy"},"content":{"rendered":"<h3><strong><span style=\"color: #ec008c;\">Halv\u00e1nyarany cukorgy\u00f6ngy<\/span><\/strong>\u00a0apr\u00f3s\u00fctik, cupcake-ek, m\u00e9zesek, tort\u00e1k d\u00edsz\u00edt\u00e9s\u00e9re. Ez a term\u00e9k nem \u00e9l\u00e9nkarany t\u00f3nus\u00fa.<\/h3>\n<p>&nbsp;<\/p>\n<h3><strong>\u00d6sszetev\u0151k:<\/strong><\/h3>\n<ul>\n<li>\n<h3>74,9% cukor, b\u00fazaliszt, b\u00faza- \u00e9s kukoricakem\u00e9ny\u00edt\u0151, gl\u00fck\u00f3zszirup, zsel\u00e9s\u00edt\u0151 (hal), sellak &#8211; nyomokban tartalmazhat mogyor\u00f3-, sz\u00f3ja- \u00e9s tejsz\u00e1rmaz\u00e9kokat<\/h3>\n<\/li>\n<li>\n<h3>sz\u00ednez\u00e9kek: E174, n\u00f6v\u00e9nyi karotin<\/h3>\n<\/li>\n<\/ul>\n<h3><strong>T\u00e1rol\u00e1si javaslat:<\/strong><\/h3>\n<ul>\n<li>\n<h3>alacsony p\u00e1ratartalommal rendelkez\u0151, sz\u00e1raz, h\u0171v\u00f6s helyen t\u00e1roland\u00f3<\/h3>\n<\/li>\n<\/ul>\n<h3><strong>Lej\u00e1rati id\u0151:<\/strong><\/h3>\n<ul>\n<li>\n<h3>2026. szeptember 12.<\/h3>\n<\/li>\n<\/ul>\n<h3><strong>Nett\u00f3 s\u00faly:<\/strong><\/h3>\n<ul>\n<li>\n<h3>50 gramm<\/h3>\n<\/li>\n<\/ul>\n<div id=\"themify_builder_content-23042\" data-postid=\"23042\" class=\"themify_builder_content themify_builder_content-23042 themify_builder\">\n    <\/div>\n<!-- \/themify_builder_content -->","protected":false},"excerpt":{"rendered":"<h3><strong>Cukorszemek m\u00e9rete:<\/strong><\/h3>\n<ul>\n<li>\n<h3>kb 4 mm<\/h3>\n<\/li>\n<\/ul>\n","protected":false},"featured_media":25068,"comment_status":"open","ping_status":"closed","template":"","meta":[],"builder_content":"","_links":{"self":[{"href":"https:\/\/jhcakes.com\/shop\/wp-json\/wp\/v2\/product\/23042"}],"collection":[{"href":"https:\/\/jhcakes.com\/shop\/wp-json\/wp\/v2\/product"}],"about":[{"href":"https:\/\/jhcakes.com\/shop\/wp-json\/wp\/v2\/types\/product"}],"replies":[{"embeddable":true,"href":"https:\/\/jhcakes.com\/shop\/wp-json\/wp\/v2\/comments?post=23042"}],"wp:featuredmedia":[{"embeddable":true,"href":"https:\/\/jhcakes.com\/shop\/wp-json\/wp\/v2\/media\/25068"}],"wp:attachment":[{"href":"https:\/\/jhcakes.com\/shop\/wp-json\/wp\/v2\/media?parent=23042"}],"curies":[{"name":"wp","href":"https:\/\/api.w.org\/{rel}","templated":true}]}}