{"id":22554,"date":"2021-06-29T17:03:19","date_gmt":"2021-06-29T15:03:19","guid":{"rendered":"https:\/\/jhcakes.com\/shop\/?post_type=product&#038;p=22554"},"modified":"2023-01-23T15:01:15","modified_gmt":"2023-01-23T14:01:15","slug":"bevont-szelu-ezust-kerek-tortaalatet-30-cm","status":"publish","type":"product","link":"https:\/\/jhcakes.com\/shop\/termek\/bevont-szelu-ezust-kerek-tortaalatet-30-cm\/","title":{"rendered":"Bevont sz\u00e9l\u0171 kerek tortaal\u00e1t\u00e9t 30 cm"},"content":{"rendered":"<h3>J\u00f3 min\u0151s\u00e9g\u0171, sz\u00e9p kivitel\u0171, teherb\u00edr\u00f3,<strong><span style=\"color: #ec008c;\">\u00a0ez\u00fcst sz\u00edn\u0171 kerek tortaal\u00e1t\u00e9t, 1,8 mm vastags\u00e1gban<\/span><span style=\"color: #ec008c;\">.<\/span><\/strong><\/h3>\n<p>&nbsp;<\/p>\n<h3><strong>Tortaal\u00e1t\u00e9t oldala:<\/strong><\/h3>\n<ul>\n<li>\n<h3>ez\u00fcst pap\u00edrral bevont<\/h3>\n<\/li>\n<\/ul>\n<h3><strong>Kiszerel\u00e9s:<\/strong><\/h3>\n<ul>\n<li>\n<h3>1 db<\/h3>\n<\/li>\n<\/ul>\n<h3><strong>Alapanyag:<\/strong><\/h3>\n<ul>\n<li>\n<h3>pr\u00e9selt karton<\/h3>\n<\/li>\n<\/ul>\n<div id=\"themify_builder_content-22554\" data-postid=\"22554\" class=\"themify_builder_content themify_builder_content-22554 themify_builder\">\n    <\/div>\n<!-- \/themify_builder_content -->","protected":false},"excerpt":{"rendered":"<h3><strong>Tortaal\u00e1t\u00e9t m\u00e9rete:<\/strong><\/h3>\n<ul>\n<li>\n<h3>\u00e1tm\u00e9r\u0151: \u00a0 \u00a0 \u00a0 \u00a0 \u00a0 \u00a0 \u00a0 \u00a0 300 mm<\/h3>\n<\/li>\n<li>\n<h3>vastags\u00e1g: \u00a0 \u00a0 \u00a0 \u00a0 \u00a0 \u00a0 \u00a01,8 mm<\/h3>\n<\/li>\n<\/ul>\n","protected":false},"featured_media":22558,"comment_status":"closed","ping_status":"closed","template":"","meta":[],"builder_content":"","_links":{"self":[{"href":"https:\/\/jhcakes.com\/shop\/wp-json\/wp\/v2\/product\/22554"}],"collection":[{"href":"https:\/\/jhcakes.com\/shop\/wp-json\/wp\/v2\/product"}],"about":[{"href":"https:\/\/jhcakes.com\/shop\/wp-json\/wp\/v2\/types\/product"}],"replies":[{"embeddable":true,"href":"https:\/\/jhcakes.com\/shop\/wp-json\/wp\/v2\/comments?post=22554"}],"wp:featuredmedia":[{"embeddable":true,"href":"https:\/\/jhcakes.com\/shop\/wp-json\/wp\/v2\/media\/22558"}],"wp:attachment":[{"href":"https:\/\/jhcakes.com\/shop\/wp-json\/wp\/v2\/media?parent=22554"}],"curies":[{"name":"wp","href":"https:\/\/api.w.org\/{rel}","templated":true}]}}