{"id":22472,"date":"2021-06-20T11:22:24","date_gmt":"2021-06-20T09:22:24","guid":{"rendered":"https:\/\/jhcakes.com\/shop\/?post_type=product&#038;p=22472"},"modified":"2025-09-01T21:51:49","modified_gmt":"2025-09-01T19:51:49","slug":"szerelem-cukorrudmix","status":"publish","type":"product","link":"https:\/\/jhcakes.com\/shop\/termek\/szerelem-cukorrudmix\/","title":{"rendered":"Szerelem cukorr\u00fadmix"},"content":{"rendered":"<h3>K\u00fcl\u00f6nleges, nagyon sz\u00e9p \u00f6sszet\u00e9tel\u0171\u00a0<strong><span style=\"color: #ec008c;\">szerelem cukorr\u00fadmix\u00a0<\/span><\/strong>formabont\u00f3, egyedi s\u00fctem\u00e9nyek, cupcake-ek, m\u00e9zesek, tort\u00e1k d\u00edsz\u00edt\u00e9s\u00e9re.<\/h3>\n<p>&nbsp;<\/p>\n<h3><strong>\u00d6sszetev\u0151k:<\/strong><\/h3>\n<ul>\n<li>\n<h3>cukor, b\u00fazaliszt, b\u00fazadara, f\u00e9nyez\u0151anyagok: E901, E903, E904, stabiliz\u00e1torok: E414, E464, E460(i), emulge\u00e1l\u00f3szer: E472a &#8211; nyomokban tartalmazhat sz\u00f3j\u00e1t, tejet \u00e9s f\u00e1n term\u0151 magokat<\/h3>\n<\/li>\n<li>\n<h3>sz\u00ednez\u00e9kek: E100, E120, E171<\/h3>\n<\/li>\n<\/ul>\n<h3><strong>T\u00e1rol\u00e1si javaslat:<\/strong><\/h3>\n<ul>\n<li>\n<h3>alacsony p\u00e1ratartalommal rendelkez\u0151, sz\u00e1raz, h\u0171v\u00f6s helyen t\u00e1roland\u00f3<\/h3>\n<\/li>\n<\/ul>\n<h3><strong>Lej\u00e1rati id\u0151:<\/strong><\/h3>\n<ul>\n<li>\n<h3>2027. janu\u00e1r 31.<\/h3>\n<\/li>\n<\/ul>\n<h3><strong>Nett\u00f3 s\u00faly:<\/strong><\/h3>\n<ul>\n<li>\n<h3>kb. 25 gramm<\/h3>\n<\/li>\n<\/ul>\n<div id=\"themify_builder_content-22472\" data-postid=\"22472\" class=\"themify_builder_content themify_builder_content-22472 themify_builder\">\n    <\/div>\n<!-- \/themify_builder_content -->","protected":false},"excerpt":{"rendered":"<h3><strong>Cukorrudak m\u00e9rete:<\/strong><\/h3>\n<ul>\n<li>\n<h3>hossz\u00fas\u00e1g: \u00a0\u00a0 20 mm<\/h3>\n<\/li>\n<li>\n<h3>\u00e1tm\u00e9r\u0151: \u00a0 \u00a0 \u00a0 \u00a0 \u00a0 \u00a04 mm<\/h3>\n<\/li>\n<\/ul>\n","protected":false},"featured_media":22462,"comment_status":"open","ping_status":"closed","template":"","meta":[],"builder_content":"","_links":{"self":[{"href":"https:\/\/jhcakes.com\/shop\/wp-json\/wp\/v2\/product\/22472"}],"collection":[{"href":"https:\/\/jhcakes.com\/shop\/wp-json\/wp\/v2\/product"}],"about":[{"href":"https:\/\/jhcakes.com\/shop\/wp-json\/wp\/v2\/types\/product"}],"replies":[{"embeddable":true,"href":"https:\/\/jhcakes.com\/shop\/wp-json\/wp\/v2\/comments?post=22472"}],"wp:featuredmedia":[{"embeddable":true,"href":"https:\/\/jhcakes.com\/shop\/wp-json\/wp\/v2\/media\/22462"}],"wp:attachment":[{"href":"https:\/\/jhcakes.com\/shop\/wp-json\/wp\/v2\/media?parent=22472"}],"curies":[{"name":"wp","href":"https:\/\/api.w.org\/{rel}","templated":true}]}}