{"id":22342,"date":"2021-06-11T20:32:19","date_gmt":"2021-06-11T18:32:19","guid":{"rendered":"https:\/\/jhcakes.com\/shop\/?post_type=product&#038;p=22342"},"modified":"2021-06-11T20:55:21","modified_gmt":"2021-06-11T18:55:21","slug":"damaszt-stencilszett","status":"publish","type":"product","link":"https:\/\/jhcakes.com\/shop\/termek\/damaszt-stencilszett\/","title":{"rendered":"Damaszt stencilszett"},"content":{"rendered":"<h3><strong><span style=\"color: #ec008c;\">Damaszt stencilszett\u00a0<\/span><\/strong><span style=\"color: #878787;\">tort\u00e1k, m\u00e9zesek dekor\u00e1l\u00e1s\u00e1ra. A szett 3 darab k\u00fcl\u00f6nb\u00f6z\u0151 m\u00e9ret\u0171, de azonos mint\u00e1j\u00fa damaszt mot\u00edvumb\u00f3l \u00e1ll.<\/span><\/h3>\n<h3>A stencilszett az <strong>eredeti,<\/strong> amerikai Designer Stencils v\u00e1llalat \u00e1ltal tervezett \u00e9s gy\u00e1rtott term\u00e9k.<\/h3>\n<p>&nbsp;<\/p>\n<h3><\/h3>\n<h3><span style=\"color: #1ba6b4;\"><strong>TIPP:<\/strong><\/span><br \/>\nA stencilszett haszn\u00e1lata kb 6, 7, \u00e9s 8 cm \u00e1tm\u00e9r\u0151j\u0171 m\u00e9zeseket ig\u00e9nyel. Ehhez aj\u00e1nljuk k\u00f6r alak\u00fa kisz\u00far\u00f3inkat, melyek <span style=\"color: #ffcc00;\"><a style=\"color: #1ba6b4;\" href=\"https:\/\/jhcakes.com\/shop\/termekkategoria\/mezes-kiszurok\/egyszeru-kiszurok\/\" target=\"_blank\" rel=\"noopener noreferrer\"><strong>ITT<\/strong><\/a><\/span>\u00a0tal\u00e1lhat\u00f3ak.<\/h3>\n<p>&nbsp;<\/p>\n<h3><span style=\"color: #878787;\"><strong>Milyen eszk\u00f6z\u00f6ket \u00e9s alapanyagokat aj\u00e1nlunk a stencilek haszn\u00e1lat\u00e1hoz?<\/strong><\/span><\/h3>\n<ul>\n<li>\n<h3><span style=\"color: #878787;\">glaz\u00fart\u00a0vagy vajkr\u00e9met\u00a0<span style=\"color: #1ba6b5;\"><strong><a style=\"color: #1ba6b5;\" href=\"https:\/\/jhcakes.com\/shop\/termek\/keno-lap-stencilek-hasznalatahoz\/\" target=\"_blank\" rel=\"noopener noreferrer\">ken\u0151lappal<\/a><\/strong><\/span>\u00a0illetve\u00a0<span style=\"color: #1ba6b5;\"><strong><a style=\"color: #1ba6b5;\" href=\"https:\/\/jhcakes.com\/shop\/termek\/hajlitott-kenokes-20-cm\/\" target=\"_blank\" rel=\"noopener noreferrer\">ken\u0151k\u00e9ssel<\/a><\/strong><\/span>\u00a0vihet\u00fcnk fel<\/span><\/h3>\n<\/li>\n<li>\n<h3><span style=\"color: #878787;\"><span style=\"color: #1ba6b5;\"><span style=\"color: #878787;\">airbrush-sal, <\/span><\/span><strong><span style=\"color: #1ba6b4;\"><span style=\"color: #00ff00;\"><a style=\"color: #1ba6b4;\" href=\"https:\/\/jhcakes.com\/shop\/termekkategoria\/festekek-ecsetek\/etelfestektollak-ecsetek\/\" target=\"_blank\" rel=\"noopener noreferrer\">\u00e9telfest\u00e9kecsetekkel<\/a><\/span>, <span style=\"color: #0000ff;\"><a style=\"color: #1ba6b4;\" href=\"https:\/\/jhcakes.com\/shop\/termekkategoria\/festekek-ecsetek\/folyekony-etelfestekek\/\" target=\"_blank\" rel=\"noopener noreferrer\">foly\u00e9kony \u00e9telfest\u00e9kekkel, <\/a><\/span><\/span><\/strong>\u00a0<a href=\"https:\/\/jhcakes.com\/shop\/termekkategoria\/festekek-ecsetek\/sziromporok-luszterporok\/eheto-luszterporok\/\" target=\"_blank\" rel=\"noopener noreferrer\"><span style=\"color: #1ba6b5;\"><strong>porfest\u00e9kekkel<\/strong><\/span><\/a>\u00a0festhet\u00fcnk, sz\u00ednezhet\u00fcnk<\/span><\/h3>\n<\/li>\n<li>\n<h3><span style=\"color: #878787;\">felsz\u00f3r\u00e1shoz kaka\u00f3port \u00e9s egy\u00e9b <strong><a href=\"https:\/\/jhcakes.com\/shop\/termekkategoria\/eheto-dekoraciok\/szorocukrok-cukorgyongyok\/\" target=\"_blank\" rel=\"noopener noreferrer\"><span style=\"color: #1ba6b5;\">sz\u00f3rhat\u00f3,<\/span><\/a><\/strong> \u00e9tkez\u00e9sre alkalmas d\u00edsz\u00edt\u0151anyagokat haszn\u00e1lhatunk<\/span><\/h3>\n<\/li>\n<\/ul>\n<h3><span style=\"color: #878787;\"><strong>Alapanyag:<\/strong><\/span><\/h3>\n<ul>\n<li>\n<h3><span style=\"color: #878787;\">10 mil vastags\u00e1g\u00fa, \u00e9telk\u00e9sz\u00edt\u00e9sre enged\u00e9lyezett, hajl\u00e9kony m\u0171anyag lap<\/span><\/h3>\n<\/li>\n<\/ul>\n<h3 id=\"tab-description\"><span style=\"color: #878787;\"><strong>Kezel\u00e9si \u00fatmutat\u00f3:<\/strong><\/span><\/h3>\n<ul>\n<li>\n<h3><span style=\"color: #878787;\">k\u00e9zzel moshat\u00f3, leveg\u0151n sz\u00e1r\u00edtand\u00f3<\/span><\/h3>\n<\/li>\n<\/ul>\n<h3 id=\"tab-description\"><span style=\"color: #878787;\"><strong>Gy\u00e1rt\u00f3:<\/strong><\/span><\/h3>\n<ul>\n<li>\n<h3><span style=\"color: #878787;\">Designer Stencils &#8211; USA<\/span><\/h3>\n<\/li>\n<\/ul>\n<div id=\"themify_builder_content-22342\" data-postid=\"22342\" class=\"themify_builder_content themify_builder_content-22342 themify_builder\">\n    <\/div>\n<!-- \/themify_builder_content -->","protected":false},"excerpt":{"rendered":"<h3><strong>Stencil mint\u00e1k m\u00e9rete:<\/strong><\/h3>\n<ul>\n<li>\n<h3>legkisebb: \u00a0 \u00a0 \u00a0 \u00a0 \u00a0 sz: 50 mm x m: 51 mm<\/h3>\n<\/li>\n<li>\n<h3>k\u00f6zepes: \u00a0 \u00a0 \u00a0 \u00a0 \u00a0 \u00a0 \u00a0sz: 61 mm x m: 64 mm<\/h3>\n<\/li>\n<li>\n<h3>legnagyobb: \u00a0 \u00a0 \u00a0 sz: 73 mm x m: 76 mm<\/h3>\n<\/li>\n<\/ul>\n","protected":false},"featured_media":22344,"comment_status":"open","ping_status":"closed","template":"","meta":[],"builder_content":"","_links":{"self":[{"href":"https:\/\/jhcakes.com\/shop\/wp-json\/wp\/v2\/product\/22342"}],"collection":[{"href":"https:\/\/jhcakes.com\/shop\/wp-json\/wp\/v2\/product"}],"about":[{"href":"https:\/\/jhcakes.com\/shop\/wp-json\/wp\/v2\/types\/product"}],"replies":[{"embeddable":true,"href":"https:\/\/jhcakes.com\/shop\/wp-json\/wp\/v2\/comments?post=22342"}],"wp:featuredmedia":[{"embeddable":true,"href":"https:\/\/jhcakes.com\/shop\/wp-json\/wp\/v2\/media\/22344"}],"wp:attachment":[{"href":"https:\/\/jhcakes.com\/shop\/wp-json\/wp\/v2\/media?parent=22342"}],"curies":[{"name":"wp","href":"https:\/\/api.w.org\/{rel}","templated":true}]}}