{"id":22310,"date":"2021-06-11T13:56:16","date_gmt":"2021-06-11T11:56:16","guid":{"rendered":"https:\/\/jhcakes.com\/shop\/?post_type=product&#038;p=22310"},"modified":"2022-12-11T17:06:52","modified_gmt":"2022-12-11T16:06:52","slug":"diszes-szivek-stencilszett","status":"publish","type":"product","link":"https:\/\/jhcakes.com\/shop\/termek\/diszes-szivek-stencilszett\/","title":{"rendered":"D\u00edszes sz\u00edvek stencilszett"},"content":{"rendered":"<h3>2 darabos <span style=\"color: #878787;\"><span style=\"color: #ec008c;\"><strong>d\u00edszes sz\u00edvek stencilszett<\/strong><\/span><\/span><span style=\"color: #878787;\"><span style=\"color: #ec008c;\"><strong>\u00a0<\/strong><\/span><\/span>esk\u00fcv\u0151re, valentin-napra.<\/h3>\n<h3>A stencilszett az <strong>eredeti,<\/strong> amerikai Designer Stencils v\u00e1llalat \u00e1ltal tervezett \u00e9s gy\u00e1rtott term\u00e9k.<\/h3>\n<p>&nbsp;<\/p>\n<h3><span style=\"color: #1ba6b4;\"><strong>TIPP:<\/strong><br \/>\n<\/span>A stencilek haszn\u00e1lata legal\u00e1bb 10 cm \u00e1tm\u00e9r\u0151j\u0171 m\u00e9zeseket ig\u00e9nyel. Aj\u00e1nljuk\u00a0<span style=\"color: #ff9900;\"><strong><a style=\"color: #1ba6b4;\" href=\"https:\/\/jhcakes.com\/shop\/termek\/nagy-piros-sziv-keksz-kiszuro\/\" target=\"_blank\" rel=\"noopener noreferrer\">piros sz\u00edv <\/a><\/strong><\/span>\u00e9s <strong><span style=\"color: #ff9900;\"><a style=\"color: #1ba6b4;\" href=\"https:\/\/jhcakes.com\/shop\/termek\/rozsaszin-sziv-kiszuro-100-mm\/\" target=\"_blank\" rel=\"noopener noreferrer\">r\u00f3zsasz\u00edn sz\u00edv kisz\u00far\u00f3inkat,\u00a0<\/a><\/span><\/strong>melyek\u00a0t\u00f6k\u00e9letes m\u00e9ret\u0171 m\u00e9zesalapot k\u00e9sz\u00edtenek a stencilek haszn\u00e1lat\u00e1hoz.<\/h3>\n<h3><\/h3>\n<p>&nbsp;<\/p>\n<h3><span style=\"color: #878787;\"><strong>Milyen eszk\u00f6z\u00f6ket \u00e9s alapanyagokat aj\u00e1nlunk a stencilek haszn\u00e1lat\u00e1hoz?<\/strong><\/span><\/h3>\n<ul>\n<li>\n<h3><span style=\"color: #878787;\">glaz\u00fart\u00a0vagy vajkr\u00e9met\u00a0<span style=\"color: #1ba6b5;\"><strong><a style=\"color: #1ba6b5;\" href=\"https:\/\/jhcakes.com\/shop\/termek\/keno-lap-stencilek-hasznalatahoz\/\" target=\"_blank\" rel=\"noopener noreferrer\">ken\u0151lappal<\/a><\/strong><\/span>\u00a0illetve\u00a0<span style=\"color: #1ba6b5;\"><strong><a style=\"color: #1ba6b5;\" href=\"https:\/\/jhcakes.com\/shop\/termekkategoria\/suto-keno-eszkozok\/\" target=\"_blank\" rel=\"noopener noreferrer\">ken\u0151k\u00e9ssel<\/a><\/strong><\/span>\u00a0vihet\u00fcnk fel<\/span><\/h3>\n<\/li>\n<li>\n<h3><span style=\"color: #878787;\"><span style=\"color: #878787;\">airbrush-sal, <\/span><strong><span style=\"color: #1ba6b4;\"><span style=\"color: #00ff00;\"><a style=\"color: #1ba6b4;\" href=\"https:\/\/jhcakes.com\/shop\/termekkategoria\/festekek-ecsetek\/etelfestektollak-ecsetek\/\" target=\"_blank\" rel=\"noopener noreferrer\">\u00e9telfest\u00e9kecsetekkel<\/a><\/span>, <span style=\"color: #0000ff;\"><a style=\"color: #1ba6b4;\" href=\"https:\/\/jhcakes.com\/shop\/termekkategoria\/festekek-ecsetek\/folyekony-etelfestekek\/\" target=\"_blank\" rel=\"noopener noreferrer\">foly\u00e9kony \u00e9telfest\u00e9kekkel, <\/a><\/span><\/span><\/strong>\u00a0<a href=\"https:\/\/jhcakes.com\/shop\/termekkategoria\/festekek-ecsetek\/sziromporok-luszterporok\/eheto-luszterporok\/\" target=\"_blank\" rel=\"noopener noreferrer\"><span style=\"color: #1ba6b5;\"><strong>porfest\u00e9kekkel<\/strong><\/span><\/a>\u00a0festhet\u00fcnk, sz\u00ednezhet\u00fcnk<\/span><\/h3>\n<\/li>\n<li>\n<h3><span style=\"color: #878787;\">felsz\u00f3r\u00e1shoz kaka\u00f3port \u00e9s egy\u00e9b <strong><a href=\"https:\/\/jhcakes.com\/shop\/termekkategoria\/eheto-dekoraciok\/szorocukrok-cukorgyongyok\/\" target=\"_blank\" rel=\"noopener noreferrer\"><span style=\"color: #1ba6b5;\">sz\u00f3rhat\u00f3,<\/span><\/a><\/strong> \u00e9tkez\u00e9sre alkalmas d\u00edsz\u00edt\u0151anyagokat haszn\u00e1lhatunk<\/span><\/h3>\n<\/li>\n<\/ul>\n<h3><span style=\"color: #878787;\"><strong>Alapanyag:<\/strong><\/span><\/h3>\n<ul>\n<li>\n<h3><span style=\"color: #878787;\">10 mil vastags\u00e1g\u00fa, \u00e9telk\u00e9sz\u00edt\u00e9sre enged\u00e9lyezett, hajl\u00e9kony m\u0171anyag lap<\/span><\/h3>\n<\/li>\n<\/ul>\n<h3 id=\"tab-description\"><span style=\"color: #878787;\"><strong>Kezel\u00e9si \u00fatmutat\u00f3:<\/strong><\/span><\/h3>\n<ul>\n<li>\n<h3><span style=\"color: #878787;\">k\u00e9zzel moshat\u00f3, leveg\u0151n sz\u00e1r\u00edtand\u00f3<\/span><\/h3>\n<\/li>\n<\/ul>\n<h3 id=\"tab-description\"><span style=\"color: #878787;\"><strong>Gy\u00e1rt\u00f3:<\/strong><\/span><\/h3>\n<ul>\n<li>\n<h3><span style=\"color: #878787;\">Designer Stencils &#8211; USA<\/span><\/h3>\n<\/li>\n<\/ul>\n<div id=\"themify_builder_content-22310\" data-postid=\"22310\" class=\"themify_builder_content themify_builder_content-22310 themify_builder\">\n    <\/div>\n<!-- \/themify_builder_content -->","protected":false},"excerpt":{"rendered":"<h3><strong>Stencil mint\u00e1k \u00e1tm\u00e9r\u0151je:<\/strong><\/h3>\n<ul>\n<li>\n<h3>kb. 95 mm<\/h3>\n<\/li>\n<\/ul>\n","protected":false},"featured_media":11468,"comment_status":"open","ping_status":"closed","template":"","meta":[],"builder_content":"","_links":{"self":[{"href":"https:\/\/jhcakes.com\/shop\/wp-json\/wp\/v2\/product\/22310"}],"collection":[{"href":"https:\/\/jhcakes.com\/shop\/wp-json\/wp\/v2\/product"}],"about":[{"href":"https:\/\/jhcakes.com\/shop\/wp-json\/wp\/v2\/types\/product"}],"replies":[{"embeddable":true,"href":"https:\/\/jhcakes.com\/shop\/wp-json\/wp\/v2\/comments?post=22310"}],"wp:featuredmedia":[{"embeddable":true,"href":"https:\/\/jhcakes.com\/shop\/wp-json\/wp\/v2\/media\/11468"}],"wp:attachment":[{"href":"https:\/\/jhcakes.com\/shop\/wp-json\/wp\/v2\/media?parent=22310"}],"curies":[{"name":"wp","href":"https:\/\/api.w.org\/{rel}","templated":true}]}}