{"id":22285,"date":"2021-06-10T19:12:03","date_gmt":"2021-06-10T17:12:03","guid":{"rendered":"https:\/\/jhcakes.com\/shop\/?post_type=product&#038;p=22285"},"modified":"2022-09-07T19:42:16","modified_gmt":"2022-09-07T17:42:16","slug":"margareta-mezes-stencil-2","status":"publish","type":"product","link":"https:\/\/jhcakes.com\/shop\/termek\/margareta-mezes-stencil-2\/","title":{"rendered":"Margar\u00e9ta m\u00e9zes stencil"},"content":{"rendered":"<h3 style=\"text-align: justify;\"><span style=\"color: #878787;\"><span style=\"color: #ec008c;\"><strong>Margar\u00e9ta stencil<\/strong><\/span><\/span><span style=\"color: #878787;\"><span style=\"color: #ec008c;\"><strong>\u00a0<\/strong><\/span>a mindennapokra:).\u00a0<\/span><span style=\"color: #878787;\">A stencilt haszn\u00e1lhatjuk tort\u00e1k \u00e9s m\u00e9zesek dekor\u00e1l\u00e1s\u00e1ra egyar\u00e1nt.<\/span><\/h3>\n<p>&nbsp;<\/p>\n<h3><strong><span style=\"color: #1ba6b4;\">TIPP:<\/span><\/strong><\/h3>\n<h3 style=\"text-align: justify;\"><span style=\"color: #878787;\">Amennyiben m\u00e9zest szeretn\u00e9nk dekor\u00e1lni, minimum 60 mm \u00e1tm\u00e9r\u0151j\u0171 alapot kell v\u00e1lasztanunk.\u00a0<\/span><span style=\"color: #ec008c;\"><strong>kerek<\/strong>,<\/span>\u00a0<strong><span style=\"color: #ec008c;\">n\u00e9gyzet<\/span><\/strong> \u00e9s <strong><span style=\"color: #ec008c;\">ov\u00e1lis<\/span><\/strong>\u00a0m\u00e9zes kisz\u00far\u00f3ink <strong><span style=\"color: #1ba6b5;\"><a style=\"color: #1ba6b5;\" href=\"https:\/\/jhcakes.com\/shop\/termekkategoria\/kiszurok\/keksz-kiszurok\/egyszeru-kiszurok\/\" target=\"_blank\" rel=\"noopener noreferrer\">ITT<\/a><\/span><\/strong> tal\u00e1lhat\u00f3k.<\/h3>\n<p>&nbsp;<\/p>\n<h3><strong>Milyen eszk\u00f6z\u00f6ket \u00e9s alapanyagokat aj\u00e1nlunk stencilek haszn\u00e1lat\u00e1hoz?<\/strong><\/h3>\n<ul>\n<li>\n<h3>glaz\u00fart\u00a0vagy vajkr\u00e9met\u00a0<span style=\"color: #1ba6b5;\"><strong><a style=\"color: #1ba6b5;\" href=\"https:\/\/jhcakes.com\/shop\/termek\/keno-lap-stencilek-hasznalatahoz\/\" target=\"_blank\" rel=\"noopener noreferrer\">ken\u0151lappal<\/a><\/strong><\/span>\u00a0illetve\u00a0<span style=\"color: #1ba6b5;\"><strong><a style=\"color: #1ba6b5;\" href=\"https:\/\/jhcakes.com\/shop\/termek\/spatula\/\" target=\"_blank\" rel=\"noopener noreferrer\">spatul\u00e1val<\/a><\/strong><\/span>\u00a0felkenve<\/h3>\n<\/li>\n<li>\n<h3><strong><span style=\"color: #1ba6b5;\"><span style=\"color: #ffcc00;\"><span style=\"color: #33cccc;\"><a style=\"color: #1ba6b4;\" href=\"https:\/\/jhcakes.com\/shop\/termekkategoria\/festekek-ecsetek\/etelfestektollak-ecsetek\/\" target=\"_blank\" rel=\"noopener noreferrer\">\u00e9telfest\u00e9kecseteket<\/a><\/span><a style=\"color: #1ba6b4;\" href=\"https:\/\/jhcakes.com\/shop\/termekkategoria\/festekek-ecsetek\/etelfestek-ecsetek-tollak\/\" target=\"_blank\" rel=\"noopener noreferrer\">,<\/a>\u00a0<a style=\"color: #1ba6b4;\" href=\"https:\/\/jhcakes.com\/shop\/termekkategoria\/festekek-ecsetek\/folyekony-etelfestekek\/\" target=\"_blank\" rel=\"noopener noreferrer\">foly\u00e9kony \u00e9telfest\u00e9keket,<\/a>\u00a0<\/span><\/span><\/strong><a href=\"https:\/\/jhcakes.com\/shop\/termekkategoria\/festekek-ecsetek\/sziromporok-luszterporok\/\" target=\"_blank\" rel=\"noopener noreferrer\"><span style=\"color: #1ba6b4;\"><strong>porfest\u00e9keket<\/strong><\/span><\/a>\u00a0fest\u00e9shez<\/h3>\n<\/li>\n<li>\n<h3>kaka\u00f3port,<strong><span style=\"color: #1ba6b5;\">\u00a0<a style=\"color: #1ba6b5;\" href=\"https:\/\/jhcakes.com\/shop\/termekkategoria\/eheto-dekoraciok\/cukorgyongyok\/1-2-mm-szorocukrok\/\" target=\"_blank\" rel=\"noopener noreferrer\">sz\u00f3r\u00f3cukrokat<\/a><\/span>\u00a0<\/strong>\u00e9s egy\u00e9b sz\u00f3rhat\u00f3,\u00a0<strong><span style=\"color: #1ba6b5;\"><a style=\"color: #1ba6b5;\" href=\"https:\/\/jhcakes.com\/shop\/termekkategoria\/eheto-dekoraciok\/\" target=\"_blank\" rel=\"noopener noreferrer\">\u00e9tkez\u00e9sre alkalmas d\u00edsz\u00edt\u0151anyagokat<\/a>,<\/span><\/strong>\u00a0felsz\u00f3r\u00e1shoz<\/h3>\n<\/li>\n<\/ul>\n<h3><strong>Alapanyag:<\/strong><\/h3>\n<ul>\n<li>\n<h3>10 mil vastags\u00e1g\u00fa, \u00e9telk\u00e9sz\u00edt\u00e9sre enged\u00e9lyezett, hajl\u00e9kony m\u0171anyag lap<\/h3>\n<\/li>\n<\/ul>\n<h3 id=\"tab-description\"><strong>Kezel\u00e9si \u00fatmutat\u00f3:<\/strong><\/h3>\n<ul>\n<li>\n<h3>k\u00e9zzel moshat\u00f3, leveg\u0151n sz\u00e1r\u00edtand\u00f3<\/h3>\n<\/li>\n<\/ul>\n<h3><strong>Gy\u00e1rt\u00f3:<\/strong><\/h3>\n<ul>\n<li>\n<h3>Squires Kitchen &#8211; Anglia<\/h3>\n<\/li>\n<\/ul>\n<div id=\"themify_builder_content-22285\" data-postid=\"22285\" class=\"themify_builder_content themify_builder_content-22285 themify_builder\">\n    <\/div>\n<!-- \/themify_builder_content -->","protected":false},"excerpt":{"rendered":"<h3><strong>Stencilminta \u00e1tm\u00e9r\u0151je:<\/strong><\/h3>\n<ul>\n<li>\n<h3>58 mm<\/h3>\n<\/li>\n<\/ul>\n","protected":false},"featured_media":6735,"comment_status":"open","ping_status":"closed","template":"","meta":[],"builder_content":"","_links":{"self":[{"href":"https:\/\/jhcakes.com\/shop\/wp-json\/wp\/v2\/product\/22285"}],"collection":[{"href":"https:\/\/jhcakes.com\/shop\/wp-json\/wp\/v2\/product"}],"about":[{"href":"https:\/\/jhcakes.com\/shop\/wp-json\/wp\/v2\/types\/product"}],"replies":[{"embeddable":true,"href":"https:\/\/jhcakes.com\/shop\/wp-json\/wp\/v2\/comments?post=22285"}],"wp:featuredmedia":[{"embeddable":true,"href":"https:\/\/jhcakes.com\/shop\/wp-json\/wp\/v2\/media\/6735"}],"wp:attachment":[{"href":"https:\/\/jhcakes.com\/shop\/wp-json\/wp\/v2\/media?parent=22285"}],"curies":[{"name":"wp","href":"https:\/\/api.w.org\/{rel}","templated":true}]}}