{"id":22274,"date":"2021-06-10T17:51:27","date_gmt":"2021-06-10T15:51:27","guid":{"rendered":"https:\/\/jhcakes.com\/shop\/?post_type=product&#038;p=22274"},"modified":"2021-06-12T10:23:56","modified_gmt":"2021-06-12T08:23:56","slug":"csupa-virag-stencillap-2","status":"publish","type":"product","link":"https:\/\/jhcakes.com\/shop\/termek\/csupa-virag-stencillap-2\/","title":{"rendered":"Csupa vir\u00e1g stencillap"},"content":{"rendered":"<h3>D\u00edsz\u00edtsetek tort\u00e1t, m\u00e9zest, desszertet\u00a0<span style=\"color: #878787;\"><span style=\"color: #ec008c;\"><strong>csupa vir\u00e1g stencillappal.<\/strong><\/span><\/span><span style=\"color: #878787;\">\u00a0<\/span><\/h3>\n<p>&nbsp;<\/p>\n<h3><strong style=\"color: #7a7a7a;\">Hogyan haszn\u00e1ljuk a stencillapokat text\u00far\u00e1z\u00e1sra?<\/strong><\/h3>\n<ul>\n<li>\n<h3><strong><span style=\"color: #1ba6b5;\"><a style=\"color: #1ba6b5;\" href=\"https:\/\/jhcakes.com\/shop\/termek\/muanyag-nyujtofa-23-cm\/\" target=\"_blank\" rel=\"noopener\">fondant ny\u00fajt\u00f3val<\/a><\/span><\/strong> egyenletesen sim\u00edtsuk a stencil lapot fondantba, marcip\u00e1nba<\/h3>\n<\/li>\n<li>\n<h3>VAGY &#8211; ny\u00fajt\u00e1s n\u00e9lk\u00fcl helyezz\u00fck a stencillapot fondantra, marcip\u00e1nra<\/h3>\n<\/li>\n<li>\n<h3>a lapok felemel\u00e9se n\u00e9lk\u00fcl fess\u00fck \u00e1t a kit\u00fcremkedett massz\u00e1t<\/h3>\n<\/li>\n<li>\n<h3>a projectnek megfelel\u0151 keksz kisz\u00far\u00f3val sz\u00farjuk ki a megfelel\u0151 form\u00e1t<\/h3>\n<\/li>\n<li>\n<h3>aplik\u00e1ljuk az \u00edgy kid\u00edsz\u00edtett massz\u00e1t cupcake-ek, m\u00e9zesek, kekszek tetej\u00e9re<\/h3>\n<\/li>\n<\/ul>\n<h3><a href=\"https:\/\/jhcakes.com\/shop\/wp-content\/uploads\/2015\/08\/Stencil-Lapok-Hasznalata-Festo-Ecsettel.jpg\"><img loading=\"lazy\" class=\"aligncenter size-full wp-image-5622\" src=\"https:\/\/jhcakes.com\/shop\/wp-content\/uploads\/2015\/08\/Stencil-Lapok-Hasznalata-Festo-Ecsettel.jpg\" alt=\"Stencil Lapok Haszn\u00e1lata Fest\u0151 Ecsettel\" width=\"440\" height=\"500\" srcset=\"https:\/\/jhcakes.com\/shop\/wp-content\/uploads\/2015\/08\/Stencil-Lapok-Hasznalata-Festo-Ecsettel.jpg 440w, https:\/\/jhcakes.com\/shop\/wp-content\/uploads\/2015\/08\/Stencil-Lapok-Hasznalata-Festo-Ecsettel-300x341.jpg 300w, https:\/\/jhcakes.com\/shop\/wp-content\/uploads\/2015\/08\/Stencil-Lapok-Hasznalata-Festo-Ecsettel-264x300.jpg 264w\" sizes=\"(max-width: 440px) 100vw, 440px\" \/><\/a><\/h3>\n<h3><\/h3>\n<h3>Term\u00e9szetesen a stencillapokat nem csak text\u00far\u00e1z\u00e1shoz, hanem mintak\u00e9sz\u00edt\u00e9sre is haszn\u00e1lhatjuk, ak\u00e1r airbrush-sal is:).<\/h3>\n<p>&nbsp;<\/p>\n<h3><strong>Milyen fest\u00e9ket haszn\u00e1ljunk a d\u00edsz\u00edt\u00e9shez?<\/strong><\/h3>\n<ul>\n<li>\n<h3><strong><a href=\"https:\/\/jhcakes.com\/shop\/termekkategoria\/festekek-ecsetek\/sziromporok-luszterporok\/\" target=\"_blank\" rel=\"noopener\"><span style=\"color: #1ba6b5;\"><span style=\"caret-color: #1ba6b5;\">szirom- \u00e9s l\u00fcszterport<\/span><\/span><\/a><\/strong><\/h3>\n<\/li>\n<li>\n<h3><strong><span style=\"color: #1ba6b4;\"><a style=\"color: #1ba6b4;\" href=\"https:\/\/jhcakes.com\/shop\/termekkategoria\/festekek-ecsetek\/folyekony-etelfestekek\/\" target=\"_blank\" rel=\"noopener\">foly\u00e9kony \u00e9telfest\u00e9keket<\/a> <\/span><\/strong><\/h3>\n<\/li>\n<li>\n<h3>airbrush-t<\/h3>\n<\/li>\n<\/ul>\n<h3><strong>Haszn\u00e1lhat\u00f3k-e a stencillapok glaz\u00farral?<\/strong><\/h3>\n<ul>\n<li>\n<h3 style=\"text-align: justify;\">igen, haszn\u00e1lhatjuk \u0151ket glaz\u00faroz\u00e1shoz is, de csak kem\u00e9ny glaz\u00farral<\/h3>\n<\/li>\n<\/ul>\n<h3><strong>Alapanyag:<\/strong><\/h3>\n<ul>\n<li>\n<h3><span style=\"color: #878787;\">\u00e9telk\u00e9sz\u00edt\u00e9sre enged\u00e9lyezett, hajl\u00e9kony m\u0171anyag lap<\/span><\/h3>\n<\/li>\n<\/ul>\n<h3 id=\"tab-description\"><strong>Kezel\u00e9si \u00fatmutat\u00f3:<\/strong><\/h3>\n<ul>\n<li>\n<h3>k\u00e9zzel moshat\u00f3, leveg\u0151n sz\u00e1r\u00edtand\u00f3<\/h3>\n<\/li>\n<\/ul>\n<h3><strong>Gy\u00e1rt\u00f3:<\/strong><\/h3>\n<ul>\n<li>\n<h3>Cake Crafting &#8211; Anglia<\/h3>\n<\/li>\n<\/ul>\n<div id=\"themify_builder_content-22274\" data-postid=\"22274\" class=\"themify_builder_content themify_builder_content-22274 themify_builder\">\n    <\/div>\n<!-- \/themify_builder_content -->","protected":false},"excerpt":{"rendered":"<h3><strong>Stencillap m\u00e9rete:<\/strong><\/h3>\n<ul>\n<li>\n<h3>sz\u00e9less\u00e9g: \u00a0 \u00a0 \u00a0 \u00a0105 mm<\/h3>\n<\/li>\n<li>\n<h3>magass\u00e1g: \u00a0 \u00a0 \u00a0148 mm<\/h3>\n<\/li>\n<\/ul>\n","protected":false},"featured_media":10902,"comment_status":"open","ping_status":"closed","template":"","meta":[],"builder_content":"","_links":{"self":[{"href":"https:\/\/jhcakes.com\/shop\/wp-json\/wp\/v2\/product\/22274"}],"collection":[{"href":"https:\/\/jhcakes.com\/shop\/wp-json\/wp\/v2\/product"}],"about":[{"href":"https:\/\/jhcakes.com\/shop\/wp-json\/wp\/v2\/types\/product"}],"replies":[{"embeddable":true,"href":"https:\/\/jhcakes.com\/shop\/wp-json\/wp\/v2\/comments?post=22274"}],"wp:featuredmedia":[{"embeddable":true,"href":"https:\/\/jhcakes.com\/shop\/wp-json\/wp\/v2\/media\/10902"}],"wp:attachment":[{"href":"https:\/\/jhcakes.com\/shop\/wp-json\/wp\/v2\/media?parent=22274"}],"curies":[{"name":"wp","href":"https:\/\/api.w.org\/{rel}","templated":true}]}}