{"id":22257,"date":"2021-06-08T22:35:09","date_gmt":"2021-06-08T20:35:09","guid":{"rendered":"https:\/\/jhcakes.com\/shop\/?post_type=product&#038;p=22257"},"modified":"2021-08-27T15:44:37","modified_gmt":"2021-08-27T13:44:37","slug":"piros-gyertyaszett","status":"publish","type":"product","link":"https:\/\/jhcakes.com\/shop\/termek\/piros-gyertyaszett\/","title":{"rendered":"Sz\u00e9p piros gyertyaszett"},"content":{"rendered":"<h3>Nagyon sz\u00e9p, hossz\u00fa, <strong><span style=\"color: #ec008c;\">piros 12 darabos gyertyaszett\u00a0<\/span><\/strong><span style=\"color: #878787;\">tort\u00e1kra, muffinokra vagy dekor\u00e1ci\u00f3k\u00e9nt. J\u00f3 min\u0151s\u00e9g, nagyon sz\u00e9p kivitel. A gyertyaszett \u00e1tl\u00e1tsz\u00f3 m\u0171anyag dobozban \u00e9rkezik.<\/span><\/h3>\n<p><span style=\"color: #878787;\">\u00a0<\/span><\/p>\n<h3><span style=\"color: #878787;\"><strong>Kiszerel\u00e9s:<\/strong><\/span><\/h3>\n<ul>\n<li>\n<h3>12 darab per doboz<\/h3>\n<\/li>\n<\/ul>\n<h3><strong>Design:<\/strong><\/h3>\n<ul>\n<li>\n<h3>TAG &#8211; USA<\/h3>\n<\/li>\n<\/ul>\n<div id=\"themify_builder_content-22257\" data-postid=\"22257\" class=\"themify_builder_content themify_builder_content-22257 themify_builder\">\n    <\/div>\n<!-- \/themify_builder_content -->","protected":false},"excerpt":{"rendered":"<h3><strong>Gyerty\u00e1k m\u00e9rete:<\/strong><\/h3>\n<ul>\n<li>\n<h3>hossz\u00fas\u00e1g: \u00a0 \u00a0 \u00a0 \u00a0150 mm<\/h3>\n<\/li>\n<li>\n<h3>\u00e1tm\u00e9r\u0151: \u00a0 \u00a0 \u00a0 \u00a0 \u00a0 \u00a0 \u00a0 \u00a0 \u00a06 mm<\/h3>\n<\/li>\n<\/ul>\n","protected":false},"featured_media":22248,"comment_status":"open","ping_status":"closed","template":"","meta":[],"builder_content":"","_links":{"self":[{"href":"https:\/\/jhcakes.com\/shop\/wp-json\/wp\/v2\/product\/22257"}],"collection":[{"href":"https:\/\/jhcakes.com\/shop\/wp-json\/wp\/v2\/product"}],"about":[{"href":"https:\/\/jhcakes.com\/shop\/wp-json\/wp\/v2\/types\/product"}],"replies":[{"embeddable":true,"href":"https:\/\/jhcakes.com\/shop\/wp-json\/wp\/v2\/comments?post=22257"}],"wp:featuredmedia":[{"embeddable":true,"href":"https:\/\/jhcakes.com\/shop\/wp-json\/wp\/v2\/media\/22248"}],"wp:attachment":[{"href":"https:\/\/jhcakes.com\/shop\/wp-json\/wp\/v2\/media?parent=22257"}],"curies":[{"name":"wp","href":"https:\/\/api.w.org\/{rel}","templated":true}]}}