{"id":22216,"date":"2021-06-03T16:37:01","date_gmt":"2021-06-03T14:37:01","guid":{"rendered":"https:\/\/jhcakes.com\/shop\/?post_type=product&#038;p=22216"},"modified":"2025-09-01T22:06:41","modified_gmt":"2025-09-01T20:06:41","slug":"csini-baba-konfettimix","status":"publish","type":"product","link":"https:\/\/jhcakes.com\/shop\/termek\/csini-baba-konfettimix\/","title":{"rendered":"Csinibaba konfettimix"},"content":{"rendered":"<h3><strong><span style=\"color: #ec008c;\">Csinibaba konfettimix &#8211; <\/span><\/strong>sokf\u00e9le ehet\u0151 dekor\u00e1ci\u00f3s cukorka egy csomagban. A konfettimixet cukorb\u00f3l k\u00e9sz\u00fclt nagyobb konfetti sz\u00edvek \u00e9s vir\u00e1gok, mim\u00f3z\u00e1k, k\u00fcl\u00f6nb\u00f6z\u0151 m\u00e9ret\u0171 cukorgy\u00f6ngy\u00f6k, sz\u00f3r\u00f3cukork\u00e1k \u00e9s cukorrudak alkotj\u00e1k, a sziv\u00e1rv\u00e1ny minden sz\u00edn\u00e9ben. Kiv\u00e1l\u00f3 v\u00e1laszt\u00e1s csajos tort\u00e1k, kupactort\u00e1k \u00e9s m\u00e9zesek d\u00edsz\u00edt\u00e9s\u00e9re.<\/h3>\n<h3><\/h3>\n<p>&nbsp;<\/p>\n<h3><strong>\u00d6sszetev\u0151k:<\/strong><\/h3>\n<ul>\n<li>\n<h3>cukor, b\u00faza- \u00e9s kukoricakem\u00e9ny\u00edt\u0151, dextr\u00f3z, rizsliszt, b\u00fazadara, gl\u00fck\u00f3zszirup, repce- \u00e9s k\u00f3kuszolaj, hidrog\u00e9nezett repceolaj, s\u0171r\u00edt\u0151anyagok: E413, E414, p\u00f3rs\u00e1fr\u00e1ny-, szpirulina-, c\u00e9kla-,\u00a0alma-, f\u00f6ldiszeder-, retek-koncentr\u00e1tum, invert\u00e1lt cukorszirup, f\u00e9nyez\u0151anyagok: E901, E903, E904, marhazselatin, maltodextrin, van\u00edlia, s\u00f3, savszab\u00e1lyz\u00f3: E330, kukorica \u00e1rpa, \u00edzes\u00edt\u0151 &#8211;\u00a0nyomokban tartalmazhat f\u00f6ldimogyor\u00f3t, sz\u00f3j\u00e1t, tejet \u00e9s f\u00e1n term\u0151 magokat<\/h3>\n<\/li>\n<li>\n<h3>sz\u00ednez\u00e9kek: E100, E120, E131, E133, E174<\/h3>\n<\/li>\n<\/ul>\n<h3><strong>T\u00e1rol\u00e1si javaslat:<\/strong><\/h3>\n<ul>\n<li>\n<h3>alacsony p\u00e1ratartalommal rendelkez\u0151, sz\u00e1raz, h\u0171v\u00f6s helyen t\u00e1roland\u00f3<\/h3>\n<\/li>\n<\/ul>\n<h3><strong>Lej\u00e1rati id\u0151:<\/strong><\/h3>\n<ul>\n<li>\n<h3>2027. j\u00falius 31.<\/h3>\n<\/li>\n<\/ul>\n<h3><strong>Nett\u00f3 s\u00faly:<\/strong><\/h3>\n<ul>\n<li>\n<h3>45 gramm<\/h3>\n<\/li>\n<\/ul>\n<div id=\"themify_builder_content-22216\" data-postid=\"22216\" class=\"themify_builder_content themify_builder_content-22216 themify_builder\">\n    <\/div>\n<!-- \/themify_builder_content -->","protected":false},"excerpt":{"rendered":"<p>Csinibaba konfettimix &#8211; sokf\u00e9le ehet\u0151 dekor\u00e1ci\u00f3s cukorka egy csomagban. A konfettimixet cukorb\u00f3l k\u00e9sz\u00fclt nagyobb konfetti sz\u00edvek \u00e9s vir\u00e1gok, mim\u00f3z\u00e1k, k\u00fcl\u00f6nb\u00f6z\u0151 m\u00e9ret\u0171 cukorgy\u00f6ngy\u00f6k, sz\u00f3r\u00f3cukork\u00e1k \u00e9s cukorrudak alkotj\u00e1k, a sziv\u00e1rv\u00e1ny minden sz\u00edn\u00e9ben. Kiv\u00e1l\u00f3 v\u00e1laszt\u00e1s csajos tort\u00e1k, kupactort\u00e1k \u00e9s m\u00e9zesek d\u00edsz\u00edt\u00e9s\u00e9re. &nbsp; \u00d6sszetev\u0151k: cukor, b\u00faza- \u00e9s kukoricakem\u00e9ny\u00edt\u0151, dextr\u00f3z, rizsliszt, b\u00fazadara, gl\u00fck\u00f3zszirup, repce- \u00e9s k\u00f3kuszolaj, hidrog\u00e9nezett repceolaj, s\u0171r\u00edt\u0151anyagok: E413, [&hellip;]<\/p>\n","protected":false},"featured_media":22198,"comment_status":"open","ping_status":"closed","template":"","meta":[],"builder_content":"","_links":{"self":[{"href":"https:\/\/jhcakes.com\/shop\/wp-json\/wp\/v2\/product\/22216"}],"collection":[{"href":"https:\/\/jhcakes.com\/shop\/wp-json\/wp\/v2\/product"}],"about":[{"href":"https:\/\/jhcakes.com\/shop\/wp-json\/wp\/v2\/types\/product"}],"replies":[{"embeddable":true,"href":"https:\/\/jhcakes.com\/shop\/wp-json\/wp\/v2\/comments?post=22216"}],"wp:featuredmedia":[{"embeddable":true,"href":"https:\/\/jhcakes.com\/shop\/wp-json\/wp\/v2\/media\/22198"}],"wp:attachment":[{"href":"https:\/\/jhcakes.com\/shop\/wp-json\/wp\/v2\/media?parent=22216"}],"curies":[{"name":"wp","href":"https:\/\/api.w.org\/{rel}","templated":true}]}}