{"id":22167,"date":"2021-06-02T10:15:44","date_gmt":"2021-06-02T08:15:44","guid":{"rendered":"https:\/\/jhcakes.com\/shop\/?post_type=product&#038;p=22167"},"modified":"2024-12-04T11:15:26","modified_gmt":"2024-12-04T10:15:26","slug":"kemenyes-mesehaziko-kiszuro","status":"publish","type":"product","link":"https:\/\/jhcakes.com\/shop\/termek\/kemenyes-mesehaziko-kiszuro\/","title":{"rendered":"K\u00e9m\u00e9nyes meseh\u00e1zik\u00f3 kisz\u00far\u00f3"},"content":{"rendered":"<h3>Nagyon cuki, <strong><span style=\"color: #878787;\"><span style=\"color: #ec008c;\">k\u00e9m\u00e9nyes meseh\u00e1zik\u00f3 kisz\u00far\u00f3\u00a0<\/span><\/span><\/strong>m\u00e9cses d\u00edszek k\u00e9sz\u00edt\u00e9s\u00e9re, kar\u00e1csonyf\u00e1k dekor\u00e1l\u00e1s\u00e1ra.<\/h3>\n<h3><\/h3>\n<p>&nbsp;<\/p>\n<h3 style=\"text-align: justify;\"><strong><span style=\"color: #878787;\">Mihez aj\u00e1nljuk a kisz\u00far\u00f3t?<\/span><\/strong><\/h3>\n<ul>\n<li>\n<h3><span style=\"color: #878787;\">m\u00e9zes \u00e9s egy\u00e9b t\u00e9sztaf\u00e9l\u00e9khez<\/span><\/h3>\n<\/li>\n<li>\n<h3><span style=\"color: #878787;\">fondant, cukormassza \u00e9s marcip\u00e1n form\u00e1k kisz\u00far\u00e1s\u00e1hoz<\/span><\/h3>\n<\/li>\n<\/ul>\n<h3><strong>Alapanyag:<\/strong><\/h3>\n<ul>\n<li>\n<h3><span style=\"color: #878787;\">rozsdamentes ac\u00e9l, haszn\u00e1latkor formatart\u00f3 marad<\/span><\/h3>\n<\/li>\n<\/ul>\n<h3><strong><span style=\"color: #7a7a7a;\">Kezel\u00e9si \u00fatmutat\u00f3:<\/span><\/strong><\/h3>\n<ul>\n<li>\n<h3><span style=\"color: #878787;\">k\u00e9zzel moshat\u00f3, leveg\u0151n sz\u00e1r\u00edtand\u00f3<\/span><\/h3>\n<\/li>\n<\/ul>\n<div id=\"themify_builder_content-22167\" data-postid=\"22167\" class=\"themify_builder_content themify_builder_content-22167 themify_builder\">\n    <\/div>\n<!-- \/themify_builder_content -->","protected":false},"excerpt":{"rendered":"<h3><strong>Kisz\u00far\u00f3 m\u00e9rete:<\/strong><\/h3>\n<ul>\n<li>\n<h3>sz\u00e9less\u00e9g: \u00a0 \u00a0 \u00a050 mm<\/h3>\n<\/li>\n<li>\n<h3>magass\u00e1g: \u00a0 \u00a050 mm<\/h3>\n<\/li>\n<\/ul>\n","protected":false},"featured_media":21861,"comment_status":"open","ping_status":"closed","template":"","meta":[],"builder_content":"","_links":{"self":[{"href":"https:\/\/jhcakes.com\/shop\/wp-json\/wp\/v2\/product\/22167"}],"collection":[{"href":"https:\/\/jhcakes.com\/shop\/wp-json\/wp\/v2\/product"}],"about":[{"href":"https:\/\/jhcakes.com\/shop\/wp-json\/wp\/v2\/types\/product"}],"replies":[{"embeddable":true,"href":"https:\/\/jhcakes.com\/shop\/wp-json\/wp\/v2\/comments?post=22167"}],"wp:featuredmedia":[{"embeddable":true,"href":"https:\/\/jhcakes.com\/shop\/wp-json\/wp\/v2\/media\/21861"}],"wp:attachment":[{"href":"https:\/\/jhcakes.com\/shop\/wp-json\/wp\/v2\/media?parent=22167"}],"curies":[{"name":"wp","href":"https:\/\/api.w.org\/{rel}","templated":true}]}}