{"id":22163,"date":"2021-06-01T16:38:16","date_gmt":"2021-06-01T14:38:16","guid":{"rendered":"https:\/\/jhcakes.com\/shop\/?post_type=product&#038;p=22163"},"modified":"2025-11-17T16:22:47","modified_gmt":"2025-11-17T15:22:47","slug":"metalezust-4-mm-cukorgyongy","status":"publish","type":"product","link":"https:\/\/jhcakes.com\/shop\/termek\/metalezust-4-mm-cukorgyongy\/","title":{"rendered":"Met\u00e1lez\u00fcst 4 mm cukorgy\u00f6ngy"},"content":{"rendered":"<h3>Nagyon sz\u00e9p, \u00e9l\u00e9nken csillog\u00f3, <strong><span style=\"color: #ec008c;\">ez\u00fcst cukorgy\u00f6ngy<\/span><\/strong>\u00a0apr\u00f3s\u00fctik, cupcake-ek, m\u00e9zesek, tort\u00e1k d\u00edsz\u00edt\u00e9s\u00e9re.<\/h3>\n<p>&nbsp;<\/p>\n<h3><strong>\u00d6sszetev\u0151k:<\/strong><\/h3>\n<ul>\n<li>\n<h3>cukor, b\u00faza- \u00e9s kukoricakem\u00e9ny\u00edt\u0151, gl\u00fck\u00f3zszirup, marhazselatin &#8211; nyomokban tartalmazhat glut\u00e9nt, f\u00f6ldimogyor\u00f3t \u00e9s sz\u00f3j\u00e1t<\/h3>\n<\/li>\n<li>\n<h3>sz\u00ednez\u00e9k: E174<\/h3>\n<\/li>\n<\/ul>\n<h3><strong>T\u00e1rol\u00e1si javaslat:<\/strong><\/h3>\n<ul>\n<li>\n<h3>alacsony p\u00e1ratartalommal rendelkez\u0151, sz\u00e1raz, h\u0171v\u00f6s helyen t\u00e1roland\u00f3<\/h3>\n<\/li>\n<\/ul>\n<h3><strong>Lej\u00e1rati id\u0151:<\/strong><\/h3>\n<ul>\n<li>\n<h3>2027. janu\u00e1r 30.<\/h3>\n<\/li>\n<\/ul>\n<h3><strong>Nett\u00f3 s\u00faly:<\/strong><\/h3>\n<ul>\n<li>\n<h3>50 gramm<\/h3>\n<\/li>\n<\/ul>\n<div id=\"themify_builder_content-22163\" data-postid=\"22163\" class=\"themify_builder_content themify_builder_content-22163 themify_builder\">\n    <\/div>\n<!-- \/themify_builder_content -->","protected":false},"excerpt":{"rendered":"<h3><strong>Cukorszemek m\u00e9rete:<\/strong><\/h3>\n<ul>\n<li>\n<h3>kb 4 mm<\/h3>\n<\/li>\n<\/ul>\n","protected":false},"featured_media":13687,"comment_status":"open","ping_status":"closed","template":"","meta":[],"builder_content":"","_links":{"self":[{"href":"https:\/\/jhcakes.com\/shop\/wp-json\/wp\/v2\/product\/22163"}],"collection":[{"href":"https:\/\/jhcakes.com\/shop\/wp-json\/wp\/v2\/product"}],"about":[{"href":"https:\/\/jhcakes.com\/shop\/wp-json\/wp\/v2\/types\/product"}],"replies":[{"embeddable":true,"href":"https:\/\/jhcakes.com\/shop\/wp-json\/wp\/v2\/comments?post=22163"}],"wp:featuredmedia":[{"embeddable":true,"href":"https:\/\/jhcakes.com\/shop\/wp-json\/wp\/v2\/media\/13687"}],"wp:attachment":[{"href":"https:\/\/jhcakes.com\/shop\/wp-json\/wp\/v2\/media?parent=22163"}],"curies":[{"name":"wp","href":"https:\/\/api.w.org\/{rel}","templated":true}]}}