{"id":22126,"date":"2021-05-27T11:51:26","date_gmt":"2021-05-27T09:51:26","guid":{"rendered":"https:\/\/jhcakes.com\/shop\/?post_type=product&#038;p=22126"},"modified":"2022-03-22T18:42:43","modified_gmt":"2022-03-22T17:42:43","slug":"barokk-tollak-formazoszett","status":"publish","type":"product","link":"https:\/\/jhcakes.com\/shop\/termek\/barokk-tollak-formazoszett\/","title":{"rendered":"Barokk tollak form\u00e1z\u00f3szett"},"content":{"rendered":"<h3>Nagyon sz\u00e9p r\u00e9szletekkel ell\u00e1tott<strong><span style=\"color: #ec008c;\">\u00a0jobbos \u00e9s balos barokk tollak szilikon form\u00e1z\u00f3szett<\/span><\/strong>\u00a0tort\u00e1k, muffinok, m\u00e9zesek dekor\u00e1l\u00e1s\u00e1ra, csokol\u00e1d\u00e9k k\u00e9sz\u00edt\u00e9s\u00e9re.<\/h3>\n<p>&nbsp;<\/p>\n<h3><strong>Milyen alapanyagot haszn\u00e1lhatunk a szilikon form\u00e1z\u00f3hoz?<\/strong><\/h3>\n<ul>\n<li>\n<h3>fondantot<\/h3>\n<\/li>\n<li>\n<h3>cukormassz\u00e1t<\/h3>\n<\/li>\n<li>\n<h3>marcip\u00e1nt<\/h3>\n<\/li>\n<li>\n<h3>modellez\u0151 csokol\u00e1d\u00e9t<\/h3>\n<\/li>\n<li>\n<h3>felolvasztott csokol\u00e1d\u00e9t<\/h3>\n<\/li>\n<\/ul>\n<h3><strong>Kezel\u00e9si \u00fatmutat\u00f3:<\/strong><\/h3>\n<ul>\n<li>\n<h3>k\u00e9zzel moshat\u00f3, leveg\u0151n sz\u00e1r\u00edtand\u00f3<\/h3>\n<\/li>\n<\/ul>\n<h3><strong>Sz\u00e1rmaz\u00e1si hely:<\/strong><\/h3>\n<ul>\n<li>\n<h3>USA<\/h3>\n<\/li>\n<\/ul>\n<div id=\"themify_builder_content-22126\" data-postid=\"22126\" class=\"themify_builder_content themify_builder_content-22126 themify_builder\">\n    <\/div>\n<!-- \/themify_builder_content -->","protected":false},"excerpt":{"rendered":"<h3><strong>Egy darab minta m\u00e9rete:<\/strong><\/h3>\n<ul>\n<li>\n<h3>sz\u00e9less\u00e9g: \u00a0 \u00a0 \u00a0 \u00a0 \u00a032 mm<\/h3>\n<\/li>\n<li>\n<h3>hossz\u00fas\u00e1g: \u00a0 \u00a0 \u00a0 \u00a050 mm<\/h3>\n<\/li>\n<\/ul>\n","protected":false},"featured_media":22118,"comment_status":"open","ping_status":"closed","template":"","meta":[],"builder_content":"","_links":{"self":[{"href":"https:\/\/jhcakes.com\/shop\/wp-json\/wp\/v2\/product\/22126"}],"collection":[{"href":"https:\/\/jhcakes.com\/shop\/wp-json\/wp\/v2\/product"}],"about":[{"href":"https:\/\/jhcakes.com\/shop\/wp-json\/wp\/v2\/types\/product"}],"replies":[{"embeddable":true,"href":"https:\/\/jhcakes.com\/shop\/wp-json\/wp\/v2\/comments?post=22126"}],"wp:featuredmedia":[{"embeddable":true,"href":"https:\/\/jhcakes.com\/shop\/wp-json\/wp\/v2\/media\/22118"}],"wp:attachment":[{"href":"https:\/\/jhcakes.com\/shop\/wp-json\/wp\/v2\/media?parent=22126"}],"curies":[{"name":"wp","href":"https:\/\/api.w.org\/{rel}","templated":true}]}}