{"id":22109,"date":"2021-05-27T11:30:03","date_gmt":"2021-05-27T09:30:03","guid":{"rendered":"https:\/\/jhcakes.com\/shop\/?post_type=product&#038;p=22109"},"modified":"2026-04-05T17:56:23","modified_gmt":"2026-04-05T15:56:23","slug":"pillango-liliom-bokron-formazo","status":"publish","type":"product","link":"https:\/\/jhcakes.com\/shop\/termek\/pillango-liliom-bokron-formazo\/","title":{"rendered":"Pillang\u00f3 liliom bokron form\u00e1z\u00f3"},"content":{"rendered":"<h3><span style=\"color: #333333;\">Nagyon sz\u00e9p r\u00e9szletekkel ell\u00e1tott<\/span> <strong><span style=\"color: #ec008c;\">pillang\u00f3 liliom bokron k\u00e1mea szilikon form\u00e1z\u00f3<\/span><\/strong> <span style=\"color: #333333;\">tort\u00e1k, muffinok, m\u00e9zeskal\u00e1csok dekor\u00e1l\u00e1s\u00e1ra. Az elk\u00e9sz\u00fclt term\u00e9k t\u00f6k\u00e9letesen illeszkedik az<\/span> <span style=\"color: #1ba6b4;\"><strong><a style=\"color: #1ba4b4;\" href=\"https:\/\/jhcakes.com\/shop\/termekkategoria\/erezok-formazok\/szilikon-formazok\/kepkeret-szilikon-formazok\/\">OV\u00c1LIS K\u00c9PKERETEKKEL<\/a><\/strong><\/span> <span style=\"color: #333333;\">k\u00e9sz\u00fclt k\u00e9pkeretbe.\u00a0Ez egy <strong>eredeti<\/strong>, amerik\u00e1ban k\u00e9sz\u00fclt szilikon form\u00e1z\u00f3.<\/span><\/h3>\n<p>&nbsp;<\/p>\n<h3><span style=\"color: #333333;\"><strong>Milyen alapanyagot haszn\u00e1lhatunk a szilikon form\u00e1z\u00f3hoz?<\/strong><\/span><\/h3>\n<ul>\n<li>\n<h3><span style=\"color: #333333;\">fondantot<\/span><\/h3>\n<\/li>\n<li>\n<h3><span style=\"color: #333333;\">cukormassz\u00e1t<\/span><\/h3>\n<\/li>\n<li>\n<h3><span style=\"color: #333333;\">marcip\u00e1nt<\/span><\/h3>\n<\/li>\n<li>\n<h3><span style=\"color: #333333;\">modellez\u0151 csokol\u00e1d\u00e9t<\/span><\/h3>\n<\/li>\n<li>\n<h3><span style=\"color: #333333;\">felolvasztott csokol\u00e1d\u00e9t<\/span><\/h3>\n<\/li>\n<\/ul>\n<h3><span style=\"color: #333333;\"><strong>Kiszerel\u00e9s:<\/strong><\/span><\/h3>\n<ul>\n<li>\n<h3><span style=\"color: #333333;\">a szett 2 darab, 1 db negat\u00edv \u00e9s 1 db pozit\u00edv szilikonb\u00f3l \u00e1ll<\/span><\/h3>\n<\/li>\n<\/ul>\n<h3><span style=\"color: #333333;\"><strong>Alapanyag sz\u00edne \u00e9s min\u0151s\u00edt\u00e9se:<\/strong><\/span><\/h3>\n<ul>\n<li>\n<h3><span style=\"color: #333333;\">h\u00f3feh\u00e9r sz\u00edn\u0171, \u00e9telk\u00e9sz\u00edt\u00e9sre alkalmas szilikon term\u00e9k<\/span><\/h3>\n<\/li>\n<\/ul>\n<h3><span style=\"color: #333333;\"><strong>Kezel\u00e9si \u00fatmutat\u00f3:<\/strong><\/span><\/h3>\n<ul>\n<li>\n<h3><span style=\"color: #333333;\">k\u00e9zzel moshat\u00f3, leveg\u0151n sz\u00e1r\u00edtand\u00f3<\/span><\/h3>\n<\/li>\n<\/ul>\n<h3><span style=\"color: #333333;\"><strong>Sz\u00e1rmaz\u00e1si hely:<\/strong><\/span><\/h3>\n<ul>\n<li>\n<h3><span style=\"color: #333333;\">USA<\/span><\/h3>\n<\/li>\n<\/ul>\n<div id=\"themify_builder_content-22109\" data-postid=\"22109\" class=\"themify_builder_content themify_builder_content-22109 themify_builder\">\n    <\/div>\n<!-- \/themify_builder_content -->","protected":false},"excerpt":{"rendered":"<h3><span style=\"color: #333333;\"><strong>Minta m\u00e9rete:<\/strong><\/span><\/h3>\n<ul>\n<li>\n<h3><span style=\"color: #333333;\">sz\u00e9less\u00e9g: \u00a0 \u00a0 \u00a0 \u00a0 \u00a028 mm<\/span><\/h3>\n<\/li>\n<li>\n<h3><span style=\"color: #333333;\">magass\u00e1g: \u00a0 \u00a0 \u00a0 \u00a038 mm<\/span><\/h3>\n<\/li>\n<\/ul>\n","protected":false},"featured_media":22124,"comment_status":"open","ping_status":"closed","template":"","meta":[],"builder_content":"","_links":{"self":[{"href":"https:\/\/jhcakes.com\/shop\/wp-json\/wp\/v2\/product\/22109"}],"collection":[{"href":"https:\/\/jhcakes.com\/shop\/wp-json\/wp\/v2\/product"}],"about":[{"href":"https:\/\/jhcakes.com\/shop\/wp-json\/wp\/v2\/types\/product"}],"replies":[{"embeddable":true,"href":"https:\/\/jhcakes.com\/shop\/wp-json\/wp\/v2\/comments?post=22109"}],"wp:featuredmedia":[{"embeddable":true,"href":"https:\/\/jhcakes.com\/shop\/wp-json\/wp\/v2\/media\/22124"}],"wp:attachment":[{"href":"https:\/\/jhcakes.com\/shop\/wp-json\/wp\/v2\/media?parent=22109"}],"curies":[{"name":"wp","href":"https:\/\/api.w.org\/{rel}","templated":true}]}}