{"id":22075,"date":"2021-05-26T09:33:47","date_gmt":"2021-05-26T07:33:47","guid":{"rendered":"https:\/\/jhcakes.com\/shop\/?post_type=product&#038;p=22075"},"modified":"2026-04-05T15:38:30","modified_gmt":"2026-04-05T13:38:30","slug":"kamea-kepkeret-szilikon-formazo","status":"publish","type":"product","link":"https:\/\/jhcakes.com\/shop\/termek\/kamea-kepkeret-szilikon-formazo\/","title":{"rendered":"K\u00e1mea k\u00e9pkeret szilikon form\u00e1z\u00f3"},"content":{"rendered":"<h3><span style=\"color: #333333;\">Nagyon sz\u00e9p r\u00e9szletekkel ell\u00e1tott<\/span> <strong><span style=\"color: #ec008c;\">k\u00e1mea k\u00e9pkeret szilikon form\u00e1z\u00f3<\/span><\/strong>\u00a0<span style=\"color: #333333;\">tort\u00e1k, m\u00e9zeskal\u00e1csok dekor\u00e1l\u00e1s\u00e1ra. Az elk\u00e9sz\u00fclt keretbe t\u00f6k\u00e9letesen illeszkedik az \u00f6sszes<\/span> <span style=\"color: #003300;\"><strong><a style=\"color: #1ba6b4;\" href=\"https:\/\/jhcakes.com\/shop\/termekkategoria\/erezok-formazok\/szilikon-formazok\/kamea-szilikon-formazok\/\" target=\"_blank\" rel=\"noopener\">K\u00c1MEA<\/a><\/strong><\/span>\u00a0<span style=\"color: #333333;\">form\u00e1z\u00f3val k\u00e9sz\u00fclt minta.\u00a0Ez egy <strong>eredeti<\/strong>, amerik\u00e1ban k\u00e9sz\u00fclt szilikon form\u00e1z\u00f3.<\/span><\/h3>\n<p>&nbsp;<\/p>\n<h3><span style=\"color: #333333;\"><strong>Milyen alapanyagot haszn\u00e1lhatunk a szilikon form\u00e1z\u00f3hoz?<\/strong><\/span><\/h3>\n<ul>\n<li>\n<h3><span style=\"color: #333333;\">fondantot<\/span><\/h3>\n<\/li>\n<li>\n<h3><span style=\"color: #333333;\">cukormassz\u00e1t<\/span><\/h3>\n<\/li>\n<li>\n<h3><span style=\"color: #333333;\">marcip\u00e1nt<\/span><\/h3>\n<\/li>\n<li>\n<h3><span style=\"color: #333333;\">modellez\u0151 csokol\u00e1d\u00e9t<\/span><\/h3>\n<\/li>\n<li>\n<h3><span style=\"color: #333333;\">felolvasztott csokol\u00e1d\u00e9t<\/span><\/h3>\n<\/li>\n<\/ul>\n<h3><span style=\"color: #333333;\"><strong>Kezel\u00e9si \u00fatmutat\u00f3:<\/strong><\/span><\/h3>\n<ul>\n<li>\n<h3><span style=\"color: #333333;\">k\u00e9zzel moshat\u00f3, leveg\u0151n sz\u00e1r\u00edtand\u00f3<\/span><\/h3>\n<\/li>\n<\/ul>\n<h3><span style=\"color: #333333;\"><strong>Alapanyag sz\u00edne \u00e9s min\u0151s\u00edt\u00e9se:<\/strong><\/span><\/h3>\n<ul>\n<li>\n<h3><span style=\"color: #333333;\">feh\u00e9r sz\u00edn\u0171, \u00e9telk\u00e9sz\u00edt\u00e9sre alkalmas szilikon term\u00e9k<\/span><\/h3>\n<\/li>\n<\/ul>\n<h3><span style=\"color: #333333;\"><strong>Sz\u00e1rmaz\u00e1si hely:<\/strong><\/span><\/h3>\n<ul>\n<li>\n<h3><span style=\"color: #333333;\">USA<\/span><\/h3>\n<\/li>\n<\/ul>\n<div id=\"themify_builder_content-22075\" data-postid=\"22075\" class=\"themify_builder_content themify_builder_content-22075 themify_builder\">\n    <\/div>\n<!-- \/themify_builder_content -->","protected":false},"excerpt":{"rendered":"<h3><span style=\"color: #333333;\"><strong>Teljes minta m\u00e9rete:<\/strong><\/span><\/h3>\n<ul>\n<li>\n<h3><span style=\"color: #333333;\">sz\u00e9less\u00e9g: \u00a0 \u00a0 \u00a0 \u00a0 \u00a045 mm<\/span><\/h3>\n<\/li>\n<li>\n<h3><span style=\"color: #333333;\">magass\u00e1g: \u00a0 \u00a0 \u00a0 \u00a0 55 mm<\/span><\/h3>\n<\/li>\n<\/ul>\n<h3><span style=\"color: #333333;\"><strong>Bels\u0151 ov\u00e1lis m\u00e9ret:<\/strong><\/span><\/h3>\n<ul>\n<li>\n<h3><span style=\"color: #333333;\">sz\u00e9less\u00e9g: \u00a0 \u00a0 \u00a0 \u00a0 \u00a0 30 mm<\/span><\/h3>\n<\/li>\n<li>\n<h3><span style=\"color: #333333;\">magass\u00e1g: \u00a0 \u00a0 \u00a0 \u00a0 42 mm<\/span><\/h3>\n<\/li>\n<\/ul>\n","protected":false},"featured_media":22055,"comment_status":"open","ping_status":"closed","template":"","meta":[],"builder_content":"","_links":{"self":[{"href":"https:\/\/jhcakes.com\/shop\/wp-json\/wp\/v2\/product\/22075"}],"collection":[{"href":"https:\/\/jhcakes.com\/shop\/wp-json\/wp\/v2\/product"}],"about":[{"href":"https:\/\/jhcakes.com\/shop\/wp-json\/wp\/v2\/types\/product"}],"replies":[{"embeddable":true,"href":"https:\/\/jhcakes.com\/shop\/wp-json\/wp\/v2\/comments?post=22075"}],"wp:featuredmedia":[{"embeddable":true,"href":"https:\/\/jhcakes.com\/shop\/wp-json\/wp\/v2\/media\/22055"}],"wp:attachment":[{"href":"https:\/\/jhcakes.com\/shop\/wp-json\/wp\/v2\/media?parent=22075"}],"curies":[{"name":"wp","href":"https:\/\/api.w.org\/{rel}","templated":true}]}}