{"id":22045,"date":"2021-05-25T18:48:28","date_gmt":"2021-05-25T16:48:28","guid":{"rendered":"https:\/\/jhcakes.com\/shop\/?post_type=product&#038;p=22045"},"modified":"2022-03-22T18:47:12","modified_gmt":"2022-03-22T17:47:12","slug":"fleur-de-lis-szilikon-formazo-2","status":"publish","type":"product","link":"https:\/\/jhcakes.com\/shop\/termek\/fleur-de-lis-szilikon-formazo-2\/","title":{"rendered":"Fleur de lis szilikon form\u00e1z\u00f3"},"content":{"rendered":"<h3>Nagyon sz\u00e9p r\u00e9szletekkel ell\u00e1tott <strong><span style=\"color: #ec008c;\">fleur de lis szilikon form\u00e1z\u00f3<\/span><\/strong>\u00a0tort\u00e1k, muffinok, m\u00e9zeskal\u00e1csok dekor\u00e1l\u00e1s\u00e1ra.<\/h3>\n<h3><span style=\"color: #1ba6b4;\"><strong>TIPP:<br \/>\n<\/strong><\/span>Tort\u00e1k illetve nagyobb fel\u00fclet\u0171 desszerteken haszn\u00e1lhatjuk a form\u00e1t az adott m\u00e9retben. Kisebb desszertek, m\u00e9zesek d\u00edsz\u00edt\u00e9sekor v\u00e1gjuk mint\u00e1ira az elk\u00e9sz\u00edtett marcip\u00e1n vagy fondant nyomatot, \u00edgy egyszerre n\u00e9gy darab fleur de lis nyomat k\u00e9sz\u00edthet\u0151.<\/h3>\n<p>&nbsp;<\/p>\n<h3><strong>Milyen alapanyagot haszn\u00e1lhatunk a szilikon form\u00e1z\u00f3hoz?<\/strong><\/h3>\n<ul>\n<li>\n<h3>fondantot<\/h3>\n<\/li>\n<li>\n<h3>cukormassz\u00e1t<\/h3>\n<\/li>\n<li>\n<h3>marcip\u00e1nt<\/h3>\n<\/li>\n<li>\n<h3>modellez\u0151 csokol\u00e1d\u00e9t<\/h3>\n<\/li>\n<li>\n<h3>felolvasztott csokol\u00e1d\u00e9t<\/h3>\n<\/li>\n<\/ul>\n<h3><strong>Kezel\u00e9si \u00fatmutat\u00f3:<\/strong><\/h3>\n<ul>\n<li>\n<h3>k\u00e9zzel moshat\u00f3, leveg\u0151n sz\u00e1r\u00edtand\u00f3<\/h3>\n<\/li>\n<\/ul>\n<h3><strong>Sz\u00e1rmaz\u00e1si hely:\u00a0<\/strong><\/h3>\n<ul>\n<li>\n<h3>USA<\/h3>\n<\/li>\n<\/ul>\n<div id=\"themify_builder_content-22045\" data-postid=\"22045\" class=\"themify_builder_content themify_builder_content-22045 themify_builder\">\n    <\/div>\n<!-- \/themify_builder_content -->","protected":false},"excerpt":{"rendered":"<h3><strong>Minta m\u00e9rete:<\/strong><\/h3>\n<ul>\n<li>\n<h3>sz\u00e9less\u00e9g: \u00a0 \u00a0 \u00a0 \u00a0 \u00a076 mm<\/h3>\n<\/li>\n<li>\n<h3>magass\u00e1g: \u00a0 \u00a0 \u00a0 \u00a076 mm<\/h3>\n<\/li>\n<\/ul>\n","protected":false},"featured_media":22121,"comment_status":"open","ping_status":"closed","template":"","meta":[],"builder_content":"","_links":{"self":[{"href":"https:\/\/jhcakes.com\/shop\/wp-json\/wp\/v2\/product\/22045"}],"collection":[{"href":"https:\/\/jhcakes.com\/shop\/wp-json\/wp\/v2\/product"}],"about":[{"href":"https:\/\/jhcakes.com\/shop\/wp-json\/wp\/v2\/types\/product"}],"replies":[{"embeddable":true,"href":"https:\/\/jhcakes.com\/shop\/wp-json\/wp\/v2\/comments?post=22045"}],"wp:featuredmedia":[{"embeddable":true,"href":"https:\/\/jhcakes.com\/shop\/wp-json\/wp\/v2\/media\/22121"}],"wp:attachment":[{"href":"https:\/\/jhcakes.com\/shop\/wp-json\/wp\/v2\/media?parent=22045"}],"curies":[{"name":"wp","href":"https:\/\/api.w.org\/{rel}","templated":true}]}}