{"id":22031,"date":"2021-05-25T14:19:35","date_gmt":"2021-05-25T12:19:35","guid":{"rendered":"https:\/\/jhcakes.com\/shop\/?post_type=product&#038;p=22031"},"modified":"2022-03-22T18:48:20","modified_gmt":"2022-03-22T17:48:20","slug":"gyongyszemek-szilikon-formazo","status":"publish","type":"product","link":"https:\/\/jhcakes.com\/shop\/termek\/gyongyszemek-szilikon-formazo\/","title":{"rendered":"Gy\u00f6ngyszemek szilikon form\u00e1z\u00f3"},"content":{"rendered":"<h3>Nagyon mutat\u00f3s\u00a0<strong><span style=\"color: #ec008c;\">gy\u00f6ngyszemekb\u0151l \u00e1ll\u00f3 szilikon form\u00e1z\u00f3<\/span><\/strong>\u00a0tortaszeg\u00e9lyek \u00e9s egy\u00e9b ehet\u0151 dekor\u00e1ci\u00f3k k\u00e9sz\u00edt\u00e9s\u00e9hez.<\/h3>\n<p>&nbsp;<\/p>\n<h3><strong>Milyen alapanyagot haszn\u00e1lhatunk a szilikon form\u00e1z\u00f3hoz?<\/strong><\/h3>\n<ul>\n<li>\n<h3>fondantot<\/h3>\n<\/li>\n<li>\n<h3>cukormassz\u00e1t<\/h3>\n<\/li>\n<li>\n<h3>marcip\u00e1nt<\/h3>\n<\/li>\n<li>\n<h3>modellez\u0151 csokol\u00e1d\u00e9t<\/h3>\n<\/li>\n<li>\n<h3>felolvasztott csokol\u00e1d\u00e9t<\/h3>\n<\/li>\n<\/ul>\n<h3><strong>Kezel\u00e9si \u00fatmutat\u00f3:<\/strong><\/h3>\n<ul>\n<li>\n<h3>k\u00e9zzel moshat\u00f3, leveg\u0151n sz\u00e1r\u00edtand\u00f3<\/h3>\n<\/li>\n<\/ul>\n<h3><strong>Sz\u00e1rmaz\u00e1si hely:<\/strong><\/h3>\n<ul>\n<li>\n<h3>USA<\/h3>\n<\/li>\n<\/ul>\n<div id=\"themify_builder_content-22031\" data-postid=\"22031\" class=\"themify_builder_content themify_builder_content-22031 themify_builder\">\n    <\/div>\n<!-- \/themify_builder_content -->","protected":false},"excerpt":{"rendered":"<h3><strong>Minta m\u00e9rete:<\/strong><\/h3>\n<ul>\n<li>\n<h3>magass\u00e1g: \u00a0 \u00a0 \u00a0 \u00a0 \u00a0 35 mm<\/h3>\n<\/li>\n<li>\n<h3>hossz\u00fas\u00e1g: \u00a0 \u00a0 \u00a0 \u00a0220 mm<\/h3>\n<\/li>\n<\/ul>\n","protected":false},"featured_media":22146,"comment_status":"open","ping_status":"closed","template":"","meta":[],"builder_content":"","_links":{"self":[{"href":"https:\/\/jhcakes.com\/shop\/wp-json\/wp\/v2\/product\/22031"}],"collection":[{"href":"https:\/\/jhcakes.com\/shop\/wp-json\/wp\/v2\/product"}],"about":[{"href":"https:\/\/jhcakes.com\/shop\/wp-json\/wp\/v2\/types\/product"}],"replies":[{"embeddable":true,"href":"https:\/\/jhcakes.com\/shop\/wp-json\/wp\/v2\/comments?post=22031"}],"wp:featuredmedia":[{"embeddable":true,"href":"https:\/\/jhcakes.com\/shop\/wp-json\/wp\/v2\/media\/22146"}],"wp:attachment":[{"href":"https:\/\/jhcakes.com\/shop\/wp-json\/wp\/v2\/media?parent=22031"}],"curies":[{"name":"wp","href":"https:\/\/api.w.org\/{rel}","templated":true}]}}