{"id":21993,"date":"2021-05-23T11:23:00","date_gmt":"2021-05-23T09:23:00","guid":{"rendered":"https:\/\/jhcakes.com\/shop\/?post_type=product&#038;p=21993"},"modified":"2024-11-23T20:02:53","modified_gmt":"2024-11-23T19:02:53","slug":"kristalyos-csillamlo-hosszukas-bibek","status":"publish","type":"product","link":"https:\/\/jhcakes.com\/shop\/termek\/kristalyos-csillamlo-hosszukas-bibek\/","title":{"rendered":"Krist\u00e1lyos csill\u00e1ml\u00f3 hossz\u00fak\u00e1s bib\u00e9k"},"content":{"rendered":"<h3><strong><span style=\"color: #ec008c;\">Krist\u00e1lyosan csillog\u00f3,\u00a0<\/span><\/strong><strong><span style=\"color: #ec008c;\">hossz\u00fak\u00e1s bibefejek,<\/span> <\/strong>feh\u00e9r sz\u00e1lon, kis \u00e9s k\u00f6zepes m\u00e9ret\u0171 cukorvir\u00e1gok k\u00e9sz\u00edt\u00e9s\u00e9hez. A bibecsokor kisebb csokrokra szedhet\u0151.<\/h3>\n<h3><\/h3>\n<p>&nbsp;<\/p>\n<h3><strong>Kiszerel\u00e9s:<\/strong><\/h3>\n<ul>\n<li>\n<h3>20 db bibecsokor, 10 db bibefej per csokor<\/h3>\n<\/li>\n<\/ul>\n<h3><strong>Bibefejek<\/strong> <strong>sz\u00e1ma:<\/strong><\/h3>\n<ul>\n<li>\n<h3>200 fej<\/h3>\n<\/li>\n<\/ul>\n<h3><strong>Bibefejek hossza:<\/strong><\/h3>\n<ul>\n<li>\n<h3>7-8 mm<\/h3>\n<\/li>\n<\/ul>\n<h3><strong>Bibesz\u00e1lak hossza:<\/strong><\/h3>\n<ul>\n<li>\n<h3>65 mm<\/h3>\n<\/li>\n<\/ul>\n<h3><strong>Gy\u00e1rt\u00f3:<\/strong><\/h3>\n<ul>\n<li>\n<h3>K\u00edna<\/h3>\n<\/li>\n<\/ul>\n<div id=\"themify_builder_content-21993\" data-postid=\"21993\" class=\"themify_builder_content themify_builder_content-21993 themify_builder\">\n    <\/div>\n<!-- \/themify_builder_content -->","protected":false},"excerpt":{"rendered":"<p>Krist\u00e1lyosan csillog\u00f3,\u00a0hossz\u00fak\u00e1s bibefejek, feh\u00e9r sz\u00e1lon, kis \u00e9s k\u00f6zepes m\u00e9ret\u0171 cukorvir\u00e1gok k\u00e9sz\u00edt\u00e9s\u00e9hez. A bibecsokor kisebb csokrokra szedhet\u0151. &nbsp; Kiszerel\u00e9s: 20 db bibecsokor, 10 db bibefej per csokor Bibefejek sz\u00e1ma: 200 fej Bibefejek hossza: 7-8 mm Bibesz\u00e1lak hossza: 65 mm Gy\u00e1rt\u00f3: K\u00edna<\/p>\n","protected":false},"featured_media":21994,"comment_status":"open","ping_status":"closed","template":"","meta":[],"builder_content":"","_links":{"self":[{"href":"https:\/\/jhcakes.com\/shop\/wp-json\/wp\/v2\/product\/21993"}],"collection":[{"href":"https:\/\/jhcakes.com\/shop\/wp-json\/wp\/v2\/product"}],"about":[{"href":"https:\/\/jhcakes.com\/shop\/wp-json\/wp\/v2\/types\/product"}],"replies":[{"embeddable":true,"href":"https:\/\/jhcakes.com\/shop\/wp-json\/wp\/v2\/comments?post=21993"}],"wp:featuredmedia":[{"embeddable":true,"href":"https:\/\/jhcakes.com\/shop\/wp-json\/wp\/v2\/media\/21994"}],"wp:attachment":[{"href":"https:\/\/jhcakes.com\/shop\/wp-json\/wp\/v2\/media?parent=21993"}],"curies":[{"name":"wp","href":"https:\/\/api.w.org\/{rel}","templated":true}]}}