{"id":21992,"date":"2021-05-23T11:13:09","date_gmt":"2021-05-23T09:13:09","guid":{"rendered":"https:\/\/jhcakes.com\/shop\/?post_type=product&#038;p=21992"},"modified":"2025-06-03T19:24:56","modified_gmt":"2025-06-03T17:24:56","slug":"barna-sarga-szinu-hosszukas-bibek","status":"publish","type":"product","link":"https:\/\/jhcakes.com\/shop\/termek\/barna-sarga-szinu-hosszukas-bibek\/","title":{"rendered":"Barna-s\u00e1rga sz\u00edn\u0171 hossz\u00fak\u00e1s bib\u00e9k"},"content":{"rendered":"<h3><strong><span style=\"color: #ec008c;\">Barna-s\u00e1<\/span><\/strong><strong><span style=\"color: #ec008c;\">rga sz\u00edn\u0171, hossz\u00fak\u00e1s bibefejek,<\/span> <\/strong>kr\u00e9m sz\u00e1lon, kis \u00e9s k\u00f6zepes m\u00e9ret\u0171 cukorvir\u00e1gok k\u00e9sz\u00edt\u00e9s\u00e9hez.<\/h3>\n<h3><\/h3>\n<p>&nbsp;<\/p>\n<h3><strong>Bibefejek sz\u00e1ma:<\/strong><\/h3>\n<ul>\n<li>\n<h3>144 fej<\/h3>\n<\/li>\n<\/ul>\n<h3><strong>Bibefejek hossza:<\/strong><\/h3>\n<ul>\n<li>\n<h3>7-8 mm<\/h3>\n<\/li>\n<\/ul>\n<h3><strong>Bibesz\u00e1lak hossza:<\/strong><\/h3>\n<ul>\n<li>\n<h3>60 mm<\/h3>\n<\/li>\n<\/ul>\n<h3><strong>Gy\u00e1rt\u00f3:<\/strong><\/h3>\n<ul>\n<li>\n<h3>N\u00e9metorsz\u00e1g<\/h3>\n<\/li>\n<\/ul>\n<div id=\"themify_builder_content-21992\" data-postid=\"21992\" class=\"themify_builder_content themify_builder_content-21992 themify_builder\">\n    <\/div>\n<!-- \/themify_builder_content -->","protected":false},"excerpt":{"rendered":"<p>Barna-s\u00e1rga sz\u00edn\u0171, hossz\u00fak\u00e1s bibefejek, kr\u00e9m sz\u00e1lon, kis \u00e9s k\u00f6zepes m\u00e9ret\u0171 cukorvir\u00e1gok k\u00e9sz\u00edt\u00e9s\u00e9hez. &nbsp; Bibefejek sz\u00e1ma: 144 fej Bibefejek hossza: 7-8 mm Bibesz\u00e1lak hossza: 60 mm Gy\u00e1rt\u00f3: N\u00e9metorsz\u00e1g<\/p>\n","protected":false},"featured_media":21977,"comment_status":"open","ping_status":"closed","template":"","meta":[],"builder_content":"","_links":{"self":[{"href":"https:\/\/jhcakes.com\/shop\/wp-json\/wp\/v2\/product\/21992"}],"collection":[{"href":"https:\/\/jhcakes.com\/shop\/wp-json\/wp\/v2\/product"}],"about":[{"href":"https:\/\/jhcakes.com\/shop\/wp-json\/wp\/v2\/types\/product"}],"replies":[{"embeddable":true,"href":"https:\/\/jhcakes.com\/shop\/wp-json\/wp\/v2\/comments?post=21992"}],"wp:featuredmedia":[{"embeddable":true,"href":"https:\/\/jhcakes.com\/shop\/wp-json\/wp\/v2\/media\/21977"}],"wp:attachment":[{"href":"https:\/\/jhcakes.com\/shop\/wp-json\/wp\/v2\/media?parent=21992"}],"curies":[{"name":"wp","href":"https:\/\/api.w.org\/{rel}","templated":true}]}}