{"id":21987,"date":"2021-05-23T10:38:45","date_gmt":"2021-05-23T08:38:45","guid":{"rendered":"https:\/\/jhcakes.com\/shop\/?post_type=product&#038;p=21987"},"modified":"2022-12-04T21:39:46","modified_gmt":"2022-12-04T20:39:46","slug":"halvanysarga-hosszukas-feju-bibek","status":"publish","type":"product","link":"https:\/\/jhcakes.com\/shop\/termek\/halvanysarga-hosszukas-feju-bibek\/","title":{"rendered":"Halv\u00e1nys\u00e1rga hossz\u00fak\u00e1s bib\u00e9k"},"content":{"rendered":"<h3><strong><span style=\"color: #ec008c;\">Halv\u00e1nys\u00e1rga, hossz\u00fak\u00e1s bibefejek,<\/span> <\/strong>feh\u00e9r sz\u00e1lon,\u00a0kis \u00e9s k\u00f6zepes m\u00e9ret\u0171 cukorvir\u00e1gok k\u00e9sz\u00edt\u00e9s\u00e9hez.<\/h3>\n<h3><\/h3>\n<p>&nbsp;<\/p>\n<h3><strong>Bibefejek sz\u00e1ma:<\/strong><\/h3>\n<ul>\n<li>\n<h3>170 fej<\/h3>\n<\/li>\n<\/ul>\n<h3><strong>Bibefejek hossza:<\/strong><\/h3>\n<ul>\n<li>\n<h3>7 mm<\/h3>\n<\/li>\n<\/ul>\n<h3><strong>Bibesz\u00e1lak hossza:<\/strong><\/h3>\n<ul>\n<li>\n<h3>65 mm<\/h3>\n<\/li>\n<\/ul>\n<h3><strong>Gy\u00e1rt\u00f3:<\/strong><\/h3>\n<ul>\n<li>\n<h3>K\u00edna<\/h3>\n<\/li>\n<\/ul>\n<div id=\"themify_builder_content-21987\" data-postid=\"21987\" class=\"themify_builder_content themify_builder_content-21987 themify_builder\">\n    <\/div>\n<!-- \/themify_builder_content -->","protected":false},"excerpt":{"rendered":"<p>Halv\u00e1nys\u00e1rga, hossz\u00fak\u00e1s bibefejek, feh\u00e9r sz\u00e1lon,\u00a0kis \u00e9s k\u00f6zepes m\u00e9ret\u0171 cukorvir\u00e1gok k\u00e9sz\u00edt\u00e9s\u00e9hez. &nbsp; Bibefejek sz\u00e1ma: 170 fej Bibefejek hossza: 7 mm Bibesz\u00e1lak hossza: 65 mm Gy\u00e1rt\u00f3: K\u00edna<\/p>\n","protected":false},"featured_media":21962,"comment_status":"open","ping_status":"closed","template":"","meta":[],"builder_content":"","_links":{"self":[{"href":"https:\/\/jhcakes.com\/shop\/wp-json\/wp\/v2\/product\/21987"}],"collection":[{"href":"https:\/\/jhcakes.com\/shop\/wp-json\/wp\/v2\/product"}],"about":[{"href":"https:\/\/jhcakes.com\/shop\/wp-json\/wp\/v2\/types\/product"}],"replies":[{"embeddable":true,"href":"https:\/\/jhcakes.com\/shop\/wp-json\/wp\/v2\/comments?post=21987"}],"wp:featuredmedia":[{"embeddable":true,"href":"https:\/\/jhcakes.com\/shop\/wp-json\/wp\/v2\/media\/21962"}],"wp:attachment":[{"href":"https:\/\/jhcakes.com\/shop\/wp-json\/wp\/v2\/media?parent=21987"}],"curies":[{"name":"wp","href":"https:\/\/api.w.org\/{rel}","templated":true}]}}