{"id":21985,"date":"2021-05-23T10:22:40","date_gmt":"2021-05-23T08:22:40","guid":{"rendered":"https:\/\/jhcakes.com\/shop\/?post_type=product&#038;p=21985"},"modified":"2024-03-12T08:51:51","modified_gmt":"2024-03-12T07:51:51","slug":"pini-feher-szolofurt-feju-bibek","status":"publish","type":"product","link":"https:\/\/jhcakes.com\/shop\/termek\/pini-feher-szolofurt-feju-bibek\/","title":{"rendered":"Pici feh\u00e9r sz\u0151l\u0151f\u00fcrt fej\u0171 bib\u00e9k"},"content":{"rendered":"<h3><strong><span style=\"color: #ec008c;\">Feh\u00e9r, pici m\u00e9ret\u0171, sz\u0151l\u0151f\u00fcrt form\u00e1j\u00fa bibefejek,<\/span> <\/strong>feh\u00e9r sz\u00e1lon,\u00a0kis m\u00e9ret\u0171 cukorvir\u00e1gok k\u00e9sz\u00edt\u00e9s\u00e9hez.<\/h3>\n<h3><\/h3>\n<p>&nbsp;<\/p>\n<h3><strong>Bibefejek sz\u00e1ma:<\/strong><\/h3>\n<ul>\n<li>\n<h3>144 fej<\/h3>\n<\/li>\n<\/ul>\n<h3><strong>Bibefejek \u00e1tm\u00e9r\u0151je:<\/strong><\/h3>\n<ul>\n<li>\n<h3>3-4 mm<\/h3>\n<\/li>\n<\/ul>\n<h3><strong>Bibesz\u00e1lak hossza:<\/strong><\/h3>\n<ul>\n<li>\n<h3>55 mm<\/h3>\n<\/li>\n<\/ul>\n<h3><strong>Gy\u00e1rt\u00f3:<\/strong><\/h3>\n<ul>\n<li>\n<h3>Jap\u00e1n<\/h3>\n<\/li>\n<\/ul>\n<div id=\"themify_builder_content-21985\" data-postid=\"21985\" class=\"themify_builder_content themify_builder_content-21985 themify_builder\">\n    <\/div>\n<!-- \/themify_builder_content -->","protected":false},"excerpt":{"rendered":"<p>Feh\u00e9r, pici m\u00e9ret\u0171, sz\u0151l\u0151f\u00fcrt form\u00e1j\u00fa bibefejek, feh\u00e9r sz\u00e1lon,\u00a0kis m\u00e9ret\u0171 cukorvir\u00e1gok k\u00e9sz\u00edt\u00e9s\u00e9hez. &nbsp; Bibefejek sz\u00e1ma: 144 fej Bibefejek \u00e1tm\u00e9r\u0151je: 3-4 mm Bibesz\u00e1lak hossza: 55 mm Gy\u00e1rt\u00f3: Jap\u00e1n<\/p>\n","protected":false},"featured_media":21960,"comment_status":"open","ping_status":"closed","template":"","meta":[],"builder_content":"","_links":{"self":[{"href":"https:\/\/jhcakes.com\/shop\/wp-json\/wp\/v2\/product\/21985"}],"collection":[{"href":"https:\/\/jhcakes.com\/shop\/wp-json\/wp\/v2\/product"}],"about":[{"href":"https:\/\/jhcakes.com\/shop\/wp-json\/wp\/v2\/types\/product"}],"replies":[{"embeddable":true,"href":"https:\/\/jhcakes.com\/shop\/wp-json\/wp\/v2\/comments?post=21985"}],"wp:featuredmedia":[{"embeddable":true,"href":"https:\/\/jhcakes.com\/shop\/wp-json\/wp\/v2\/media\/21960"}],"wp:attachment":[{"href":"https:\/\/jhcakes.com\/shop\/wp-json\/wp\/v2\/media?parent=21985"}],"curies":[{"name":"wp","href":"https:\/\/api.w.org\/{rel}","templated":true}]}}