{"id":21933,"date":"2021-05-21T18:05:26","date_gmt":"2021-05-21T16:05:26","guid":{"rendered":"https:\/\/jhcakes.com\/shop\/?post_type=product&#038;p=21933"},"modified":"2023-05-18T22:39:50","modified_gmt":"2023-05-18T20:39:50","slug":"gyongyhazfeher-kozepes-feju-bibek","status":"publish","type":"product","link":"https:\/\/jhcakes.com\/shop\/termek\/gyongyhazfeher-kozepes-feju-bibek\/","title":{"rendered":"Gy\u00f6ngyh\u00e1zfeh\u00e9r k\u00f6zepes fej\u0171 bib\u00e9k"},"content":{"rendered":"<h3><strong><span style=\"color: #ec008c;\">Gy\u00f6ngyh\u00e1zfeh\u00e9r, k\u00f6zepes m\u00e9ret\u0171 bibefejek,<\/span> <\/strong>feh\u00e9r sz\u00e1lon,\u00a0k\u00f6zepes m\u00e9ret\u0171 cukorvir\u00e1gok k\u00e9sz\u00edt\u00e9s\u00e9hez. Kiv\u00e1l\u00f3 min\u0151s\u00e9g Jap\u00e1nb\u00f3l.<\/h3>\n<p>&nbsp;<\/p>\n<h3><strong>Bibefejek sz\u00e1ma:<\/strong><\/h3>\n<ul>\n<li>\n<h3>144 fej<\/h3>\n<\/li>\n<\/ul>\n<h3><strong>Bibefejek \u00e1tm\u00e9r\u0151je:<\/strong><\/h3>\n<ul>\n<li>\n<h3>2-3 mm<\/h3>\n<\/li>\n<\/ul>\n<h3><strong>Bibesz\u00e1lak hossza:<\/strong><\/h3>\n<ul>\n<li>\n<h3>55 mm<\/h3>\n<\/li>\n<\/ul>\n<h3><strong>Gy\u00e1rt\u00f3:<\/strong><\/h3>\n<ul>\n<li>\n<h3>Jap\u00e1n<\/h3>\n<\/li>\n<\/ul>\n<div id=\"themify_builder_content-21933\" data-postid=\"21933\" class=\"themify_builder_content themify_builder_content-21933 themify_builder\">\n    <\/div>\n<!-- \/themify_builder_content -->","protected":false},"excerpt":{"rendered":"<p>Gy\u00f6ngyh\u00e1zfeh\u00e9r, k\u00f6zepes m\u00e9ret\u0171 bibefejek, feh\u00e9r sz\u00e1lon,\u00a0k\u00f6zepes m\u00e9ret\u0171 cukorvir\u00e1gok k\u00e9sz\u00edt\u00e9s\u00e9hez. Kiv\u00e1l\u00f3 min\u0151s\u00e9g Jap\u00e1nb\u00f3l. &nbsp; Bibefejek sz\u00e1ma: 144 fej Bibefejek \u00e1tm\u00e9r\u0151je: 2-3 mm Bibesz\u00e1lak hossza: 55 mm Gy\u00e1rt\u00f3: Jap\u00e1n<\/p>\n","protected":false},"featured_media":21934,"comment_status":"open","ping_status":"closed","template":"","meta":[],"builder_content":"","_links":{"self":[{"href":"https:\/\/jhcakes.com\/shop\/wp-json\/wp\/v2\/product\/21933"}],"collection":[{"href":"https:\/\/jhcakes.com\/shop\/wp-json\/wp\/v2\/product"}],"about":[{"href":"https:\/\/jhcakes.com\/shop\/wp-json\/wp\/v2\/types\/product"}],"replies":[{"embeddable":true,"href":"https:\/\/jhcakes.com\/shop\/wp-json\/wp\/v2\/comments?post=21933"}],"wp:featuredmedia":[{"embeddable":true,"href":"https:\/\/jhcakes.com\/shop\/wp-json\/wp\/v2\/media\/21934"}],"wp:attachment":[{"href":"https:\/\/jhcakes.com\/shop\/wp-json\/wp\/v2\/media?parent=21933"}],"curies":[{"name":"wp","href":"https:\/\/api.w.org\/{rel}","templated":true}]}}