{"id":21902,"date":"2021-05-15T21:35:58","date_gmt":"2021-05-15T19:35:58","guid":{"rendered":"https:\/\/jhcakes.com\/shop\/?post_type=product&#038;p=21902"},"modified":"2023-09-11T00:00:48","modified_gmt":"2023-09-10T22:00:48","slug":"csillamlo-kis-feju-kristalyfeher-bibek","status":"publish","type":"product","link":"https:\/\/jhcakes.com\/shop\/termek\/csillamlo-kis-feju-kristalyfeher-bibek\/","title":{"rendered":"Csill\u00e1ml\u00f3 kis fej\u0171 krist\u00e1lyfeh\u00e9r bib\u00e9k"},"content":{"rendered":"<h3><strong><span style=\"color: #ec008c;\">Csill\u00e1ml\u00f3, krist\u00e1lyfeh\u00e9r, kis m\u00e9ret\u0171 bibefejek<\/span><span style=\"color: #ec008c;\">, feh\u00e9r sz\u00e1lon,<\/span><\/strong>\u00a0kisebb \u00e9s k\u00f6zepes cukorvir\u00e1gok k\u00e9sz\u00edt\u00e9s\u00e9hez. Kiv\u00e1l\u00f3 min\u0151s\u00e9g Jap\u00e1nb\u00f3l.<\/h3>\n<p>&nbsp;<\/p>\n<h3><strong>Bibefejek sz\u00e1ma:<\/strong><\/h3>\n<ul>\n<li>\n<h3>144 fej<\/h3>\n<\/li>\n<\/ul>\n<h3><strong>Bibefejek m\u00e9rete:<\/strong><\/h3>\n<ul>\n<li>\n<h3>3 mm<\/h3>\n<\/li>\n<\/ul>\n<h3><strong>Bibesz\u00e1lak hossza:<\/strong><\/h3>\n<ul>\n<li>\n<h3>55 mm<\/h3>\n<\/li>\n<\/ul>\n<div id=\"themify_builder_content-21902\" data-postid=\"21902\" class=\"themify_builder_content themify_builder_content-21902 themify_builder\">\n    <\/div>\n<!-- \/themify_builder_content -->","protected":false},"excerpt":{"rendered":"<p>Csill\u00e1ml\u00f3, krist\u00e1lyfeh\u00e9r, kis m\u00e9ret\u0171 bibefejek, feh\u00e9r sz\u00e1lon,\u00a0kisebb \u00e9s k\u00f6zepes cukorvir\u00e1gok k\u00e9sz\u00edt\u00e9s\u00e9hez. Kiv\u00e1l\u00f3 min\u0151s\u00e9g Jap\u00e1nb\u00f3l. &nbsp; Bibefejek sz\u00e1ma: 144 fej Bibefejek m\u00e9rete: 3 mm Bibesz\u00e1lak hossza: 55 mm<\/p>\n","protected":false},"featured_media":21907,"comment_status":"closed","ping_status":"closed","template":"","meta":[],"builder_content":"","_links":{"self":[{"href":"https:\/\/jhcakes.com\/shop\/wp-json\/wp\/v2\/product\/21902"}],"collection":[{"href":"https:\/\/jhcakes.com\/shop\/wp-json\/wp\/v2\/product"}],"about":[{"href":"https:\/\/jhcakes.com\/shop\/wp-json\/wp\/v2\/types\/product"}],"replies":[{"embeddable":true,"href":"https:\/\/jhcakes.com\/shop\/wp-json\/wp\/v2\/comments?post=21902"}],"wp:featuredmedia":[{"embeddable":true,"href":"https:\/\/jhcakes.com\/shop\/wp-json\/wp\/v2\/media\/21907"}],"wp:attachment":[{"href":"https:\/\/jhcakes.com\/shop\/wp-json\/wp\/v2\/media?parent=21902"}],"curies":[{"name":"wp","href":"https:\/\/api.w.org\/{rel}","templated":true}]}}