{"id":21898,"date":"2021-05-15T21:14:40","date_gmt":"2021-05-15T19:14:40","guid":{"rendered":"https:\/\/jhcakes.com\/shop\/?post_type=product&#038;p=21898"},"modified":"2026-03-31T14:09:46","modified_gmt":"2026-03-31T12:09:46","slug":"nagy-sarga-liliomfeju-bibek","status":"publish","type":"product","link":"https:\/\/jhcakes.com\/shop\/termek\/nagy-sarga-liliomfeju-bibek\/","title":{"rendered":"Nagy s\u00e1rga liliomfej\u0171 bib\u00e9k"},"content":{"rendered":"<h3>Kr\u00e9msz\u00edn\u0171 sz\u00e1lon,\u00a0<span style=\"color: #ec008c;\"><strong>nagy m\u00e9ret\u0171, halv\u00e1nys\u00e1rga, liliomfej\u0171 bib\u00e9k,<\/strong><\/span>\u00a0cukorvir\u00e1gok k\u00e9sz\u00edt\u00e9s\u00e9hez. Kiv\u00e1l\u00f3 min\u0151s\u00e9g Jap\u00e1nb\u00f3l.<\/h3>\n<p>&nbsp;<\/p>\n<h3><strong>Bibefejek sz\u00e1ma:<\/strong><\/h3>\n<ul>\n<li>\n<h3>144 fej<\/h3>\n<\/li>\n<\/ul>\n<h3><strong>Bibefejek hossza:<\/strong><\/h3>\n<ul>\n<li>\n<h3>5 mm<\/h3>\n<\/li>\n<\/ul>\n<h3><strong>Bibesz\u00e1lak hossza:<\/strong><\/h3>\n<ul>\n<li>\n<h3>50 mm<\/h3>\n<\/li>\n<\/ul>\n<h3><strong>Gy\u00e1rt\u00f3:<\/strong><\/h3>\n<ul>\n<li>\n<h3>Jap\u00e1n<\/h3>\n<\/li>\n<\/ul>\n<div id=\"themify_builder_content-21898\" data-postid=\"21898\" class=\"themify_builder_content themify_builder_content-21898 themify_builder\">\n    <\/div>\n<!-- \/themify_builder_content -->","protected":false},"excerpt":{"rendered":"<p>Kr\u00e9msz\u00edn\u0171 sz\u00e1lon,\u00a0nagy m\u00e9ret\u0171, halv\u00e1nys\u00e1rga, liliomfej\u0171 bib\u00e9k,\u00a0cukorvir\u00e1gok k\u00e9sz\u00edt\u00e9s\u00e9hez. Kiv\u00e1l\u00f3 min\u0151s\u00e9g Jap\u00e1nb\u00f3l. &nbsp; Bibefejek sz\u00e1ma: 144 fej Bibefejek hossza: 5 mm Bibesz\u00e1lak hossza: 50 mm Gy\u00e1rt\u00f3: Jap\u00e1n<\/p>\n","protected":false},"featured_media":21899,"comment_status":"open","ping_status":"closed","template":"","meta":[],"builder_content":"","_links":{"self":[{"href":"https:\/\/jhcakes.com\/shop\/wp-json\/wp\/v2\/product\/21898"}],"collection":[{"href":"https:\/\/jhcakes.com\/shop\/wp-json\/wp\/v2\/product"}],"about":[{"href":"https:\/\/jhcakes.com\/shop\/wp-json\/wp\/v2\/types\/product"}],"replies":[{"embeddable":true,"href":"https:\/\/jhcakes.com\/shop\/wp-json\/wp\/v2\/comments?post=21898"}],"wp:featuredmedia":[{"embeddable":true,"href":"https:\/\/jhcakes.com\/shop\/wp-json\/wp\/v2\/media\/21899"}],"wp:attachment":[{"href":"https:\/\/jhcakes.com\/shop\/wp-json\/wp\/v2\/media?parent=21898"}],"curies":[{"name":"wp","href":"https:\/\/api.w.org\/{rel}","templated":true}]}}