{"id":21848,"date":"2021-05-14T15:57:01","date_gmt":"2021-05-14T13:57:01","guid":{"rendered":"https:\/\/jhcakes.com\/shop\/?post_type=product&#038;p=21848"},"modified":"2024-06-13T13:24:38","modified_gmt":"2024-06-13T11:24:38","slug":"kraft-barna-ajandekcimkeszett","status":"publish","type":"product","link":"https:\/\/jhcakes.com\/shop\/termek\/kraft-barna-ajandekcimkeszett\/","title":{"rendered":"Kraft-barna aj\u00e1nd\u00e9kc\u00edmkeszett"},"content":{"rendered":"<h3>Nagyon sz\u00e9p kivitel\u0171, mutat\u00f3s,<strong><span style=\"color: #ec008c;\">\u00a0kraft-barna aj\u00e1nd\u00e9kc\u00edmkeszett,<\/span><\/strong><span style=\"color: #ec008c;\"><span style=\"color: #878787;\">\u00a0\u00fcnnepi alkalmakra. A c\u00edmk\u00e9k mindk\u00e9t oldala azonos sz\u00edn\u0171, az \u00e1tf\u0171z\u0151 lyuk pedig meger\u0151s\u00edtett.<\/span><\/span><\/h3>\n<p>&nbsp;<\/p>\n<h3><strong>Design:<\/strong><\/h3>\n<ul>\n<li>\n<h3>Ruby Rock-It &#8211; Ausztr\u00e1lia<\/h3>\n<\/li>\n<\/ul>\n<h3><span style=\"color: #878787;\"><strong>Kiszerel\u00e9s:<\/strong><\/span><\/h3>\n<ul>\n<li>\n<h3><span style=\"color: #878787;\">1 csomag &#8211; 24 darab aj\u00e1nd\u00e9kc\u00edmke, 3 f\u00e9le m\u00e9retben<\/span><\/h3>\n<\/li>\n<\/ul>\n<h3><strong>Alapanyag:<\/strong><\/h3>\n<ul>\n<li>\n<h3><span style=\"color: #878787;\">kraft-barna karton<\/span><\/h3>\n<\/li>\n<\/ul>\n<div id=\"themify_builder_content-21848\" data-postid=\"21848\" class=\"themify_builder_content themify_builder_content-21848 themify_builder\">\n    <\/div>\n<!-- \/themify_builder_content -->","protected":false},"excerpt":{"rendered":"<h3><strong>C\u00edmk\u00e9k m\u00e9rete:<\/strong><\/h3>\n<ul>\n<li>\n<h3>legkisebb: \u00a0 \u00a0 \u00a0 \u00a0 \u00a0sz: 31 mm x m: 52 mm<\/h3>\n<\/li>\n<li>\n<h3>k\u00f6zepes: \u00a0 \u00a0 \u00a0 \u00a0 \u00a0 \u00a0 sz: 43 mm x m: 73 mm<\/h3>\n<\/li>\n<li>\n<h3>legnagyobb: \u00a0 \u00a0 \u00a0sz: 64 mm x m: 115 mm<\/h3>\n<\/li>\n<\/ul>\n","protected":false},"featured_media":21839,"comment_status":"open","ping_status":"closed","template":"","meta":[],"builder_content":"","_links":{"self":[{"href":"https:\/\/jhcakes.com\/shop\/wp-json\/wp\/v2\/product\/21848"}],"collection":[{"href":"https:\/\/jhcakes.com\/shop\/wp-json\/wp\/v2\/product"}],"about":[{"href":"https:\/\/jhcakes.com\/shop\/wp-json\/wp\/v2\/types\/product"}],"replies":[{"embeddable":true,"href":"https:\/\/jhcakes.com\/shop\/wp-json\/wp\/v2\/comments?post=21848"}],"wp:featuredmedia":[{"embeddable":true,"href":"https:\/\/jhcakes.com\/shop\/wp-json\/wp\/v2\/media\/21839"}],"wp:attachment":[{"href":"https:\/\/jhcakes.com\/shop\/wp-json\/wp\/v2\/media?parent=21848"}],"curies":[{"name":"wp","href":"https:\/\/api.w.org\/{rel}","templated":true}]}}