{"id":21712,"date":"2021-05-03T13:52:06","date_gmt":"2021-05-03T11:52:06","guid":{"rendered":"https:\/\/jhcakes.com\/shop\/?post_type=product&#038;p=21712"},"modified":"2024-04-19T16:41:46","modified_gmt":"2024-04-19T14:41:46","slug":"tavaszi-zold-viragkoto-szalag-2","status":"publish","type":"product","link":"https:\/\/jhcakes.com\/shop\/termek\/tavaszi-zold-viragkoto-szalag-2\/","title":{"rendered":"K\u00f6z\u00e9pz\u00f6ld vir\u00e1gk\u00f6t\u0151 szalag"},"content":{"rendered":"<h3>Caros Zuckerzauber, osztr\u00e1k m\u00e1rk\u00e1j\u00fa\u00a0<strong><span style=\"color: #ec008c;\">k\u00f6z\u00e9pz\u00f6ld sz\u00edn\u0171 vir\u00e1gk\u00f6t\u0151 szalag,\u00a0<\/span><\/strong>melyet cukorvir\u00e1gok \u00e9s egy\u00e9b k\u00e9zm\u0171ves term\u00e9kek k\u00e9sz\u00edt\u00e9s\u00e9hez aj\u00e1nlunk. Kiv\u00e1l\u00f3 min\u0151s\u00e9g.<\/h3>\n<p>&nbsp;<\/p>\n<h3><strong>Kiszerel\u00e9s:<\/strong><\/h3>\n<ul>\n<li>\n<h3>1 tekercs<\/h3>\n<\/li>\n<\/ul>\n<div id=\"themify_builder_content-21712\" data-postid=\"21712\" class=\"themify_builder_content themify_builder_content-21712 themify_builder\">\n    <\/div>\n<!-- \/themify_builder_content -->","protected":false},"excerpt":{"rendered":"<h3><strong>Vir\u00e1gk\u00f6t\u0151 szalag m\u00e9rete:<\/strong><\/h3>\n<ul>\n<li>\n<h3>sz\u00e9less\u00e9g: \u00a0 \u00a0 \u00a0 \u00a0 \u00a0 \u00a0 \u00a012 mm<\/h3>\n<\/li>\n<li>\n<h3>hossz\u00fas\u00e1g: \u00a0 \u00a0 27,4 m\u00e9ter<\/h3>\n<\/li>\n<\/ul>\n","protected":false},"featured_media":23594,"comment_status":"open","ping_status":"closed","template":"","meta":[],"builder_content":"","_links":{"self":[{"href":"https:\/\/jhcakes.com\/shop\/wp-json\/wp\/v2\/product\/21712"}],"collection":[{"href":"https:\/\/jhcakes.com\/shop\/wp-json\/wp\/v2\/product"}],"about":[{"href":"https:\/\/jhcakes.com\/shop\/wp-json\/wp\/v2\/types\/product"}],"replies":[{"embeddable":true,"href":"https:\/\/jhcakes.com\/shop\/wp-json\/wp\/v2\/comments?post=21712"}],"wp:featuredmedia":[{"embeddable":true,"href":"https:\/\/jhcakes.com\/shop\/wp-json\/wp\/v2\/media\/23594"}],"wp:attachment":[{"href":"https:\/\/jhcakes.com\/shop\/wp-json\/wp\/v2\/media?parent=21712"}],"curies":[{"name":"wp","href":"https:\/\/api.w.org\/{rel}","templated":true}]}}