{"id":21699,"date":"2021-05-03T11:52:26","date_gmt":"2021-05-03T09:52:26","guid":{"rendered":"https:\/\/jhcakes.com\/shop\/?post_type=product&#038;p=21699"},"modified":"2026-03-31T10:05:40","modified_gmt":"2026-03-31T08:05:40","slug":"sotetzold-pamut-drot-26g-40-db","status":"publish","type":"product","link":"https:\/\/jhcakes.com\/shop\/termek\/sotetzold-pamut-drot-26g-40-db\/","title":{"rendered":"S\u00f6t\u00e9tz\u00f6ld pamut dr\u00f3t 26g &#8211; 40 db"},"content":{"rendered":"<h3><strong><span style=\"color: #ec008c;\">S\u00f6t\u00e9tz\u00f6ld sz\u00edn\u0171, pamut bevonat\u00fa vir\u00e1gk\u00f6t\u0151 dr\u00f3t<\/span><\/strong>\u00a0cukorvir\u00e1gok \u00e9s egy\u00e9b k\u00e9zm\u0171ves term\u00e9kek k\u00e9sz\u00edt\u00e9s\u00e9hez.<\/h3>\n<h3><\/h3>\n<h3><strong>Pap\u00edr bevonat\u00fa \u00e9s pamut bevonat\u00fa dr\u00f3tok k\u00f6z\u00f6tti k\u00fcl\u00f6nbs\u00e9g:<\/strong><\/h3>\n<ul>\n<li>\n<h3>a pamut dr\u00f3tok kin\u00e9zetre nagyon hasonl\u00f3ak a pap\u00edr bevonat\u00fa dr\u00f3tokhoz, de tapint\u00e1suk puh\u00e1bb \u00e9s valamivel vastagabbak, mint az ugyan olyan jelz\u00e9s\u0171 pap\u00edr bevonat\u00fa dr\u00f3tok<\/h3>\n<\/li>\n<li>\n<h3>a pamutsz\u00e1lak k\u00f6nnyebben \u00e9s tal\u00e1n jobban beleragadnak a megnedves\u00edtett cukormassz\u00e1ba, mint a pap\u00edr bevonat<\/h3>\n<\/li>\n<li>\n<h3>a pamut bevonat\u00fa dr\u00f3tok kev\u00e9sb\u00e9 cs\u00fasznak ujjaink k\u00f6z\u00f6tt, ez\u00e9rt kezd\u0151k is k\u00f6nnyebben tudnak dolgozni vel\u00fck, k\u00fcl\u00f6n\u00f6sen a dr\u00f3tok szalaggal t\u00f6rt\u00e9n\u0151 beteker\u00e9se sor\u00e1n<\/h3>\n<\/li>\n<\/ul>\n<h3><strong>\u00c1ltal\u00e1nos m\u00e9retaj\u00e1nl\u00f3:<br \/>\n<\/strong>Min\u00e9l alacsonyabb a g (gauge) sz\u00e1m, ann\u00e1l vastagabb a dr\u00f3t.<\/h3>\n<h3>Vir\u00e1gsz\u00e1rak: 18-20g<br \/>\nNagy m\u00e9ret\u0171, neh\u00e9z szirmok, levelek: 22 &#8211; 24g<br \/>\nK\u00f6zepes m\u00e9ret\u0171 szirmok, levelek: 26g<br \/>\nKis m\u00e9ret\u0171 szirmok, levelek: 28g<br \/>\nApr\u00f3 szirmok, levelek: 30g<\/h3>\n<h3><\/h3>\n<h3><strong>Sz\u00ednv\u00e1laszt\u00e1s:<br \/>\n<\/strong>Feh\u00e9r illetve vil\u00e1gos sz\u00edn\u0171 szirmok, levelek eset\u00e9n feh\u00e9r sz\u00edn\u0171 dr\u00f3tot aj\u00e1nlunk, miut\u00e1n a sz\u00ednes dr\u00f3tok \u00e1tl\u00e1tsz\u00f3dhatnak a cukormassz\u00e1n.<\/h3>\n<p>&nbsp;<\/p>\n<h3><strong>Vastags\u00e1g:<\/strong><\/h3>\n<ul>\n<li>\n<h3>26g &#8211; k\u00f6zepes m\u00e9ret\u0171 levelek, dekor\u00e1ci\u00f3k k\u00e9sz\u00edt\u00e9s\u00e9hez<\/h3>\n<\/li>\n<\/ul>\n<h3><strong>Hossz\u00fas\u00e1g:<\/strong><\/h3>\n<ul>\n<li>\n<h3>22 cm<\/h3>\n<\/li>\n<\/ul>\n<h3><strong>Kiszerel\u00e9s:<\/strong><\/h3>\n<ul>\n<li>\n<h3>40 darab per csomag<\/h3>\n<\/li>\n<\/ul>\n<h3><strong>Gy\u00e1rt\u00f3:<\/strong><\/h3>\n<ul>\n<li>\n<h3>K\u00edna<\/h3>\n<\/li>\n<\/ul>\n<div id=\"themify_builder_content-21699\" data-postid=\"21699\" class=\"themify_builder_content themify_builder_content-21699 themify_builder\">\n    <\/div>\n<!-- \/themify_builder_content -->","protected":false},"excerpt":{"rendered":"<p>S\u00f6t\u00e9tz\u00f6ld sz\u00edn\u0171, pamut bevonat\u00fa vir\u00e1gk\u00f6t\u0151 dr\u00f3t\u00a0cukorvir\u00e1gok \u00e9s egy\u00e9b k\u00e9zm\u0171ves term\u00e9kek k\u00e9sz\u00edt\u00e9s\u00e9hez. Pap\u00edr bevonat\u00fa \u00e9s pamut bevonat\u00fa dr\u00f3tok k\u00f6z\u00f6tti k\u00fcl\u00f6nbs\u00e9g: a pamut dr\u00f3tok kin\u00e9zetre nagyon hasonl\u00f3ak a pap\u00edr bevonat\u00fa dr\u00f3tokhoz, de tapint\u00e1suk puh\u00e1bb \u00e9s valamivel vastagabbak, mint az ugyan olyan jelz\u00e9s\u0171 pap\u00edr bevonat\u00fa dr\u00f3tok a pamutsz\u00e1lak k\u00f6nnyebben \u00e9s tal\u00e1n jobban beleragadnak a megnedves\u00edtett cukormassz\u00e1ba, mint a [&hellip;]<\/p>\n","protected":false},"featured_media":21702,"comment_status":"open","ping_status":"closed","template":"","meta":[],"builder_content":"","_links":{"self":[{"href":"https:\/\/jhcakes.com\/shop\/wp-json\/wp\/v2\/product\/21699"}],"collection":[{"href":"https:\/\/jhcakes.com\/shop\/wp-json\/wp\/v2\/product"}],"about":[{"href":"https:\/\/jhcakes.com\/shop\/wp-json\/wp\/v2\/types\/product"}],"replies":[{"embeddable":true,"href":"https:\/\/jhcakes.com\/shop\/wp-json\/wp\/v2\/comments?post=21699"}],"wp:featuredmedia":[{"embeddable":true,"href":"https:\/\/jhcakes.com\/shop\/wp-json\/wp\/v2\/media\/21702"}],"wp:attachment":[{"href":"https:\/\/jhcakes.com\/shop\/wp-json\/wp\/v2\/media?parent=21699"}],"curies":[{"name":"wp","href":"https:\/\/api.w.org\/{rel}","templated":true}]}}