{"id":21684,"date":"2021-05-02T13:57:44","date_gmt":"2021-05-02T11:57:44","guid":{"rendered":"https:\/\/jhcakes.com\/shop\/?post_type=product&#038;p=21684"},"modified":"2023-06-11T19:13:15","modified_gmt":"2023-06-11T17:13:15","slug":"zold-viragkoto-drot-japan-30g-50-db","status":"publish","type":"product","link":"https:\/\/jhcakes.com\/shop\/termek\/zold-viragkoto-drot-japan-30g-50-db\/","title":{"rendered":"Z\u00f6ld vir\u00e1gk\u00f6t\u0151 dr\u00f3t Jap\u00e1n 30g &#8211; 50 db"},"content":{"rendered":"<h3>Szuper min\u0151s\u00e9g\u0171, <strong><span style=\"color: #ec008c;\">s\u00f6t\u00e9tz\u00f6ld sz\u00edn\u0171, pap\u00edrral bevont vir\u00e1gk\u00f6t\u0151 dr\u00f3t<\/span><\/strong> az amerikai CK Products m\u00e1rk\u00e1t\u00f3l \u00e9s jap\u00e1n gy\u00e1rt\u00f3t\u00f3l. Vir\u00e1gk\u00f6t\u0151 dr\u00f3tjainkat cukorvir\u00e1gok \u00e9s egy\u00e9b k\u00e9zm\u0171ves term\u00e9kek k\u00e9sz\u00edt\u00e9s\u00e9hez aj\u00e1nljuk. Szuper min\u0151s\u00e9g, a pap\u00edrbevonat munk\u00e1lat k\u00f6zben nem teker\u0151dik le.<\/h3>\n<h3><strong>\u00c1ltal\u00e1nos m\u00e9retaj\u00e1nl\u00f3:<br \/>\n<\/strong>Min\u00e9l alacsonyabb a g (gauge) sz\u00e1m, ann\u00e1l vastagabb a dr\u00f3t.<\/h3>\n<h3>Vir\u00e1gsz\u00e1rak: 18-20g<br \/>\nNagy m\u00e9ret\u0171, neh\u00e9z szirmok, levelek: 22 &#8211; 24g<br \/>\nK\u00f6zepes m\u00e9ret\u0171 szirmok, levelek: 26g<br \/>\nKis m\u00e9ret\u0171 szirmok, levelek: 28g<br \/>\nApr\u00f3 szirmok, levelek: 30g<\/h3>\n<h3><strong>Sz\u00ednv\u00e1laszt\u00e1s:<br \/>\n<\/strong>Feh\u00e9r illetve vil\u00e1gos sz\u00edn\u0171 szirmok, levelek eset\u00e9n feh\u00e9r sz\u00edn\u0171 dr\u00f3tot aj\u00e1nlunk, miut\u00e1n a sz\u00ednes dr\u00f3tok \u00e1tl\u00e1tsz\u00f3dhatnak a cukormassz\u00e1n.<\/h3>\n<h3><strong>Vastags\u00e1g:<\/strong><\/h3>\n<ul>\n<li>\n<h3>30g &#8211; apr\u00f3 levelek, dekor\u00e1ci\u00f3k k\u00e9sz\u00edt\u00e9s\u00e9hez<\/h3>\n<\/li>\n<\/ul>\n<h3><strong>Hossz\u00fas\u00e1g:<\/strong><\/h3>\n<ul>\n<li>\n<h3>36 cm<\/h3>\n<\/li>\n<\/ul>\n<h3><strong>Kiszerel\u00e9s:<\/strong><\/h3>\n<ul>\n<li>\n<h3>50 darab per csomag<\/h3>\n<\/li>\n<\/ul>\n<h3><strong>Gy\u00e1rt\u00f3:<\/strong><\/h3>\n<ul>\n<li>\n<h3>Jap\u00e1n<\/h3>\n<\/li>\n<\/ul>\n<div id=\"themify_builder_content-21684\" data-postid=\"21684\" class=\"themify_builder_content themify_builder_content-21684 themify_builder\">\n    <\/div>\n<!-- \/themify_builder_content -->","protected":false},"excerpt":{"rendered":"<p>Szuper min\u0151s\u00e9g\u0171, s\u00f6t\u00e9tz\u00f6ld sz\u00edn\u0171, pap\u00edrral bevont vir\u00e1gk\u00f6t\u0151 dr\u00f3t az amerikai CK Products m\u00e1rk\u00e1t\u00f3l \u00e9s jap\u00e1n gy\u00e1rt\u00f3t\u00f3l. Vir\u00e1gk\u00f6t\u0151 dr\u00f3tjainkat cukorvir\u00e1gok \u00e9s egy\u00e9b k\u00e9zm\u0171ves term\u00e9kek k\u00e9sz\u00edt\u00e9s\u00e9hez aj\u00e1nljuk. Szuper min\u0151s\u00e9g, a pap\u00edrbevonat munk\u00e1lat k\u00f6zben nem teker\u0151dik le. \u00c1ltal\u00e1nos m\u00e9retaj\u00e1nl\u00f3: Min\u00e9l alacsonyabb a g (gauge) sz\u00e1m, ann\u00e1l vastagabb a dr\u00f3t. Vir\u00e1gsz\u00e1rak: 18-20g Nagy m\u00e9ret\u0171, neh\u00e9z szirmok, levelek: 22 &#8211; [&hellip;]<\/p>\n","protected":false},"featured_media":21685,"comment_status":"open","ping_status":"closed","template":"","meta":[],"builder_content":"","_links":{"self":[{"href":"https:\/\/jhcakes.com\/shop\/wp-json\/wp\/v2\/product\/21684"}],"collection":[{"href":"https:\/\/jhcakes.com\/shop\/wp-json\/wp\/v2\/product"}],"about":[{"href":"https:\/\/jhcakes.com\/shop\/wp-json\/wp\/v2\/types\/product"}],"replies":[{"embeddable":true,"href":"https:\/\/jhcakes.com\/shop\/wp-json\/wp\/v2\/comments?post=21684"}],"wp:featuredmedia":[{"embeddable":true,"href":"https:\/\/jhcakes.com\/shop\/wp-json\/wp\/v2\/media\/21685"}],"wp:attachment":[{"href":"https:\/\/jhcakes.com\/shop\/wp-json\/wp\/v2\/media?parent=21684"}],"curies":[{"name":"wp","href":"https:\/\/api.w.org\/{rel}","templated":true}]}}