{"id":21569,"date":"2021-04-26T19:03:09","date_gmt":"2021-04-26T17:03:09","guid":{"rendered":"https:\/\/jhcakes.com\/shop\/?post_type=product&#038;p=21569"},"modified":"2025-05-17T18:36:03","modified_gmt":"2025-05-17T16:36:03","slug":"pillango-kiszuro-es-belyegzoszett","status":"publish","type":"product","link":"https:\/\/jhcakes.com\/shop\/termek\/pillango-kiszuro-es-belyegzoszett\/","title":{"rendered":"Pillang\u00f3 kisz\u00far\u00f3 \u00e9s b\u00e9lyegz\u0151szett"},"content":{"rendered":"<h3 style=\"text-align: justify;\"><strong><span style=\"color: #ec008c;\">Pillang\u00f3 kisz\u00far\u00f3 \u00e9s b\u00e9lyegz\u0151szett<\/span><\/strong><span style=\"color: #878787;\">\u00a0t\u00f6bb f\u00e9le mutat\u00f3s m\u00e9zes k\u00e9sz\u00edt\u00e9s\u00e9hez, az angliai Blossom Sugar Art-t\u00f3l.<\/span><\/h3>\n<h3 style=\"text-align: justify;\"><strong><br \/>\nHASZN\u00c1LAT 1:<\/strong><\/h3>\n<h3 style=\"text-align: justify;\"><strong><span style=\"color: #878787;\">T\u00e9szt\u00e1k s\u00fct\u00e9s el\u0151tti b\u00e9lyegz\u00e9se:<\/span><\/strong><\/h3>\n<ul>\n<li>\n<h3>ny\u00fajstsuk ki a nyers t\u00e9szt\u00e1t<\/h3>\n<\/li>\n<li>\n<h3>tegy\u00fck az \u00e1tl\u00e1tsz\u00f3 b\u00e9lyegz\u0151lapot a nyers t\u00e9szt\u00e1ra \u00e9s egyenletesen nyomjuk bele a lapot<\/h3>\n<\/li>\n<li>\n<h3>sz\u00farjuk ki a b\u00e9lyegzett t\u00e9szt\u00e1t a kisz\u00far\u00f3val<\/h3>\n<\/li>\n<li>\n<h3>s\u00fct\u00e9s ut\u00e1n a b\u00e9lyegz\u0151 mint\u00e1ja a t\u00e9szt\u00e1ban marad, amit haszn\u00e1lhatunk glaz\u00faroz\u00e1sn\u00e1l k\u00f6rvonalk\u00e9nt vagy tov\u00e1bbi d\u00edsz\u00edt\u00e9s n\u00e1lk\u00fcl t\u00e1lalhatjuk a m\u00e9zest, linzert<\/h3>\n<\/li>\n<\/ul>\n<h3 style=\"text-align: justify;\"><span style=\"color: #1ba5b4;\"><strong>TIPP: <\/strong><span style=\"color: #878787;\">O<\/span><span style=\"color: #878787;\">lyan receptet v\u00e1lasszunk, mely nagyon kis mennyis\u00e9gben vagy egy\u00e1ltal\u00e1n nem tartalmaz t\u00e9rfogatn\u00f6vel\u0151 alapanyagot, \u00edgy a b\u00e9lyegrajzolatok s\u00fct\u00e9s ut\u00e1n is \u00e9lesen l\u00e1tszanak majd.<\/span><\/span><span style=\"color: #878787;\">\u00a0<\/span><\/h3>\n<p>&nbsp;<\/p>\n<h3 style=\"text-align: justify;\"><strong>HASZN\u00c1LAT 2:<\/strong><\/h3>\n<h3><strong>S\u00fctire ker\u00fcl\u0151 marcip\u00e1n dekor\u00e1l\u00e1sa:<\/strong><\/h3>\n<ul>\n<li>\n<h3>ny\u00fajtsuk ki a marcip\u00e1nt<\/h3>\n<\/li>\n<li>\n<h3>tegy\u00fck az \u00e1tl\u00e1tsz\u00f3 b\u00e9lyegz\u0151lapot a marcip\u00e1nra \u00e9s egyenletesen nyomjuk bele a lapot<\/h3>\n<\/li>\n<li>\n<h3>\u00a0sz\u00farjuk ki a b\u00e9lyegzett marcip\u00e1nt a kisz\u00far\u00f3val<\/h3>\n<\/li>\n<li>\n<h3>fess\u00fck, sz\u00ednezz\u00fck ki a b\u00e9lyegz\u0151 \u00e1ltal megadott r\u00e9szleteket <strong><span style=\"color: #1ba6b4;\"><a style=\"color: #1ba6b4;\" href=\"https:\/\/jhcakes.com\/shop\/termekkategoria\/festekek-ecsetek\/sziromporok-luszterporok\/\" target=\"_blank\" rel=\"noopener\">ehet\u0151 szirom-<\/a><\/span><\/strong>, vagy <strong><a href=\"https:\/\/jhcakes.com\/shop\/termekkategoria\/festekek-ecsetek\/sziromporok-luszterporok\/\" target=\"_blank\" rel=\"noopener\"><span style=\"color: #1ba6b4;\">l\u00fcszterporokkal<\/span>,<\/a> <span style=\"color: #1ba6b4;\"><a style=\"color: #1ba6b4;\" href=\"https:\/\/jhcakes.com\/shop\/termekkategoria\/festekek-ecsetek\/folyekony-etelfestekek\/\" target=\"_blank\" rel=\"noopener\">foly\u00e9kony \u00e9telfest\u00e9kekkel,<\/a><\/span> <span style=\"color: #1ba6b4;\"><a style=\"color: #1ba6b4;\" href=\"https:\/\/jhcakes.com\/shop\/termekkategoria\/festekek-ecsetek\/etelfestektollak-ecsetek\/\" target=\"_blank\" rel=\"noopener\">ecsetekkel,<\/a> <a style=\"color: #1ba6b4;\" href=\"https:\/\/jhcakes.com\/shop\/termekkategoria\/festekek-ecsetek\/csillogo-csillamporok\/\" target=\"_blank\" rel=\"noopener\">csill\u00e1mporokkal<\/a><\/span><\/strong><\/h3>\n<\/li>\n<li>\n<h3>lekv\u00e1rt vagy vajkr\u00e9met haszn\u00e1lva ragasszuk a kifestett marcip\u00e1nt egy m\u00e9zes vagy linzer tetej\u00e9re<\/h3>\n<\/li>\n<\/ul>\n<p>&nbsp;<\/p>\n<h3><strong>Kiszerel\u00e9s:<\/strong><\/h3>\n<ul>\n<li>\n<h3>1 db rozsdamentes ac\u00e9l kisz\u00far\u00f3, szilikon peremmel<\/h3>\n<\/li>\n<li>\n<h3>1 db\u00a0\u00e9telk\u00e9sz\u00edt\u00e9sre enged\u00e9lyezett\u00a0\u00e1tl\u00e1tsz\u00f3 b\u00e9lyegz\u0151lap<\/h3>\n<\/li>\n<li>\n<h3>\u00e1tl\u00e1tsz\u00f3, kem\u00e9ny doboz<\/h3>\n<\/li>\n<\/ul>\n<h3><span style=\"color: #878787;\"><strong>Kezel\u00e9si \u00fatmutat\u00f3:<\/strong><\/span><\/h3>\n<ul>\n<li>\n<h3><span style=\"color: #878787;\">kiz\u00e1r\u00f3lag k\u00e9zi mos\u00e1ssal moshat\u00f3, leveg\u0151n sz\u00e1r\u00edtand\u00f3<\/span><\/h3>\n<\/li>\n<\/ul>\n<div id=\"themify_builder_content-21569\" data-postid=\"21569\" class=\"themify_builder_content themify_builder_content-21569 themify_builder\">\n    <\/div>\n<!-- \/themify_builder_content -->","protected":false},"excerpt":{"rendered":"<h3><strong>Kisz\u00far\u00f3 m\u00e9rete:<\/strong><\/h3>\n<ul>\n<li>\n<h3>sz\u00e9less\u00e9g: \u00a0 \u00a0 \u00a0 \u00a0 \u00a0 65 mm<\/h3>\n<\/li>\n<li>\n<h3>magass\u00e1g: \u00a0 \u00a0 \u00a0 \u00a0 65 mm<\/h3>\n<\/li>\n<\/ul>\n","protected":false},"featured_media":21575,"comment_status":"open","ping_status":"closed","template":"","meta":[],"builder_content":"","_links":{"self":[{"href":"https:\/\/jhcakes.com\/shop\/wp-json\/wp\/v2\/product\/21569"}],"collection":[{"href":"https:\/\/jhcakes.com\/shop\/wp-json\/wp\/v2\/product"}],"about":[{"href":"https:\/\/jhcakes.com\/shop\/wp-json\/wp\/v2\/types\/product"}],"replies":[{"embeddable":true,"href":"https:\/\/jhcakes.com\/shop\/wp-json\/wp\/v2\/comments?post=21569"}],"wp:featuredmedia":[{"embeddable":true,"href":"https:\/\/jhcakes.com\/shop\/wp-json\/wp\/v2\/media\/21575"}],"wp:attachment":[{"href":"https:\/\/jhcakes.com\/shop\/wp-json\/wp\/v2\/media?parent=21569"}],"curies":[{"name":"wp","href":"https:\/\/api.w.org\/{rel}","templated":true}]}}