{"id":21557,"date":"2021-04-26T11:05:56","date_gmt":"2021-04-26T09:05:56","guid":{"rendered":"https:\/\/jhcakes.com\/shop\/?post_type=product&#038;p=21557"},"modified":"2025-04-13T12:29:40","modified_gmt":"2025-04-13T10:29:40","slug":"halvany-krem-muffin-kapszli-50","status":"publish","type":"product","link":"https:\/\/jhcakes.com\/shop\/termek\/halvany-krem-muffin-kapszli-50\/","title":{"rendered":"Halv\u00e1ny kr\u00e9m muffin kapszli &#8211; 50"},"content":{"rendered":"<h3>J\u00f3 min\u0151s\u00e9g\u0171, <strong><span style=\"color: #ec008c;\">halv\u00e1ny kr\u00e9m sz\u00edn\u0171 &#8211; majdnem feh\u00e9r &#8211; muffin kapszlik\u00a0<\/span><\/strong><span style=\"color: #ec008c;\"><span style=\"color: #878787;\">muffinok, cupcake-ek k\u00e9sz\u00edt\u00e9s\u00e9hez.<\/span><\/span><\/h3>\n<h3><strong><span style=\"color: #1ba6b4;\">TIPP:<br \/>\n<\/span><\/strong>S\u00fct\u00e9s ut\u00e1n hagyjuk a muffinokat, cupcake-eket a s\u00fct\u0151form\u00e1ban kih\u00fclni. Ezzel megakad\u00e1lyozzuk, hogy a p\u00e1ra miatt a\u00a0magas min\u0151s\u00e9g\u0171 kapszlik elv\u00e1ljanak a t\u00e9szt\u00e1t\u00f3l.<\/h3>\n<p>&nbsp;<\/p>\n<h3><span style=\"color: #878787;\"><strong>Kiszerel\u00e9s:<\/strong><\/span><\/h3>\n<ul>\n<li>\n<h3><span style=\"color: #878787;\">50 darab kapszli per csomag<\/span><\/h3>\n<\/li>\n<\/ul>\n<h3><span style=\"color: #878787;\"><strong>Alapanyag:<\/strong><\/span><\/h3>\n<ul>\n<li>\n<h3><span style=\"color: #878787;\">zs\u00edr\u00e1ll\u00f3 pap\u00edr<\/span><\/h3>\n<\/li>\n<\/ul>\n<div id=\"themify_builder_content-21557\" data-postid=\"21557\" class=\"themify_builder_content themify_builder_content-21557 themify_builder\">\n    <\/div>\n<!-- \/themify_builder_content -->","protected":false},"excerpt":{"rendered":"<h3><strong>Kapszlik m\u00e9rete:<\/strong><\/h3>\n<ul>\n<li>\n<h3>\u00e1tm\u00e9r\u0151 alul: \u00a0 \u00a0 \u00a0 \u00a0 \u00a0 47 mm<\/h3>\n<\/li>\n<li>\n<h3>\u00e1tm\u00e9r\u0151 fel\u00fcl: \u00a0 \u00a0 \u00a0 \u00a0 \u00a070 mm<\/h3>\n<\/li>\n<li>\n<h3>magass\u00e1g: \u00a0 \u00a0 \u00a0 \u00a0 \u00a0 \u00a0 33 mm<\/h3>\n<\/li>\n<\/ul>\n","protected":false},"featured_media":21558,"comment_status":"open","ping_status":"closed","template":"","meta":[],"builder_content":"","_links":{"self":[{"href":"https:\/\/jhcakes.com\/shop\/wp-json\/wp\/v2\/product\/21557"}],"collection":[{"href":"https:\/\/jhcakes.com\/shop\/wp-json\/wp\/v2\/product"}],"about":[{"href":"https:\/\/jhcakes.com\/shop\/wp-json\/wp\/v2\/types\/product"}],"replies":[{"embeddable":true,"href":"https:\/\/jhcakes.com\/shop\/wp-json\/wp\/v2\/comments?post=21557"}],"wp:featuredmedia":[{"embeddable":true,"href":"https:\/\/jhcakes.com\/shop\/wp-json\/wp\/v2\/media\/21558"}],"wp:attachment":[{"href":"https:\/\/jhcakes.com\/shop\/wp-json\/wp\/v2\/media?parent=21557"}],"curies":[{"name":"wp","href":"https:\/\/api.w.org\/{rel}","templated":true}]}}