{"id":21547,"date":"2021-04-25T15:18:29","date_gmt":"2021-04-25T13:18:29","guid":{"rendered":"https:\/\/jhcakes.com\/shop\/?post_type=product&#038;p=21547"},"modified":"2021-10-14T17:08:56","modified_gmt":"2021-10-14T15:08:56","slug":"zold-tengerkek-papir-szivoszalak","status":"publish","type":"product","link":"https:\/\/jhcakes.com\/shop\/termek\/zold-tengerkek-papir-szivoszalak\/","title":{"rendered":"Z\u00f6ld-tengerk\u00e9k pap\u00edr sz\u00edv\u00f3sz\u00e1la"},"content":{"rendered":"<h3 style=\"text-align: justify;\"><strong><span style=\"color: #ec008c;\">Z\u00f6ld \u00e9s tengerk\u00e9k p\u00f6tty\u00f6s pap\u00edr sz\u00edv\u00f3sz\u00e1lak<\/span><\/strong><span style=\"color: #878787;\">\u00a0mindenkorra. Ezek a pap\u00edr sz\u00edv\u00f3sz\u00e1lak amerikai gy\u00e1rtm\u00e1ny\u00faak, tart\u00f3sak, haszn\u00e1lat k\u00f6zben nem omlanak sz\u00e9t.<\/span><\/h3>\n<p><span style=\"color: #878787;\">\u00a0<\/span><\/p>\n<h3><span style=\"color: #878787;\"><strong>Kiszerel\u00e9s:<\/strong><\/span><\/h3>\n<ul>\n<li>\n<h3>20 darab per csomag<\/h3>\n<\/li>\n<\/ul>\n<h3><span style=\"color: #878787;\"><strong>Alapanyag:<\/strong><\/span><\/h3>\n<ul>\n<li>\n<h3>pr\u00e9selt pap\u00edr<\/h3>\n<\/li>\n<\/ul>\n<h3 id=\"tab-description\"><span style=\"color: #878787;\"><strong>Gy\u00e1rt\u00e1si hely:<\/strong><\/span><\/h3>\n<ul>\n<li>\n<h3><span style=\"color: #878787;\">USA<\/span><\/h3>\n<\/li>\n<\/ul>\n<div id=\"themify_builder_content-21547\" data-postid=\"21547\" class=\"themify_builder_content themify_builder_content-21547 themify_builder\">\n    <\/div>\n<!-- \/themify_builder_content -->","protected":false},"excerpt":{"rendered":"<h3><strong>Sz\u00edv\u00f3sz\u00e1lak m\u00e9rete:<\/strong><\/h3>\n<ul>\n<li>\n<h3>hossz\u00fas\u00e1g: \u00a0 \u00a0 \u00a0 \u00a0 \u00a0 \u00a0 \u00a0 195 mm<\/h3>\n<\/li>\n<li>\n<h3>k\u00fcls\u0151 \u00e1tm\u00e9r\u0151: \u00a0 \u00a0 \u00a0 \u00a0 \u00a0 \u00a0 6 mm<\/h3>\n<\/li>\n<\/ul>\n","protected":false},"featured_media":21548,"comment_status":"open","ping_status":"closed","template":"","meta":[],"builder_content":"","_links":{"self":[{"href":"https:\/\/jhcakes.com\/shop\/wp-json\/wp\/v2\/product\/21547"}],"collection":[{"href":"https:\/\/jhcakes.com\/shop\/wp-json\/wp\/v2\/product"}],"about":[{"href":"https:\/\/jhcakes.com\/shop\/wp-json\/wp\/v2\/types\/product"}],"replies":[{"embeddable":true,"href":"https:\/\/jhcakes.com\/shop\/wp-json\/wp\/v2\/comments?post=21547"}],"wp:featuredmedia":[{"embeddable":true,"href":"https:\/\/jhcakes.com\/shop\/wp-json\/wp\/v2\/media\/21548"}],"wp:attachment":[{"href":"https:\/\/jhcakes.com\/shop\/wp-json\/wp\/v2\/media?parent=21547"}],"curies":[{"name":"wp","href":"https:\/\/api.w.org\/{rel}","templated":true}]}}