{"id":21457,"date":"2021-04-17T16:33:05","date_gmt":"2021-04-17T14:33:05","guid":{"rendered":"https:\/\/jhcakes.com\/shop\/?post_type=product&#038;p=21457"},"modified":"2021-12-15T14:19:29","modified_gmt":"2021-12-15T13:19:29","slug":"pottyok-patchwork-kiszuroszett","status":"publish","type":"product","link":"https:\/\/jhcakes.com\/shop\/termek\/pottyok-patchwork-kiszuroszett\/","title":{"rendered":"P\u00f6tty\u00f6k patchwork kisz\u00far\u00f3"},"content":{"rendered":"<h3><strong><span style=\"color: #ec008c;\">A p\u00f6tty\u00f6k patchwork jel\u00f6l\u0151- \u00e9s kisz\u00far\u00f3szettel<\/span><\/strong>\u00a0egyszerre k\u00e9sz\u00edthetsz 56 darab, azonos \u00a0m\u00e9ret\u0171 fondant p\u00f6tty\u00f6t, vagy m\u00e9zeskal\u00e1csokra, jel\u00f6l\u0151 pontokat. A kisz\u00far\u00f3 1 darabb\u00f3l \u00e1ll.\u00a0K\u00e9t vagy t\u00f6bb teljes t\u00e1bla haszn\u00e1lat\u00e1n\u00e1l a jel\u00f6l\u00e9sek t\u00f6k\u00e9letesen egym\u00e1sba illeszkednek, a mint\u00e1k \u00edgy folyamatosak lesznek.<\/h3>\n<h3><\/h3>\n<p>&nbsp;<\/p>\n<h3><strong>Hogyan haszn\u00e1ljuk a patchwork kisz\u00far\u00f3t?<\/strong><\/h3>\n<p>&nbsp;<\/p>\n<h3><strong><span style=\"color: #1ba6b4;\">TIPPEK<\/span><\/strong><\/h3>\n<h3><strong>Mint\u00e1k kisz\u00far\u00e1sa:<\/strong><\/h3>\n<ul>\n<li>\n<h3>alapanyagk\u00e9nt haszn\u00e1lhatunk cukormassz\u00e1t, marcip\u00e1nt \u00e9s fondantot is, a dekor\u00e1ci\u00f3 c\u00e9lj\u00e1nak megfelel\u0151en<\/h3>\n<\/li>\n<li>\n<h3>a patchwork kisz\u00far\u00f3k v\u00e1g\u00f3\u00e9le felfel\u00e9 sz\u0171k\u00fcl\u0151 \u00e9s mind\u00f6ssze 3 millim\u00e9ter magas, ez\u00e9rt csak nagyon v\u00e9konyra ny\u00fajtott massz\u00e1val dolgozzunk<\/h3>\n<\/li>\n<li>\n<h3>FONTOS: a patchwork kisz\u00far\u00f3k nyers, s\u00fct\u00e9sre v\u00e1r\u00f3 t\u00e9szt\u00e1k kisz\u00far\u00e1s\u00e1ra nem alkalmasak<\/h3>\n<\/li>\n<\/ul>\n<h3><strong>Stempliz\u00e9s:<\/strong><\/h3>\n<ul>\n<li>\n<h3>a m\u00e9zes-, illetve linzert\u00e9szt\u00e1t kiny\u00fajt\u00e1s \u00e9s szaggat\u00e1s ut\u00e1n &#8220;stemplizz\u00fck&#8221; meg a patchwork kisz\u00far\u00f3val &#8211; a &#8220;stemplizett&#8221; minta s\u00fct\u00e9skor a t\u00e9szt\u00e1ban marad, \u00edgy d\u00edsz\u00edt\u00e9skor csak k\u00f6vetn\u00fcnk kell a vonalakat \ud83d\ude42<\/h3>\n<\/li>\n<li>\n<h3>FONTOS: amennyiben nagyon ter\u00fcl\u0151s t\u00e9szt\u00e1t haszn\u00e1lunk, a &#8220;stempliz\u0151&#8221; m\u00f3dszer nem biztos, hogy t\u00f6k\u00e9letesen bev\u00e1lik<\/h3>\n<\/li>\n<li>\n<h3>tortadekor\u00e1l\u00e1s eset\u00e9n szint\u00e9n haszn\u00e1lhatjuk a &#8220;stempliz\u0151&#8221; m\u00f3dszert &#8211; a puha fondantot &#8220;stemplizz\u00fck&#8221; meg a patchwork jel\u00f6l\u0151vel<\/h3>\n<\/li>\n<li>\n<h3>kem\u00e9ny fondant illetve egy\u00e9b alapanyag &#8220;stempliz\u00e9s\u00e9t&#8221; \u00fagy oldhatjuk meg, hogy a patchwork kisz\u00far\u00f3t minden haszn\u00e1lat el\u0151tt, \u00f3vatosan, \u00e9telfest\u00e9kkel bekenj\u00fck &#8211; a beken\u00e9shez haszn\u00e1lhatunk kis darab \u00e9telfest\u00e9kbe m\u00e1rtott szivacsot<\/h3>\n<\/li>\n<\/ul>\n<div id=\"themify_builder_content-21457\" data-postid=\"21457\" class=\"themify_builder_content themify_builder_content-21457 themify_builder\">\n    <\/div>\n<!-- \/themify_builder_content -->","protected":false},"excerpt":{"rendered":"<h3><strong>P\u00f6tty\u00f6k \u00e1tm\u00e9r\u0151je:<\/strong><\/h3>\n<ul>\n<li>\n<h3>10 mm<\/h3>\n<\/li>\n<\/ul>\n<h3><strong>Panel teljes m\u00e9rete:<\/strong><\/h3>\n<ul>\n<li>\n<h3>sz: 165 mm x m: 80 mm<\/h3>\n<\/li>\n<\/ul>\n","protected":false},"featured_media":21459,"comment_status":"closed","ping_status":"closed","template":"","meta":[],"builder_content":"","_links":{"self":[{"href":"https:\/\/jhcakes.com\/shop\/wp-json\/wp\/v2\/product\/21457"}],"collection":[{"href":"https:\/\/jhcakes.com\/shop\/wp-json\/wp\/v2\/product"}],"about":[{"href":"https:\/\/jhcakes.com\/shop\/wp-json\/wp\/v2\/types\/product"}],"replies":[{"embeddable":true,"href":"https:\/\/jhcakes.com\/shop\/wp-json\/wp\/v2\/comments?post=21457"}],"wp:featuredmedia":[{"embeddable":true,"href":"https:\/\/jhcakes.com\/shop\/wp-json\/wp\/v2\/media\/21459"}],"wp:attachment":[{"href":"https:\/\/jhcakes.com\/shop\/wp-json\/wp\/v2\/media?parent=21457"}],"curies":[{"name":"wp","href":"https:\/\/api.w.org\/{rel}","templated":true}]}}