{"id":21448,"date":"2021-04-17T12:02:36","date_gmt":"2021-04-17T10:02:36","guid":{"rendered":"https:\/\/jhcakes.com\/shop\/?post_type=product&#038;p=21448"},"modified":"2024-12-05T11:50:30","modified_gmt":"2024-12-05T10:50:30","slug":"mezi-fiu-vagy-csontvaz-kiszuro-95-mm","status":"publish","type":"product","link":"https:\/\/jhcakes.com\/shop\/termek\/mezi-fiu-vagy-csontvaz-kiszuro-95-mm\/","title":{"rendered":"M\u00e9zi fi\u00fa vagy csontv\u00e1z kisz\u00far\u00f3 95 mm"},"content":{"rendered":"<h3 style=\"text-align: justify;\"><span style=\"color: #878787;\"><span style=\"color: #ec008c;\"><strong>M\u00e9zi fi\u00fa vagy c<\/strong><\/span><\/span><span style=\"color: #878787;\"><span style=\"color: #ec008c;\"><strong>sontv\u00e1z\u00a0<\/strong><\/span><\/span><span style=\"color: #878787;\"><span style=\"color: #ec008c;\"><strong>kisz\u00far\u00f3 &#8211;\u00a0<\/strong><\/span>k\u00e9sz\u00edts k\u00e9t figur\u00e1t egy kisz\u00far\u00f3val.\u00a0Van olyan m\u00e9zink is, amit fel\u00f6lt\u00f6ztethetsz\u00a0&#8211; katt <span style=\"color: #1ba6b5;\"><strong><a style=\"color: #1ba6b5;\" href=\"https:\/\/jhcakes.com\/shop\/termek\/mezeskalacs-fiu-oltoztetve\/\" target=\"_blank\" rel=\"noopener noreferrer\">IDE<\/a><\/strong>.<\/span> Ha pedig \u00f6lt\u00f6ztethet\u0151<\/span><span style=\"color: #878787;\">\u00a0m\u00e9zi kisl\u00e1nyt keresel, <strong><span style=\"color: #1ba6b5;\"><a style=\"color: #1ba6b5;\" href=\"https:\/\/jhcakes.com\/shop\/termek\/mezeskalacs-lanyka-oltoztetve\/\" target=\"_blank\" rel=\"noopener noreferrer\">IDE<\/a><\/span><\/strong>\u00a0katt.<\/span><\/h3>\n<p>&nbsp;<\/p>\n<h3><strong>Mihez aj\u00e1nljuk a kisz\u00far\u00f3t?<\/strong><\/h3>\n<ul>\n<li>\n<h3>m\u00e9zes \u00e9s egy\u00e9b t\u00e9sztaf\u00e9l\u00e9khez<\/h3>\n<\/li>\n<li>\n<h3>fondant, cukormassza \u00e9s marcip\u00e1n form\u00e1k kisz\u00far\u00e1s\u00e1hoz<\/h3>\n<\/li>\n<\/ul>\n<h3><strong>Alapanyag:<\/strong><\/h3>\n<ul>\n<li>\n<h3>\u00f3nozott lemez, haszn\u00e1latkor forma tart\u00f3<\/h3>\n<\/li>\n<\/ul>\n<h3 id=\"tab-description\"><strong>Kezel\u00e9si \u00fatmutat\u00f3:<\/strong><\/h3>\n<ul>\n<li>\n<h3>k\u00e9zzel moshat\u00f3, leveg\u0151n sz\u00e1r\u00edtand\u00f3<\/h3>\n<\/li>\n<\/ul>\n<div id=\"themify_builder_content-21448\" data-postid=\"21448\" class=\"themify_builder_content themify_builder_content-21448 themify_builder\">\n    <\/div>\n<!-- \/themify_builder_content -->","protected":false},"excerpt":{"rendered":"<h3><strong>Kisz\u00far\u00f3 m\u00e9rete:<\/strong><\/h3>\n<ul>\n<li>\n<h3>sz\u00e9less\u00e9g: \u00a0 \u00a0 \u00a0 \u00a070 mm<\/h3>\n<\/li>\n<li>\n<h3>magass\u00e1g: \u00a0 \u00a0 \u00a0 95 mm<\/h3>\n<\/li>\n<\/ul>\n","protected":false},"featured_media":21442,"comment_status":"open","ping_status":"closed","template":"","meta":[],"builder_content":"","_links":{"self":[{"href":"https:\/\/jhcakes.com\/shop\/wp-json\/wp\/v2\/product\/21448"}],"collection":[{"href":"https:\/\/jhcakes.com\/shop\/wp-json\/wp\/v2\/product"}],"about":[{"href":"https:\/\/jhcakes.com\/shop\/wp-json\/wp\/v2\/types\/product"}],"replies":[{"embeddable":true,"href":"https:\/\/jhcakes.com\/shop\/wp-json\/wp\/v2\/comments?post=21448"}],"wp:featuredmedia":[{"embeddable":true,"href":"https:\/\/jhcakes.com\/shop\/wp-json\/wp\/v2\/media\/21442"}],"wp:attachment":[{"href":"https:\/\/jhcakes.com\/shop\/wp-json\/wp\/v2\/media?parent=21448"}],"curies":[{"name":"wp","href":"https:\/\/api.w.org\/{rel}","templated":true}]}}