{"id":21447,"date":"2021-04-17T11:59:08","date_gmt":"2021-04-17T09:59:08","guid":{"rendered":"https:\/\/jhcakes.com\/shop\/?post_type=product&#038;p=21447"},"modified":"2021-04-17T12:01:43","modified_gmt":"2021-04-17T10:01:43","slug":"mezi-fiu-vagy-csontvaz-kiszuro-55-mm","status":"publish","type":"product","link":"https:\/\/jhcakes.com\/shop\/termek\/mezi-fiu-vagy-csontvaz-kiszuro-55-mm\/","title":{"rendered":"M\u00e9zi fi\u00fa vagy csontv\u00e1z kisz\u00far\u00f3 55 mm"},"content":{"rendered":"<h3 style=\"text-align: justify;\"><span style=\"color: #878787;\"><span style=\"color: #ec008c;\"><strong>Kisebb m\u00e9zi fi\u00fa vagy csontv\u00e1z kisz\u00far\u00f3 &#8211; <\/strong><\/span>k\u00e9sz\u00edts k\u00e9t figur\u00e1t, egy kisz\u00far\u00f3val.<br \/>\nVan olyan m\u00e9z fu\u00fank is, amit <span style=\"color: #878787;\">fel\u00f6lt\u00f6ztethesz<\/span>\u00a0&#8211; katt <span style=\"color: #1ba6b5;\"><strong><a style=\"color: #1ba6b5;\" href=\"https:\/\/jhcakes.com\/shop\/termek\/mezeskalacs-fiu-oltoztetve\/\" target=\"_blank\" rel=\"noopener noreferrer\">IDE<\/a><\/strong>.<\/span> Ha pedig \u00f6lt\u00f6ztethet\u0151 m<\/span><span style=\"color: #878787;\">\u00e9zeskal\u00e1cs kisl\u00e1nyt keresel, <strong><span style=\"color: #1ba6b5;\"><a style=\"color: #1ba6b5;\" href=\"https:\/\/jhcakes.com\/shop\/termek\/mezeskalacs-lanyka-oltoztetve\/\" target=\"_blank\" rel=\"noopener noreferrer\">IDE<\/a><\/span><\/strong>\u00a0katt.<\/span><\/h3>\n<p>&nbsp;<\/p>\n<h3><strong>Mihez aj\u00e1nljuk a kisz\u00far\u00f3t?<\/strong><\/h3>\n<ul>\n<li>\n<h3>m\u00e9zes \u00e9s egy\u00e9b t\u00e9sztaf\u00e9l\u00e9khez<\/h3>\n<\/li>\n<li>\n<h3>fondant, cukormassza \u00e9s marcip\u00e1n form\u00e1k kisz\u00far\u00e1s\u00e1hoz<\/h3>\n<\/li>\n<\/ul>\n<h3><strong>Alapanyag:<\/strong><\/h3>\n<ul>\n<li>\n<h3>\u00f3nozott lemez, haszn\u00e1latkor formatart\u00f3 marad<\/h3>\n<\/li>\n<\/ul>\n<h3 id=\"tab-description\"><strong>Kezel\u00e9si \u00fatmutat\u00f3:<\/strong><\/h3>\n<ul>\n<li>\n<h3>k\u00e9zzel moshat\u00f3, leveg\u0151n sz\u00e1r\u00edtand\u00f3<\/h3>\n<\/li>\n<\/ul>\n<div id=\"themify_builder_content-21447\" data-postid=\"21447\" class=\"themify_builder_content themify_builder_content-21447 themify_builder\">\n    <\/div>\n<!-- \/themify_builder_content -->","protected":false},"excerpt":{"rendered":"<h3><strong>Kisz\u00far\u00f3 m\u00e9rete:<\/strong><\/h3>\n<ul>\n<li>\n<h3>sz\u00e9less\u00e9g: \u00a0 \u00a0 \u00a046 mm<\/h3>\n<\/li>\n<li>\n<h3>magass\u00e1g: \u00a0 \u00a0 55 mm<\/h3>\n<\/li>\n<\/ul>\n","protected":false},"featured_media":21445,"comment_status":"open","ping_status":"closed","template":"","meta":[],"builder_content":"","_links":{"self":[{"href":"https:\/\/jhcakes.com\/shop\/wp-json\/wp\/v2\/product\/21447"}],"collection":[{"href":"https:\/\/jhcakes.com\/shop\/wp-json\/wp\/v2\/product"}],"about":[{"href":"https:\/\/jhcakes.com\/shop\/wp-json\/wp\/v2\/types\/product"}],"replies":[{"embeddable":true,"href":"https:\/\/jhcakes.com\/shop\/wp-json\/wp\/v2\/comments?post=21447"}],"wp:featuredmedia":[{"embeddable":true,"href":"https:\/\/jhcakes.com\/shop\/wp-json\/wp\/v2\/media\/21445"}],"wp:attachment":[{"href":"https:\/\/jhcakes.com\/shop\/wp-json\/wp\/v2\/media?parent=21447"}],"curies":[{"name":"wp","href":"https:\/\/api.w.org\/{rel}","templated":true}]}}