{"id":21360,"date":"2021-03-29T13:31:03","date_gmt":"2021-03-29T11:31:03","guid":{"rendered":"https:\/\/jhcakes.com\/shop\/?post_type=product&#038;p=21360"},"modified":"2025-04-22T17:13:53","modified_gmt":"2025-04-22T15:13:53","slug":"csokolade-tojas-ontoforma","status":"publish","type":"product","link":"https:\/\/jhcakes.com\/shop\/termek\/csokolade-tojas-ontoforma\/","title":{"rendered":"Csokol\u00e1d\u00e9 toj\u00e1s \u00f6nt\u0151forma"},"content":{"rendered":"<h3><strong><span style=\"color: #ec008c;\">Csokol\u00e1d\u00e9 toj\u00e1s \u00f6nt\u0151forma <\/span><\/strong>csokol\u00e1d\u00e9 k\u00e9sz\u00edt\u0151knek, vagy ak\u00e1r cukorvir\u00e1g k\u00e9sz\u00edt\u0151knek:).<\/h3>\n<h3>Csoki toj\u00e1sok k\u00e9sz\u00edt\u00e9sekor, el\u0151sz\u00f6r t\u00f6r\u00f6lj\u00fck \u00e1t a form\u00e1t, hogy por- \u00e9s ujjlenyomatmentes legyen. Olvasszuk meg a csokol\u00e1d\u00e9t \u00e9s t\u00f6lts\u00fck a form\u00e1ba \u00fagy, hogy a csokol\u00e1d\u00e9 a forma minden r\u00e9sz\u00e9t egyenletesen befedje. A felesleges csokol\u00e1d\u00e9t \u00f6nts\u00fck ki a form\u00e1b\u00f3l, majd h\u0171ts\u00fck le a form\u00e1ban l\u00e9v\u0151 csokol\u00e1d\u00e9t, p\u00e1r perce h\u0171t\u0151be t\u00e9ve. Amikor a csokol\u00e1d\u00e9form\u00e1k megdermedtek, vegy\u00fck ki a f\u00e9l toj\u00e1sokat a form\u00e1b\u00f3l \u00e9s olvasztott csokol\u00e1d\u00e9val ragasszuk \u00f6ssze \u0151ket.<\/h3>\n<h3><span style=\"color: #1ba6b4;\"><strong>TIPP:<\/strong><\/span><br \/>\nA csokol\u00e1d\u00e9 toj\u00e1s forma kiv\u00e1l\u00f3an alkalmas cukorvir\u00e1g szirmok sz\u00e1r\u00edt\u00e1s\u00e1ra, k\u00fcl\u00f6n\u00f6sen tulip\u00e1n szirmokhoz.<\/h3>\n<p>&nbsp;<\/p>\n<h3><strong>Mihez aj\u00e1nljuk a toj\u00e1s form\u00e1t?<\/strong><\/h3>\n<ul>\n<li>\n<h3>csokol\u00e1d\u00e9 toj\u00e1sok k\u00e9sz\u00edt\u00e9s\u00e9hez<\/h3>\n<\/li>\n<li>\n<h3>curkovir\u00e1g szirmok sz\u00e1r\u00edt\u00e1s\u00e1hoz<\/h3>\n<\/li>\n<\/ul>\n<h3><strong>Kiszerel\u00e9s:<\/strong><\/h3>\n<ul>\n<li>\n<h3>egy t\u00e1lca, 6 darab toj\u00e1s alak\u00fa \u00fcreggel<\/h3>\n<\/li>\n<\/ul>\n<h3><strong>Alapanyag:<\/strong><\/h3>\n<ul>\n<li>\n<h3>m\u0171anyag<\/h3>\n<\/li>\n<\/ul>\n<h3><strong>Kezel\u00e9si \u00fatmutat\u00f3:<\/strong><\/h3>\n<ul>\n<li>\n<h3>k\u00e9zzel moshat\u00f3, leveg\u0151n sz\u00e1r\u00edtand\u00f3<\/h3>\n<\/li>\n<\/ul>\n<div id=\"themify_builder_content-21360\" data-postid=\"21360\" class=\"themify_builder_content themify_builder_content-21360 themify_builder\">\n    <\/div>\n<!-- \/themify_builder_content -->","protected":false},"excerpt":{"rendered":"<h3><strong>Toj\u00e1s form\u00e1k m\u00e9rete:<\/strong><\/h3>\n<ul>\n<li>\n<h3>sz\u00e9less\u00e9g: \u00a0 \u00a0 \u00a0 \u00a040 mm<\/h3>\n<\/li>\n<li>\n<h3>magass\u00e1g: \u00a0 \u00a0 \u00a060 mm<\/h3>\n<\/li>\n<\/ul>\n<p>&nbsp;<\/p>\n","protected":false},"featured_media":21362,"comment_status":"open","ping_status":"closed","template":"","meta":[],"builder_content":"","_links":{"self":[{"href":"https:\/\/jhcakes.com\/shop\/wp-json\/wp\/v2\/product\/21360"}],"collection":[{"href":"https:\/\/jhcakes.com\/shop\/wp-json\/wp\/v2\/product"}],"about":[{"href":"https:\/\/jhcakes.com\/shop\/wp-json\/wp\/v2\/types\/product"}],"replies":[{"embeddable":true,"href":"https:\/\/jhcakes.com\/shop\/wp-json\/wp\/v2\/comments?post=21360"}],"wp:featuredmedia":[{"embeddable":true,"href":"https:\/\/jhcakes.com\/shop\/wp-json\/wp\/v2\/media\/21362"}],"wp:attachment":[{"href":"https:\/\/jhcakes.com\/shop\/wp-json\/wp\/v2\/media?parent=21360"}],"curies":[{"name":"wp","href":"https:\/\/api.w.org\/{rel}","templated":true}]}}