{"id":21308,"date":"2021-03-21T16:22:52","date_gmt":"2021-03-21T15:22:52","guid":{"rendered":"https:\/\/jhcakes.com\/shop\/?post_type=product&#038;p=21308"},"modified":"2025-01-04T20:15:56","modified_gmt":"2025-01-04T19:15:56","slug":"volegeny-es-menyasszony-szett","status":"publish","type":"product","link":"https:\/\/jhcakes.com\/shop\/termek\/volegeny-es-menyasszony-szett\/","title":{"rendered":"V\u0151leg\u00e9ny \u00e9s menyasszony szett"},"content":{"rendered":"<h3>A h\u00e1rom darabos\u00a0<strong><span style=\"color: #ec008c;\">v\u0151leg\u00e9ny, menyasszony \u00e9s sz\u00edv kisz\u00far\u00f3szettel\u00a0<\/span><\/strong><span style=\"color: #ec008c;\"><span style=\"color: #878787;\">k\u00e9sz\u00edthet\u00fcnk fondant figur\u00e1kat tortadekor\u00e1l\u00e1sra, vagy haszn\u00e1lhatjuk a szettet k\u00f6sz\u00f6n\u0151aj\u00e1nd\u00e9knak sz\u00e1nt m\u00e9zesek k\u00e9sz\u00edt\u00e9s\u00e9re is. A m\u00e9zesek dekor\u00e1l\u00e1s\u00e1ra aj\u00e1nljuk <strong><a href=\"https:\/\/jhcakes.com\/shop\/termekkategoria\/festekek-ecsetek\/gelfestekek-pasztak\/\" target=\"_blank\" rel=\"noopener\"><span style=\"color: #1ba6b5;\">g\u00e9lfest\u00e9keinket<\/span><\/a> <\/strong>\u00e9s <\/span><\/span><span style=\"color: #1ba6b5;\"><a style=\"color: #1ba6b5;\" href=\"https:\/\/jhcakes.com\/shop\/termekkategoria\/eheto-dekoraciok\/\" target=\"_blank\" rel=\"noopener noreferrer\"><strong>dekor\u00e1l\u00f3 cukork\u00e1inkat.<\/strong> <\/a><\/span><span style=\"color: #878787;\">\u00a0<\/span><\/h3>\n<p>&nbsp;<\/p>\n<h3><span style=\"color: #878787;\"><strong>Mihez aj\u00e1nljuk a kisz\u00far\u00f3szettet?<\/strong><\/span><\/h3>\n<ul>\n<li>\n<h3><span style=\"color: #878787;\">m\u00e9zes \u00e9s egy\u00e9b t\u00e9sztaf\u00e9l\u00e9khez<\/span><\/h3>\n<\/li>\n<li>\n<h3><span style=\"color: #878787;\">fondant, cukormassza \u00e9s marcip\u00e1n form\u00e1k kisz\u00far\u00e1s\u00e1hoz<\/span><\/h3>\n<\/li>\n<\/ul>\n<h3><span style=\"color: #878787;\"><strong>Alapanyag:<\/strong><\/span><\/h3>\n<ul>\n<li>\n<h3><span style=\"color: #878787;\">\u00f3nozott lemez, haszn\u00e1latkor formatart\u00f3 marad<\/span><\/h3>\n<\/li>\n<\/ul>\n<h3 id=\"tab-description\"><span style=\"color: #878787;\"><strong>Kezel\u00e9si \u00fatmutat\u00f3:<\/strong><\/span><\/h3>\n<ul>\n<li>\n<h3><span style=\"color: #878787;\">k\u00e9zzel moshat\u00f3, leveg\u0151n sz\u00e1r\u00edtand\u00f3<\/span><\/h3>\n<\/li>\n<\/ul>\n<div id=\"themify_builder_content-21308\" data-postid=\"21308\" class=\"themify_builder_content themify_builder_content-21308 themify_builder\">\n    <\/div>\n<!-- \/themify_builder_content -->","protected":false},"excerpt":{"rendered":"<h3><strong>Kisz\u00far\u00f3k m\u00e9rete:<\/strong><\/h3>\n<ul>\n<li>\n<h3>v\u0151leg\u00e9ny: \u00a0 \u00a0sz: 35 mm x m: 130 mm<\/h3>\n<\/li>\n<li>\n<h3>menyasszony: \u00a0sz: 75 mm x m: 130 mm<\/h3>\n<\/li>\n<li>\n<h3>sz\u00edv: sz: 45 mm x m: 45 mm<\/h3>\n<\/li>\n<\/ul>\n","protected":false},"featured_media":21309,"comment_status":"open","ping_status":"closed","template":"","meta":[],"builder_content":"","_links":{"self":[{"href":"https:\/\/jhcakes.com\/shop\/wp-json\/wp\/v2\/product\/21308"}],"collection":[{"href":"https:\/\/jhcakes.com\/shop\/wp-json\/wp\/v2\/product"}],"about":[{"href":"https:\/\/jhcakes.com\/shop\/wp-json\/wp\/v2\/types\/product"}],"replies":[{"embeddable":true,"href":"https:\/\/jhcakes.com\/shop\/wp-json\/wp\/v2\/comments?post=21308"}],"wp:featuredmedia":[{"embeddable":true,"href":"https:\/\/jhcakes.com\/shop\/wp-json\/wp\/v2\/media\/21309"}],"wp:attachment":[{"href":"https:\/\/jhcakes.com\/shop\/wp-json\/wp\/v2\/media?parent=21308"}],"curies":[{"name":"wp","href":"https:\/\/api.w.org\/{rel}","templated":true}]}}