{"id":21288,"date":"2021-03-19T13:00:44","date_gmt":"2021-03-19T12:00:44","guid":{"rendered":"https:\/\/jhcakes.com\/shop\/?post_type=product&#038;p=21288"},"modified":"2025-11-09T19:35:30","modified_gmt":"2025-11-09T18:35:30","slug":"kis-egyenes-kenokes-23-cm","status":"publish","type":"product","link":"https:\/\/jhcakes.com\/shop\/termek\/kis-egyenes-kenokes-23-cm\/","title":{"rendered":"Kis egyenes ken\u0151k\u00e9s 23 cm"},"content":{"rendered":"<h3>Jap\u00e1n gy\u00e1rtm\u00e1ny\u00fa, kis m\u00e9ret\u0171, <strong><span style=\"color: #ec008c;\">egyenes ken\u0151k\u00e9s, <\/span><\/strong>nem csak cukr\u00e1szoknak:). \u00a0Kis m\u00e9rete miatt nagyon j\u00f3l kezelhet\u0151, k\u00e9zrees\u0151, k\u00f6nny\u0171 eszk\u00f6z. Kiv\u00e1l\u00f3 min\u0151s\u00e9g.<\/h3>\n<h3><\/h3>\n<p>&nbsp;<\/p>\n<h3><\/h3>\n<h3><strong>Milyen m\u0171veletekhez aj\u00e1nljuk az egyenes vonal\u00fa ken\u0151k\u00e9st?<\/strong><\/h3>\n<ul>\n<li>\n<h3>tort\u00e1k, \u00e9dess\u00e9gek bevon\u00e1s\u00e1hoz<\/h3>\n<\/li>\n<li>\n<h3>ter\u00fcl\u0151m\u00e1z m\u00e9zesre t\u00f6rt\u00e9n\u0151 felvitel\u00e9hez<\/h3>\n<\/li>\n<\/ul>\n<h3><strong>Alapanyag:<\/strong><\/h3>\n<ul>\n<li>\n<h3>k\u00e9s: rozsdamentes ac\u00e9l<\/h3>\n<\/li>\n<li>\n<h3>ny\u00e9l: m\u0171anyag<\/h3>\n<\/li>\n<\/ul>\n<h3 id=\"tab-description\"><strong>Kezel\u00e9si \u00fatmutat\u00f3:<\/strong><\/h3>\n<ul>\n<li>\n<h3>k\u00e9zzel \u00e9s mosogat\u00f3g\u00e9ppel is moshat\u00f3<\/h3>\n<\/li>\n<\/ul>\n<div id=\"themify_builder_content-21288\" data-postid=\"21288\" class=\"themify_builder_content themify_builder_content-21288 themify_builder\">\n    <\/div>\n<!-- \/themify_builder_content -->","protected":false},"excerpt":{"rendered":"<h3><strong>Ken\u0151k\u00e9s m\u00e9rete:<\/strong><\/h3>\n<ul>\n<li>\n<h3>f\u00e9m sim\u00edt\u00f3fel\u00fclet hossza: \u00a0 \u00a0 \u00a0 \u00a0 80 mm<\/h3>\n<\/li>\n<li>\n<h3>ny\u00e9l hossza: \u00a0 \u00a0 \u00a0 \u00a0 \u00a0 \u00a0 \u00a0 \u00a0 \u00a0 \u00a0 \u00a0 \u00a0 \u00a0 \u00a0 \u00a0 \u00a0 110 mm<\/h3>\n<\/li>\n<\/ul>\n","protected":false},"featured_media":21283,"comment_status":"closed","ping_status":"closed","template":"","meta":[],"builder_content":"","_links":{"self":[{"href":"https:\/\/jhcakes.com\/shop\/wp-json\/wp\/v2\/product\/21288"}],"collection":[{"href":"https:\/\/jhcakes.com\/shop\/wp-json\/wp\/v2\/product"}],"about":[{"href":"https:\/\/jhcakes.com\/shop\/wp-json\/wp\/v2\/types\/product"}],"replies":[{"embeddable":true,"href":"https:\/\/jhcakes.com\/shop\/wp-json\/wp\/v2\/comments?post=21288"}],"wp:featuredmedia":[{"embeddable":true,"href":"https:\/\/jhcakes.com\/shop\/wp-json\/wp\/v2\/media\/21283"}],"wp:attachment":[{"href":"https:\/\/jhcakes.com\/shop\/wp-json\/wp\/v2\/media?parent=21288"}],"curies":[{"name":"wp","href":"https:\/\/api.w.org\/{rel}","templated":true}]}}