{"id":21242,"date":"2021-03-15T17:51:28","date_gmt":"2021-03-15T16:51:28","guid":{"rendered":"https:\/\/jhcakes.com\/shop\/?post_type=product&#038;p=21242"},"modified":"2022-09-20T09:42:31","modified_gmt":"2022-09-20T07:42:31","slug":"hungarocell-golyok-80-mm-2-db","status":"publish","type":"product","link":"https:\/\/jhcakes.com\/shop\/termek\/hungarocell-golyok-80-mm-2-db\/","title":{"rendered":"Hungarocell goly\u00f3k 80 mm &#8211; 2 db"},"content":{"rendered":"<h3>Igazi nagy m\u00e9ret\u0171\u00a0<strong><span style=\"color: #ec008c;\">hungarocell goly\u00f3k<\/span><\/strong>\u00a0nagy cukorvir\u00e1g szirmok \u00f6bl\u00f6s kialak\u00edt\u00e1s\u00e1hoz. Ezeket a nagy \u00e1tm\u00e9r\u0151j\u0171 hungarocell goly\u00f3kat a szirmok sz\u00e1r\u00edt\u00e1s\u00e1hoz aj\u00e1nljuk.\u00a0A bedr\u00f3tozott szirmokat helyezz\u00fck a goly\u00f3k tetej\u00e9re olyan poz\u00edci\u00f3ban, ahogyan szeretn\u00e9nk, hogy a szirmok megsz\u00e1radjanak.<\/h3>\n<h3><span style=\"color: #1ba6b4;\"><strong>TIPP:<\/strong><\/span><br \/>\nAhhoz, hogy a goly\u00f3k ne mozduljanak el, tegy\u00fck a goly\u00f3kat vatta \u00e1gyba, vagy ragasszuk le \u0151ket egy kem\u00e9nyebb kartonra. Kisebb szirmok sz\u00e1r\u00edt\u00e1s\u00e1hoz a goly\u00f3kat kett\u00e9v\u00e1ghatjuk.<\/h3>\n<h3><span style=\"color: #878787;\"><strong>Kiszerel\u00e9s:<\/strong><\/span><\/h3>\n<ul>\n<li>\n<h3>2 db per csomag<\/h3>\n<\/li>\n<\/ul>\n<h3><strong>Alapanyag:<\/strong><\/h3>\n<ul>\n<li>\n<h3>hungarocell<\/h3>\n<h3><\/h3>\n<\/li>\n<\/ul>\n<div id=\"themify_builder_content-21242\" data-postid=\"21242\" class=\"themify_builder_content themify_builder_content-21242 themify_builder\">\n    <\/div>\n<!-- \/themify_builder_content -->","protected":false},"excerpt":{"rendered":"<h3><strong>Goly\u00f3k \u00e1tm\u00e9r\u0151je:<\/strong><\/h3>\n<ul>\n<li>\n<h3>kb 80 mm<\/h3>\n<\/li>\n<\/ul>\n","protected":false},"featured_media":21243,"comment_status":"closed","ping_status":"closed","template":"","meta":[],"builder_content":"","_links":{"self":[{"href":"https:\/\/jhcakes.com\/shop\/wp-json\/wp\/v2\/product\/21242"}],"collection":[{"href":"https:\/\/jhcakes.com\/shop\/wp-json\/wp\/v2\/product"}],"about":[{"href":"https:\/\/jhcakes.com\/shop\/wp-json\/wp\/v2\/types\/product"}],"replies":[{"embeddable":true,"href":"https:\/\/jhcakes.com\/shop\/wp-json\/wp\/v2\/comments?post=21242"}],"wp:featuredmedia":[{"embeddable":true,"href":"https:\/\/jhcakes.com\/shop\/wp-json\/wp\/v2\/media\/21243"}],"wp:attachment":[{"href":"https:\/\/jhcakes.com\/shop\/wp-json\/wp\/v2\/media?parent=21242"}],"curies":[{"name":"wp","href":"https:\/\/api.w.org\/{rel}","templated":true}]}}