{"id":21236,"date":"2021-03-14T16:18:20","date_gmt":"2021-03-14T15:18:20","guid":{"rendered":"https:\/\/jhcakes.com\/shop\/?post_type=product&#038;p=21236"},"modified":"2022-06-24T16:11:13","modified_gmt":"2022-06-24T14:11:13","slug":"11-darabos-kor-kiszuroszett","status":"publish","type":"product","link":"https:\/\/jhcakes.com\/shop\/termek\/11-darabos-kor-kiszuroszett\/","title":{"rendered":"11 darabos k\u00f6r kisz\u00far\u00f3szett"},"content":{"rendered":"<h3 style=\"text-align: justify;\"><strong><span style=\"color: #ec008c;\">11 darabos, k\u00f6r alak\u00fa, f\u00e9m kisz\u00far\u00f3szett<\/span><\/strong>\u00a0minden alkalomra. Szuper min\u0151s\u00e9g, remek m\u00e9retek. A kisz\u00far\u00f3szetthez f\u00e9m tart\u00f3doboz is tartozik.<\/h3>\n<p>&nbsp;<\/p>\n<h3><strong>Mihez aj\u00e1nljuk a kisz\u00far\u00f3szettet?<\/strong><\/h3>\n<ul>\n<li>\n<h3>m\u00e9zes \u00e9s egy\u00e9b t\u00e9sztaf\u00e9l\u00e9khez<\/h3>\n<\/li>\n<li>\n<h3>fondant, cukormassza \u00e9s marcip\u00e1n form\u00e1k kisz\u00far\u00e1s\u00e1hoz<\/h3>\n<\/li>\n<\/ul>\n<h3><strong>Alapanyag:<\/strong><\/h3>\n<ul>\n<li>\n<h3>\u00f3nozott lemez, mely haszn\u00e1latkor formatart\u00f3 marad<\/h3>\n<\/li>\n<\/ul>\n<h3 id=\"tab-description\"><strong>Kezel\u00e9si \u00fatmutat\u00f3:<\/strong><\/h3>\n<ul>\n<li>\n<h3>k\u00e9zzel moshat\u00f3, leveg\u0151n sz\u00e1r\u00edtand\u00f3<\/h3>\n<\/li>\n<\/ul>\n<div id=\"themify_builder_content-21236\" data-postid=\"21236\" class=\"themify_builder_content themify_builder_content-21236 themify_builder\">\n    <\/div>\n<!-- \/themify_builder_content -->","protected":false},"excerpt":{"rendered":"<h3><strong>Kisz\u00far\u00f3k m\u00e9rete:<\/strong><\/h3>\n<ul>\n<li>\n<h3>35, 42, 50, 56, 63, 70, 77, 83, 90, 97, 105 mm<\/h3>\n<\/li>\n<\/ul>\n","protected":false},"featured_media":21237,"comment_status":"closed","ping_status":"closed","template":"","meta":[],"builder_content":"","_links":{"self":[{"href":"https:\/\/jhcakes.com\/shop\/wp-json\/wp\/v2\/product\/21236"}],"collection":[{"href":"https:\/\/jhcakes.com\/shop\/wp-json\/wp\/v2\/product"}],"about":[{"href":"https:\/\/jhcakes.com\/shop\/wp-json\/wp\/v2\/types\/product"}],"replies":[{"embeddable":true,"href":"https:\/\/jhcakes.com\/shop\/wp-json\/wp\/v2\/comments?post=21236"}],"wp:featuredmedia":[{"embeddable":true,"href":"https:\/\/jhcakes.com\/shop\/wp-json\/wp\/v2\/media\/21237"}],"wp:attachment":[{"href":"https:\/\/jhcakes.com\/shop\/wp-json\/wp\/v2\/media?parent=21236"}],"curies":[{"name":"wp","href":"https:\/\/api.w.org\/{rel}","templated":true}]}}