{"id":21221,"date":"2021-03-14T14:02:26","date_gmt":"2021-03-14T13:02:26","guid":{"rendered":"https:\/\/jhcakes.com\/shop\/?post_type=product&#038;p=21221"},"modified":"2022-05-17T17:13:03","modified_gmt":"2022-05-17T15:13:03","slug":"9-darabos-ovalis-kiszuroszett","status":"publish","type":"product","link":"https:\/\/jhcakes.com\/shop\/termek\/9-darabos-ovalis-kiszuroszett\/","title":{"rendered":"9 darabos ov\u00e1lis kisz\u00far\u00f3szett"},"content":{"rendered":"<h3>K\u00fcl\u00f6nleges m\u00e9zesek k\u00e9sz\u00edt\u00e9s\u00e9hez haszn\u00e1ld\u00a0<strong><span style=\"color: #ec008c;\">9 darabos, ov\u00e1lis, f\u00e9m kisz\u00far\u00f3szett\u00fcnket.<\/span><\/strong>\u00a0Nagyon j\u00f3 min\u0151s\u00e9g, remek m\u00e9retek. A kisz\u00far\u00f3szett f\u00e9m tart\u00f3dobozban \u00e9rkezik.<\/h3>\n<p>&nbsp;<\/p>\n<h3><strong>Mihez aj\u00e1nljuk a kisz\u00far\u00f3szettet?<\/strong><\/h3>\n<ul>\n<li>\n<h3>m\u00e9zes \u00e9s egy\u00e9b t\u00e9sztaf\u00e9l\u00e9khez<\/h3>\n<\/li>\n<li>\n<h3>fondant, cukormassza \u00e9s marcip\u00e1n form\u00e1k kisz\u00far\u00e1s\u00e1hoz<\/h3>\n<\/li>\n<\/ul>\n<h3><strong>Alapanyag:<\/strong><\/h3>\n<ul>\n<li>\n<h3>\u00f3nozott lemez, mely haszn\u00e1latkor formatart\u00f3 marad<\/h3>\n<\/li>\n<\/ul>\n<h3 id=\"tab-description\"><strong>Kezel\u00e9si \u00fatmutat\u00f3:<\/strong><\/h3>\n<ul>\n<li>\n<h3>k\u00e9zzel moshat\u00f3, leveg\u0151n sz\u00e1r\u00edtand\u00f3<\/h3>\n<\/li>\n<\/ul>\n<div id=\"themify_builder_content-21221\" data-postid=\"21221\" class=\"themify_builder_content themify_builder_content-21221 themify_builder\">\n    <\/div>\n<!-- \/themify_builder_content -->","protected":false},"excerpt":{"rendered":"<h3><strong>Kisz\u00far\u00f3k m\u00e9rete:<\/strong><\/h3>\n<ul>\n<li>\n<h3>12 x 25 mm<\/h3>\n<\/li>\n<li>\n<h3>24 x 31 mm<\/h3>\n<\/li>\n<li>\n<h3>30 x 38 mm<\/h3>\n<\/li>\n<li>\n<h3>37 x 45 mm<\/h3>\n<\/li>\n<li>\n<h3>45 x 53 mm<\/h3>\n<\/li>\n<li>\n<h3>50 x 60 mm<\/h3>\n<\/li>\n<li>\n<h3>57 x 67 mm<\/h3>\n<\/li>\n<li>\n<h3>65 x 75 mm<\/h3>\n<\/li>\n<li>\n<h3>71 x 83 mm<\/h3>\n<\/li>\n<\/ul>\n","protected":false},"featured_media":21222,"comment_status":"closed","ping_status":"closed","template":"","meta":[],"builder_content":"","_links":{"self":[{"href":"https:\/\/jhcakes.com\/shop\/wp-json\/wp\/v2\/product\/21221"}],"collection":[{"href":"https:\/\/jhcakes.com\/shop\/wp-json\/wp\/v2\/product"}],"about":[{"href":"https:\/\/jhcakes.com\/shop\/wp-json\/wp\/v2\/types\/product"}],"replies":[{"embeddable":true,"href":"https:\/\/jhcakes.com\/shop\/wp-json\/wp\/v2\/comments?post=21221"}],"wp:featuredmedia":[{"embeddable":true,"href":"https:\/\/jhcakes.com\/shop\/wp-json\/wp\/v2\/media\/21222"}],"wp:attachment":[{"href":"https:\/\/jhcakes.com\/shop\/wp-json\/wp\/v2\/media?parent=21221"}],"curies":[{"name":"wp","href":"https:\/\/api.w.org\/{rel}","templated":true}]}}