{"id":21186,"date":"2021-03-12T15:30:27","date_gmt":"2021-03-12T14:30:27","guid":{"rendered":"https:\/\/jhcakes.com\/shop\/?post_type=product&#038;p=21186"},"modified":"2022-05-31T20:43:37","modified_gmt":"2022-05-31T18:43:37","slug":"nagy-fondant-simitoszett","status":"publish","type":"product","link":"https:\/\/jhcakes.com\/shop\/termek\/nagy-fondant-simitoszett\/","title":{"rendered":"Nagy fondant sim\u00edt\u00f3szett"},"content":{"rendered":"<h3>Szuper min\u0151s\u00e9g\u0171, nagy m\u00e9ret\u0171\u00a0<strong><span style=\"color: #ec008c;\">fondant sim\u00edt\u00f3szett\u00a0<\/span><\/strong>a JEM c\u00e9gt\u0151l.<\/h3>\n<p>&nbsp;<\/p>\n<h3><strong>A JEM sim\u00edt\u00f3szett el\u0151nyei:<\/strong><\/h3>\n<ul>\n<li>\n<h3>kiv\u00e1l\u00f3 min\u0151s\u00e9g\u0171, strapab\u00edr\u00f3 alapanyagb\u00f3l k\u00e9sz\u00fclt<\/h3>\n<\/li>\n<li>\n<h3>m\u00e9rete nagyobb, mint az \u00e1ltal\u00e1nos sim\u00edt\u00f3szettek m\u00e9rete<\/h3>\n<\/li>\n<li>\n<h3>egyik oldala v\u00e9gig egyenes, \u00edgy gyorsabban \u00e9s szebben lehet \u00e9les sark\u00fa fondant bevonatot k\u00e9sz\u00edteni<\/h3>\n<\/li>\n<\/ul>\n<h3><strong>Kiszerel\u00e9s:<\/strong><\/h3>\n<ul>\n<li>\n<h3>2 db sim\u00edt\u00f3lap\u00e1t, dobozban<\/h3>\n<\/li>\n<\/ul>\n<h3><strong>Alapanyag:<\/strong><\/h3>\n<ul>\n<li>\n<h3>m\u0171anyag<\/h3>\n<\/li>\n<\/ul>\n<h3 id=\"tab-description\"><strong>Kezel\u00e9si \u00fatmutat\u00f3:<\/strong><\/h3>\n<ul>\n<li>\n<h3>k\u00e9zzel moshat\u00f3, leveg\u0151n sz\u00e1r\u00edtand\u00f3<\/h3>\n<\/li>\n<\/ul>\n<h3><strong>Gy\u00e1rt\u00f3:<\/strong><\/h3>\n<ul>\n<li>\n<h3>JEM<\/h3>\n<\/li>\n<\/ul>\n<div id=\"themify_builder_content-21186\" data-postid=\"21186\" class=\"themify_builder_content themify_builder_content-21186 themify_builder\">\n    <\/div>\n<!-- \/themify_builder_content -->","protected":false},"excerpt":{"rendered":"<h3><strong>S\u00edm\u00edt\u00f3lap\u00e1tok m\u00e9rete:<\/strong><\/h3>\n<ul>\n<li>\n<h3>sz\u00e9less\u00e9g: \u00a0 \u00a0 \u00a0 \u00a0 \u00a0 \u00a0 \u00a095 mm<\/h3>\n<\/li>\n<li>\n<h3>hossz\u00fas\u00e1g: \u00a0 \u00a0 \u00a0 \u00a0 \u00a0187 mm<\/h3>\n<\/li>\n<\/ul>\n","protected":false},"featured_media":21187,"comment_status":"closed","ping_status":"closed","template":"","meta":[],"builder_content":"","_links":{"self":[{"href":"https:\/\/jhcakes.com\/shop\/wp-json\/wp\/v2\/product\/21186"}],"collection":[{"href":"https:\/\/jhcakes.com\/shop\/wp-json\/wp\/v2\/product"}],"about":[{"href":"https:\/\/jhcakes.com\/shop\/wp-json\/wp\/v2\/types\/product"}],"replies":[{"embeddable":true,"href":"https:\/\/jhcakes.com\/shop\/wp-json\/wp\/v2\/comments?post=21186"}],"wp:featuredmedia":[{"embeddable":true,"href":"https:\/\/jhcakes.com\/shop\/wp-json\/wp\/v2\/media\/21187"}],"wp:attachment":[{"href":"https:\/\/jhcakes.com\/shop\/wp-json\/wp\/v2\/media?parent=21186"}],"curies":[{"name":"wp","href":"https:\/\/api.w.org\/{rel}","templated":true}]}}