{"id":21099,"date":"2021-02-26T10:13:30","date_gmt":"2021-02-26T09:13:30","guid":{"rendered":"https:\/\/jhcakes.com\/shop\/?post_type=product&#038;p=21099"},"modified":"2022-12-05T14:14:54","modified_gmt":"2022-12-05T13:14:54","slug":"nagyobb-masnicso-32r-pme","status":"publish","type":"product","link":"https:\/\/jhcakes.com\/shop\/termek\/nagyobb-masnicso-32r-pme\/","title":{"rendered":"Nagyobb masnics\u0151 #32R PME"},"content":{"rendered":"<h3><span style=\"color: #ec008c;\"><strong>#32R PME p<\/strong><\/span><span style=\"color: #ec008c;\"><strong>rofesszion\u00e1lis, nagyobb m\u00e9ret\u0171, masni k\u00e9sz\u00edt\u0151 cs\u0151\u00a0<\/strong><\/span>torta-, cupcake- \u00e9s m\u00e9zesdekor\u00e1l\u00e1shoz.\u00a0A 32R sz\u00e1m\u00fa cs\u0151 a PME \u00e1ltal gy\u00e1rtott masnik\u00e9sz\u00edt\u0151 cs\u00f6vek k\u00f6z\u00fcl a legnagyobb m\u00e9ret. A PME d\u00edsz\u00edt\u0151cs\u00f6vek a legjobb min\u0151s\u00e9g\u0171 cs\u00f6vek Magyarorsz\u00e1gon, b\u00e1tran aj\u00e1nljuk haszn\u00e1latukat.<\/h3>\n<p>&nbsp;<\/p>\n<h3><strong>Egy\u00e9b el\u0151nyeik:<\/strong><\/h3>\n<ul>\n<li>\n<h3>nem sz\u00ednez\u0151dnek el<\/h3>\n<\/li>\n<li>\n<h3>nem rozsd\u00e1sodnak<\/h3>\n<\/li>\n<li>\n<h3>nincsenek \u00f6sszeforraszt\u00e1si vonalai &#8211; a glaz\u00far nem p\u00f6r\u00f6g a cs\u0151b\u0151l t\u00f6rt\u00e9n\u0151 kinyom\u00e1skor<\/h3>\n<\/li>\n<\/ul>\n<h3 style=\"text-align: justify;\"><strong>Mit k\u00e9sz\u00edthet\u00fcnk a 32R sz\u00e1m\u00fa nagyobb masnics\u0151vel?<\/strong><\/h3>\n<ul>\n<li>\n<h3>k\u00f6zepes sz\u00e9less\u00e9g\u0171 \u00e9s m\u00e9ret\u0171 masnikat<\/h3>\n<\/li>\n<li>\n<h3>k\u00f6zepes sz\u00e9less\u00e9g\u0171 kos\u00e1rfonott mint\u00e1t<\/h3>\n<\/li>\n<\/ul>\n<h3><strong>Milyen alapanyagot haszn\u00e1ljunk?<\/strong><\/h3>\n<ul>\n<li>\n<h3>glaz\u00fart\/\u00edr\u00f3k\u00e1t<\/h3>\n<\/li>\n<li>\n<h3>vajkr\u00e9met<\/h3>\n<\/li>\n<\/ul>\n<h3><strong>Milyen kieg\u00e9sz\u00edt\u0151t aj\u00e1nlunk a d\u00edsz\u00edt\u0151cs\u0151h\u00f6z?<\/strong><\/h3>\n<ul>\n<li>\n<h3>habzs\u00e1kot<\/h3>\n<\/li>\n<li>\n<h3><a href=\"https:\/\/jhcakes.com\/shop\/termek\/normal-meretu-csatolocso-szett\/\" target=\"_blank\" rel=\"noopener noreferrer\"><strong><span style=\"color: #1ba6b4;\">norm\u00e1l m\u00e9ret\u0171 csatol\u00f3cs\u00f6vet<\/span><\/strong><\/a><\/h3>\n<\/li>\n<\/ul>\n<h3><strong>Alapanyag:<\/strong><\/h3>\n<ul>\n<li>\n<h3>rozsdamentes ac\u00e9l<\/h3>\n<\/li>\n<\/ul>\n<h3 id=\"tab-description\"><strong>Kezel\u00e9si \u00fatmutat\u00f3:<\/strong><\/h3>\n<ul>\n<li>\n<h3>k\u00e9zzel moshat\u00f3, leveg\u0151n sz\u00e1r\u00edtand\u00f3<\/h3>\n<\/li>\n<\/ul>\n<div id=\"themify_builder_content-21099\" data-postid=\"21099\" class=\"themify_builder_content themify_builder_content-21099 themify_builder\">\n    <\/div>\n<!-- \/themify_builder_content -->","protected":false},"excerpt":{"rendered":"<h3><strong>Cs\u0151 m\u00e9rete:<\/strong><\/h3>\n<ul>\n<li>\n<h3>ny\u00edl\u00e1s hossza: \u00a0 \u00a0 \u00a0 \u00a0 \u00a0 \u00a0 \u00a0 \u00a05 mm<\/h3>\n<\/li>\n<li>\n<h3>ny\u00edl\u00e1s sz\u00e9less\u00e9ge: \u00a0 \u00a0 \u00a0 1,5 mm<\/h3>\n<\/li>\n<li>\n<h3>cs\u0151hossz: \u00a0 \u00a0 \u00a0 \u00a0 \u00a0 \u00a0 \u00a0 \u00a0 \u00a0 \u00a0 \u00a033 mm<\/h3>\n<\/li>\n<\/ul>\n","protected":false},"featured_media":21103,"comment_status":"closed","ping_status":"closed","template":"","meta":[],"builder_content":"","_links":{"self":[{"href":"https:\/\/jhcakes.com\/shop\/wp-json\/wp\/v2\/product\/21099"}],"collection":[{"href":"https:\/\/jhcakes.com\/shop\/wp-json\/wp\/v2\/product"}],"about":[{"href":"https:\/\/jhcakes.com\/shop\/wp-json\/wp\/v2\/types\/product"}],"replies":[{"embeddable":true,"href":"https:\/\/jhcakes.com\/shop\/wp-json\/wp\/v2\/comments?post=21099"}],"wp:featuredmedia":[{"embeddable":true,"href":"https:\/\/jhcakes.com\/shop\/wp-json\/wp\/v2\/media\/21103"}],"wp:attachment":[{"href":"https:\/\/jhcakes.com\/shop\/wp-json\/wp\/v2\/media?parent=21099"}],"curies":[{"name":"wp","href":"https:\/\/api.w.org\/{rel}","templated":true}]}}