{"id":21070,"date":"2021-02-20T14:59:50","date_gmt":"2021-02-20T13:59:50","guid":{"rendered":"https:\/\/jhcakes.com\/shop\/?post_type=product&#038;p=21070"},"modified":"2023-04-13T09:43:33","modified_gmt":"2023-04-13T07:43:33","slug":"egyenes-sziromcso-pme-57s","status":"publish","type":"product","link":"https:\/\/jhcakes.com\/shop\/termek\/egyenes-sziromcso-pme-57s\/","title":{"rendered":"Egyenes sziromcs\u0151 PME #57S"},"content":{"rendered":"<h3 style=\"text-align: justify;\"><strong><span style=\"color: #ec008c;\">#57S PME, egyenes vonal\u00fa sziromcs\u0151,<\/span><\/strong>\u00a0k\u00f6zepes m\u00e9ret\u0171 vir\u00e1gszirmok egyes\u00e9vel t\u00f6rt\u00e9n\u0151 elk\u00e9sz\u00edt\u00e9s\u00e9hez.\u00a0Ez a sziromcs\u0151 jobb- \u00e9s balkezes k\u00e9sz\u00edt\u0151knek egyar\u00e1nt megfelel\u0151.<\/h3>\n<h3>A PME d\u00edsz\u00edt\u0151cs\u00f6vek a legjobb min\u0151s\u00e9g\u0171 cs\u00f6vek Magyarorsz\u00e1gon, bizalommal aj\u00e1nljuk haszn\u00e1latukat.<\/h3>\n<p>&nbsp;<\/p>\n<h3><strong>A PME d\u00edsz\u00edt\u0151cs\u00f6vek el\u0151nyei:<\/strong><\/h3>\n<ul>\n<li>\n<h3>nem szinez\u0151dnek el<\/h3>\n<\/li>\n<li>\n<h3>nem rozsd\u00e1sodnak<\/h3>\n<\/li>\n<li>\n<h3>nincsenek \u00f6sszeforraszt\u00e1si vonalai \u2013 a glaz\u00far nem p\u00f6r\u00f6g a cs\u0151b\u0151l t\u00f6rt\u00e9n\u0151 kinyom\u00e1skor<\/h3>\n<\/li>\n<\/ul>\n<h3 style=\"text-align: justify;\"><strong>Mit k\u00e9sz\u00edthet\u00fcnk az #57S sz\u00e1m\u00fa PME sziromcs\u0151vel?<\/strong><\/h3>\n<ul>\n<li>\n<h3>k\u00f6zepes m\u00e9ret\u0171 szirmokat &#8211; kiv\u00e1l\u00f3 r\u00f3zsaszirmok k\u00e9sz\u00edt\u00e9s\u00e9re<\/h3>\n<\/li>\n<\/ul>\n<h3><strong>Milyen alapanyagot haszn\u00e1ljunk?<\/strong><\/h3>\n<ul>\n<li>\n<h3>vajkr\u00e9met<\/h3>\n<\/li>\n<li>\n<h3>glaz\u00fart\/\u00edr\u00f3k\u00e1t<\/h3>\n<\/li>\n<\/ul>\n<h3><strong>Milyen kieg\u00e9sz\u00edt\u0151t aj\u00e1nlunk a d\u00edsz\u00edt\u0151cs\u0151h\u00f6z?<\/strong><\/h3>\n<ul>\n<li>\n<h3>habzs\u00e1kot<\/h3>\n<\/li>\n<li>\n<h3><a href=\"https:\/\/jhcakes.com\/shop\/termek\/normal-meretu-csatolocso-szett\/\" target=\"_blank\" rel=\"noopener noreferrer\"><strong><span style=\"color: #1ba6b4;\">norm\u00e1l m\u00e9ret\u0171 csatol\u00f3cs\u00f6vet<\/span><\/strong><\/a><\/h3>\n<\/li>\n<\/ul>\n<h3><strong>Alapanyag:<\/strong><\/h3>\n<ul>\n<li>\n<h3>rozsdamentes ac\u00e9l<\/h3>\n<\/li>\n<\/ul>\n<h3 id=\"tab-description\"><strong>Kezel\u00e9si \u00fatmutat\u00f3:<\/strong><\/h3>\n<ul>\n<li>\n<h3>k\u00e9zzel moshat\u00f3, leveg\u0151n sz\u00e1r\u00edtand\u00f3<\/h3>\n<\/li>\n<\/ul>\n<div id=\"themify_builder_content-21070\" data-postid=\"21070\" class=\"themify_builder_content themify_builder_content-21070 themify_builder\">\n    <\/div>\n<!-- \/themify_builder_content -->","protected":false},"excerpt":{"rendered":"<h3><strong>Cs\u0151 m\u00e9rete:<\/strong><\/h3>\n<ul>\n<li>\n<h3>dekor\u00e1l\u00f3v\u00e9g hossza: \u00a0 \u00a0 \u00a0 \u00a0 \u00a06 mm<\/h3>\n<\/li>\n<li>\n<h3>cs\u0151 magass\u00e1ga: \u00a0 \u00a0 \u00a0 \u00a0 \u00a0 \u00a0 \u00a0 \u00a033 mm<\/h3>\n<\/li>\n<\/ul>\n","protected":false},"featured_media":21071,"comment_status":"closed","ping_status":"closed","template":"","meta":[],"builder_content":"","_links":{"self":[{"href":"https:\/\/jhcakes.com\/shop\/wp-json\/wp\/v2\/product\/21070"}],"collection":[{"href":"https:\/\/jhcakes.com\/shop\/wp-json\/wp\/v2\/product"}],"about":[{"href":"https:\/\/jhcakes.com\/shop\/wp-json\/wp\/v2\/types\/product"}],"replies":[{"embeddable":true,"href":"https:\/\/jhcakes.com\/shop\/wp-json\/wp\/v2\/comments?post=21070"}],"wp:featuredmedia":[{"embeddable":true,"href":"https:\/\/jhcakes.com\/shop\/wp-json\/wp\/v2\/media\/21071"}],"wp:attachment":[{"href":"https:\/\/jhcakes.com\/shop\/wp-json\/wp\/v2\/media?parent=21070"}],"curies":[{"name":"wp","href":"https:\/\/api.w.org\/{rel}","templated":true}]}}