{"id":20766,"date":"2021-02-01T12:36:59","date_gmt":"2021-02-01T11:36:59","guid":{"rendered":"https:\/\/jhcakes.com\/shop\/?post_type=product&#038;p=20766"},"modified":"2026-04-15T07:50:55","modified_gmt":"2026-04-15T05:50:55","slug":"nagy-sziromcso-wilton-104","status":"publish","type":"product","link":"https:\/\/jhcakes.com\/shop\/termek\/nagy-sziromcso-wilton-104\/","title":{"rendered":"Nagy sziromcs\u0151 Wilton #104"},"content":{"rendered":"<h3 style=\"text-align: justify;\"><strong><span style=\"color: #ec008c;\">#104 Wilton, egyenes vonal\u00fa sziromcs\u0151,<\/span><\/strong>\u00a0nagy m\u00e9ret\u0171 vir\u00e1gszirmok egyes\u00e9vel t\u00f6rt\u00e9n\u0151 elk\u00e9sz\u00edt\u00e9s\u00e9hez.\u00a0Ez a sziromcs\u0151 jobb- \u00e9s balkezes k\u00e9sz\u00edt\u0151knek egyar\u00e1nt megfelel\u0151.<\/h3>\n<p>&nbsp;<\/p>\n<h3 style=\"text-align: justify;\"><strong>Mit k\u00e9sz\u00edthet\u00fcnk a #104-es sz\u00e1m\u00fa Wilton sziromcs\u0151vel?<\/strong><\/h3>\n<ul>\n<li>\n<h3>nagy m\u00e9ret\u0171 szirmokat &#8211; kiv\u00e1l\u00f3 r\u00f3zsaszirmok k\u00e9sz\u00edt\u00e9s\u00e9re<\/h3>\n<\/li>\n<\/ul>\n<h3><strong>Milyen alapanyagot haszn\u00e1ljunk?<\/strong><\/h3>\n<ul>\n<li>\n<h3>vajkr\u00e9met<\/h3>\n<\/li>\n<li>\n<h3>glaz\u00fart\/\u00edr\u00f3k\u00e1t<\/h3>\n<\/li>\n<\/ul>\n<h3><strong>Milyen kieg\u00e9sz\u00edt\u0151t aj\u00e1nlunk a d\u00edsz\u00edt\u0151cs\u0151h\u00f6z?<\/strong><\/h3>\n<ul>\n<li>\n<h3>habzs\u00e1kot<\/h3>\n<\/li>\n<li>\n<h3><a href=\"https:\/\/jhcakes.com\/shop\/termek\/normal-meretu-csatolocso-szett\/\" target=\"_blank\" rel=\"noopener noreferrer\"><strong><span style=\"color: #1ba6b4;\">norm\u00e1l m\u00e9ret\u0171 csatol\u00f3cs\u00f6vet<\/span><\/strong><\/a><\/h3>\n<\/li>\n<\/ul>\n<h3><strong>Alapanyag:<\/strong><\/h3>\n<ul>\n<li>\n<h3>nikkelezett s\u00e1rgar\u00e9z<\/h3>\n<\/li>\n<\/ul>\n<h3><strong>Kezel\u00e9si \u00fatmutat\u00f3:<\/strong><\/h3>\n<ul>\n<li>\n<h3>k\u00e9zzel moshat\u00f3, leveg\u0151n sz\u00e1r\u00edtand\u00f3<\/h3>\n<\/li>\n<\/ul>\n<div id=\"themify_builder_content-20766\" data-postid=\"20766\" class=\"themify_builder_content themify_builder_content-20766 themify_builder\">\n    <\/div>\n<!-- \/themify_builder_content -->","protected":false},"excerpt":{"rendered":"<h3><strong>Cs\u0151 m\u00e9rete:<\/strong><\/h3>\n<ul>\n<li>\n<h3>dekor\u00e1l\u00f3v\u00e9g hossza: \u00a0 \u00a0 \u00a0 \u00a0 \u00a0 \u00a014 mm<\/h3>\n<\/li>\n<li>\n<h3>cs\u0151 magass\u00e1ga: \u00a0 \u00a0 \u00a0 \u00a0 \u00a0 \u00a0 \u00a0 \u00a0 \u00a0 \u00a032 mm<\/h3>\n<\/li>\n<\/ul>\n","protected":false},"featured_media":20770,"comment_status":"closed","ping_status":"closed","template":"","meta":[],"builder_content":"","_links":{"self":[{"href":"https:\/\/jhcakes.com\/shop\/wp-json\/wp\/v2\/product\/20766"}],"collection":[{"href":"https:\/\/jhcakes.com\/shop\/wp-json\/wp\/v2\/product"}],"about":[{"href":"https:\/\/jhcakes.com\/shop\/wp-json\/wp\/v2\/types\/product"}],"replies":[{"embeddable":true,"href":"https:\/\/jhcakes.com\/shop\/wp-json\/wp\/v2\/comments?post=20766"}],"wp:featuredmedia":[{"embeddable":true,"href":"https:\/\/jhcakes.com\/shop\/wp-json\/wp\/v2\/media\/20770"}],"wp:attachment":[{"href":"https:\/\/jhcakes.com\/shop\/wp-json\/wp\/v2\/media?parent=20766"}],"curies":[{"name":"wp","href":"https:\/\/api.w.org\/{rel}","templated":true}]}}