{"id":20735,"date":"2021-01-31T15:18:21","date_gmt":"2021-01-31T14:18:21","guid":{"rendered":"https:\/\/jhcakes.com\/shop\/?post_type=product&#038;p=20735"},"modified":"2025-12-17T01:17:42","modified_gmt":"2025-12-17T00:17:42","slug":"nagy-sziromcso-wilton-125","status":"publish","type":"product","link":"https:\/\/jhcakes.com\/shop\/termek\/nagy-sziromcso-wilton-125\/","title":{"rendered":"Nagy sziromcs\u0151 Wilton #125"},"content":{"rendered":"<h3 style=\"text-align: justify;\"><strong><span style=\"color: #ec008c;\">#125 Wilton nagy sziromcs\u0151,<\/span><\/strong>\u00a0igaz\u00e1n nagy m\u00e9ret\u0171, egyenes vonal\u00fa vir\u00e1gszirmok egyes\u00e9vel t\u00f6rt\u00e9n\u0151 elk\u00e9sz\u00edt\u00e9s\u00e9hez.\u00a0Ez a sziromcs\u0151 jobb- \u00e9s balkezes k\u00e9sz\u00edt\u0151knek egyar\u00e1nt megfelel\u0151.\u00a0M\u00e9rete miatt a 125-\u00f6s d\u00edsz\u00edt\u0151cs\u0151 kompatibilis a 3 sz\u00edn\u0171 csatol\u00f3cs\u0151szettel, mely <span style=\"color: #1ba6b4;\"><strong><a style=\"color: #1ba6b4;\" href=\"https:\/\/jhcakes.com\/shop\/termek\/harom-szinu-csatolocsoszett\/\" target=\"_blank\" rel=\"noopener noreferrer\">ITT<\/a><\/strong><\/span> rendelhet\u0151. A k\u00e9t term\u00e9k egy\u00fcttes haszn\u00e1lat\u00e1val 2 vagy 3 sz\u00edn\u0171, illetve \u00e1rnyalat\u00fa vir\u00e1gszirmokat k\u00e9sz\u00edthet\u00fcnk.<\/h3>\n<p>&nbsp;<\/p>\n<h3><strong>Mit k\u00e9sz\u00edthet\u00fcnk a 125-\u00f6s sz\u00e1m\u00fa sziromcs\u0151vel?<\/strong><\/h3>\n<ul>\n<li>\n<h3>egyes\u00e9vel k\u00e9sz\u00edtett nagy m\u00e9ret\u0171 r\u00f3zsaszirmokat<\/h3>\n<\/li>\n<li>\n<h3>egy\u00e9b form\u00e1j\u00fa vir\u00e1gokat<\/h3>\n<\/li>\n<\/ul>\n<h3><strong>Milyen alapanyagot haszn\u00e1ljunk?<\/strong><\/h3>\n<ul>\n<li>\n<h3>vajkr\u00e9met<\/h3>\n<\/li>\n<li>\n<h3>glaz\u00fart\/\u00edr\u00f3k\u00e1t<\/h3>\n<\/li>\n<\/ul>\n<h3><strong>Milyen kieg\u00e9sz\u00edt\u0151t aj\u00e1nlunk a d\u00edsz\u00edt\u0151cs\u0151h\u00f6z?<\/strong><\/h3>\n<ul>\n<li>\n<h3>habzs\u00e1kot<\/h3>\n<\/li>\n<li>\n<h3><span style=\"color: #3366ff;\"><a style=\"color: #1ba6b4;\" href=\"https:\/\/jhcakes.com\/shop\/termek\/nagy-meretu-csatolocso\/\" target=\"_blank\" rel=\"noopener noreferrer\"><strong>nagy m\u00e9ret\u0171 csatol\u00f3cs\u00f6vet<\/strong><\/a><\/span><\/h3>\n<\/li>\n<\/ul>\n<h3><strong>Alapanyag:<\/strong><\/h3>\n<ul>\n<li>\n<h3>rozsdamentes ac\u00e9l<\/h3>\n<\/li>\n<\/ul>\n<h3 id=\"tab-description\"><strong>Kezel\u00e9si \u00fatmutat\u00f3:<\/strong><\/h3>\n<ul>\n<li>\n<h3>k\u00e9zzel moshat\u00f3, leveg\u0151n sz\u00e1r\u00edtand\u00f3<\/h3>\n<\/li>\n<\/ul>\n<div id=\"themify_builder_content-20735\" data-postid=\"20735\" class=\"themify_builder_content themify_builder_content-20735 themify_builder\">\n    <\/div>\n<!-- \/themify_builder_content -->","protected":false},"excerpt":{"rendered":"<h3><strong>Cs\u0151 m\u00e9rete:<\/strong><\/h3>\n<ul>\n<li>\n<h3>dekor\u00e1l\u00f3v\u00e9g hossza: \u00a0 \u00a0 \u00a018 mm<\/h3>\n<\/li>\n<li>\n<h3>cs\u0151magass\u00e1g: \u00a0 \u00a0 \u00a0 \u00a0 \u00a0 \u00a0 \u00a0 \u00a040 mm<\/h3>\n<\/li>\n<\/ul>\n","protected":false},"featured_media":20737,"comment_status":"closed","ping_status":"closed","template":"","meta":[],"builder_content":"","_links":{"self":[{"href":"https:\/\/jhcakes.com\/shop\/wp-json\/wp\/v2\/product\/20735"}],"collection":[{"href":"https:\/\/jhcakes.com\/shop\/wp-json\/wp\/v2\/product"}],"about":[{"href":"https:\/\/jhcakes.com\/shop\/wp-json\/wp\/v2\/types\/product"}],"replies":[{"embeddable":true,"href":"https:\/\/jhcakes.com\/shop\/wp-json\/wp\/v2\/comments?post=20735"}],"wp:featuredmedia":[{"embeddable":true,"href":"https:\/\/jhcakes.com\/shop\/wp-json\/wp\/v2\/media\/20737"}],"wp:attachment":[{"href":"https:\/\/jhcakes.com\/shop\/wp-json\/wp\/v2\/media?parent=20735"}],"curies":[{"name":"wp","href":"https:\/\/api.w.org\/{rel}","templated":true}]}}