{"id":20701,"date":"2021-01-31T13:42:04","date_gmt":"2021-01-31T12:42:04","guid":{"rendered":"https:\/\/jhcakes.com\/shop\/?post_type=product&#038;p=20701"},"modified":"2026-01-24T17:47:55","modified_gmt":"2026-01-24T16:47:55","slug":"nagy-csillagcso-6b-wilton","status":"publish","type":"product","link":"https:\/\/jhcakes.com\/shop\/termek\/nagy-csillagcso-6b-wilton\/","title":{"rendered":"Nagy csillagcs\u0151 #6B Wilton"},"content":{"rendered":"<h3><span style=\"color: #ec008c;\"><strong>#6B Wilton<\/strong><\/span><span style=\"color: #ec008c;\"><strong>\u00a0nagy ny\u00edlt csillag d\u00edsz\u00edt\u0151cs\u0151 <\/strong>\u00a0<\/span>torta \u00e9s cupcake dekor\u00e1l\u00e1shoz. Ezt a csillagcs\u00f6vet nagy m\u00e9rete miatt nem haszn\u00e1ljuk csatol\u00f3cs\u0151vel. Haszn\u00e1latkor v\u00e1gjunk le a habzs\u00e1k v\u00e9g\u00e9b\u0151l akkora darabot, hogy a 6B csillagcs\u0151 v\u00e9ge k\u00e9nyelmesen kif\u00e9rjen rajta, majd helyezz\u00fck a d\u00edsz\u00edt\u0151cs\u00f6vet a habzs\u00e1kba. T\u00f6lts\u00fck meg a habzs\u00e1kot \u00e9s m\u00e1r dekor\u00e1lhatunk is:).<\/h3>\n<h3><\/h3>\n<p>&nbsp;<\/p>\n<h3 style=\"text-align: justify;\"><strong>Mit k\u00e9sz\u00edthet\u00fcnk az 6B sz\u00e1m\u00fa Wilton d\u00edsz\u00edt\u0151cs\u0151vel?<\/strong><\/h3>\n<ul>\n<li>\n<h3>habcs\u00f3kot<\/h3>\n<\/li>\n<li>\n<h3>tort\u00e1kat \u00e9s cupcake-eket dekor\u00e1lhatunk, bar\u00e1zd\u00e1s csillag mint\u00e1val<\/h3>\n<\/li>\n<\/ul>\n<h3><strong>Milyen alapanyagot haszn\u00e1ljunk?<\/strong><\/h3>\n<ul>\n<li>\n<h3>vajkr\u00e9met<\/h3>\n<\/li>\n<li>\n<h3>kem\u00e9nyre vert tejsz\u00ednt<\/h3>\n<\/li>\n<li>\n<h3>habcs\u00f3k alapot<\/h3>\n<\/li>\n<\/ul>\n<h3><strong>Milyen kieg\u00e9sz\u00edt\u0151t aj\u00e1nlunk a d\u00edsz\u00edt\u0151cs\u0151h\u00f6z?<\/strong><\/h3>\n<ul>\n<li>\n<h3>habzs\u00e1kot<\/h3>\n<\/li>\n<li>\n<h3><span style=\"color: #008080;\"><strong><a style=\"color: #1ba6b4;\" href=\"https:\/\/jhcakes.com\/shop\/termek\/nagy-meretu-csatolocso\/\" target=\"_blank\" rel=\"noopener\">nagy m\u00e9ret\u0171 csatol\u00f3cs\u00f6vet<\/a><\/strong><\/span><\/h3>\n<\/li>\n<li>\n<h3><a href=\"https:\/\/jhcakes.com\/shop\/termek\/harom-szinu-csatolocso\/\" target=\"_blank\" rel=\"noopener\"><span style=\"color: #1ba6b4;\"><strong>3 sz\u00edn\u0171 csatol\u00f3cs\u00f6vet<\/strong><\/span><\/a><\/h3>\n<\/li>\n<\/ul>\n<h3><strong>Alapanyag:<\/strong><\/h3>\n<ul>\n<li>\n<h3>nikkelezett r\u00e9z<\/h3>\n<\/li>\n<\/ul>\n<h3 id=\"tab-description\"><strong>Kezel\u00e9si \u00fatmutat\u00f3:<\/strong><\/h3>\n<ul>\n<li>\n<h3>k\u00e9zzel moshat\u00f3, leveg\u0151n sz\u00e1r\u00edtand\u00f3<\/h3>\n<\/li>\n<\/ul>\n<div id=\"themify_builder_content-20701\" data-postid=\"20701\" class=\"themify_builder_content themify_builder_content-20701 themify_builder\">\n    <\/div>\n<!-- \/themify_builder_content -->","protected":false},"excerpt":{"rendered":"<h3><strong>Cs\u0151 m\u00e9rete:<\/strong><\/h3>\n<ul>\n<li>\n<h3>d\u00edsz\u00edt\u0151v\u00e9g \u00e1tm\u00e9r\u0151je: \u00a0 \u00a0 \u00a0 \u00a0 \u00a0 \u00a0 12 mm<\/h3>\n<\/li>\n<li>\n<h3>cs\u0151hossz: \u00a0 \u00a0 \u00a0 \u00a0 \u00a0 \u00a0 \u00a0 \u00a0 \u00a0 \u00a0 \u00a0 \u00a0 \u00a0 \u00a0 \u00a0 \u00a0 45 mm<\/h3>\n<\/li>\n<\/ul>\n","protected":false},"featured_media":20704,"comment_status":"closed","ping_status":"closed","template":"","meta":[],"builder_content":"","_links":{"self":[{"href":"https:\/\/jhcakes.com\/shop\/wp-json\/wp\/v2\/product\/20701"}],"collection":[{"href":"https:\/\/jhcakes.com\/shop\/wp-json\/wp\/v2\/product"}],"about":[{"href":"https:\/\/jhcakes.com\/shop\/wp-json\/wp\/v2\/types\/product"}],"replies":[{"embeddable":true,"href":"https:\/\/jhcakes.com\/shop\/wp-json\/wp\/v2\/comments?post=20701"}],"wp:featuredmedia":[{"embeddable":true,"href":"https:\/\/jhcakes.com\/shop\/wp-json\/wp\/v2\/media\/20704"}],"wp:attachment":[{"href":"https:\/\/jhcakes.com\/shop\/wp-json\/wp\/v2\/media?parent=20701"}],"curies":[{"name":"wp","href":"https:\/\/api.w.org\/{rel}","templated":true}]}}