{"id":20648,"date":"2021-01-30T16:00:43","date_gmt":"2021-01-30T15:00:43","guid":{"rendered":"https:\/\/jhcakes.com\/shop\/?post_type=product&#038;p=20648"},"modified":"2026-01-24T22:48:12","modified_gmt":"2026-01-24T21:48:12","slug":"nagy-csillagcso-4b-wilton","status":"publish","type":"product","link":"https:\/\/jhcakes.com\/shop\/termek\/nagy-csillagcso-4b-wilton\/","title":{"rendered":"Nagy csillagcs\u0151 #4B Wilton"},"content":{"rendered":"<h3><span style=\"color: #ec008c;\"><strong>#4B Wilton<\/strong><\/span><span style=\"color: #ec008c;\"><strong>\u00a0nagy ny\u00edlt csillag d\u00edsz\u00edt\u0151cs\u0151 <\/strong>\u00a0<\/span>torta \u00e9s cupcake dekor\u00e1l\u00e1shoz.<\/h3>\n<h3>Ez a m\u00e9ret\u0171 d\u00edsz\u00edt\u0151cs\u0151 kiv\u00e1l\u00f3an alkalmas a 3 sz\u00edn\u0171 csatol\u00f3cs\u0151szetthez, mely <strong><span style=\"color: #1ba6b4;\"><a style=\"color: #33cccc;\" href=\"https:\/\/jhcakes.com\/shop\/termek\/harom-szinu-csatolocsoszett\/\" target=\"_blank\" rel=\"noopener noreferrer\">ITT<\/a><\/span><\/strong> rendelhet\u0151.<\/h3>\n<p>&nbsp;<\/p>\n<h3 style=\"text-align: justify;\"><strong>Mit k\u00e9sz\u00edthet\u00fcnk az 4B sz\u00e1m\u00fa Wilton d\u00edsz\u00edt\u0151cs\u0151vel?<\/strong><\/h3>\n<ul>\n<li>\n<h3>habcs\u00f3kot<\/h3>\n<\/li>\n<li>\n<h3>tort\u00e1kat \u00e9s cupcake-eket dekor\u00e1lhatunk, bar\u00e1zd\u00e1s csillag mint\u00e1val<\/h3>\n<\/li>\n<li>\n<h3>haszn\u00e1lhatjuk a <span style=\"color: #33cccc;\"><strong><a style=\"color: #1ba6b4;\" href=\"https:\/\/jhcakes.com\/shop\/termek\/harom-szinu-csatolocso\/\" target=\"_blank\" rel=\"noopener noreferrer\">3 sz\u00edn\u0171 csatol\u00f3szetthez<\/a><\/strong><\/span>, 2 vagy 3 sz\u00edn\u0171\u00a0vajkr\u00e9m-, habcsod\u00e1k k\u00e9sz\u00edt\u00e9s\u00e9hez<\/h3>\n<\/li>\n<\/ul>\n<h3><strong>Milyen alapanyagot haszn\u00e1ljunk?<\/strong><\/h3>\n<ul>\n<li>\n<h3>vajkr\u00e9met<\/h3>\n<\/li>\n<li>\n<h3>kem\u00e9nyre vert tejsz\u00ednt<\/h3>\n<\/li>\n<li>\n<h3>habcs\u00f3k alapot<\/h3>\n<\/li>\n<\/ul>\n<h3><strong>Milyen kieg\u00e9sz\u00edt\u0151t aj\u00e1nlunk a d\u00edsz\u00edt\u0151cs\u0151h\u00f6z?<\/strong><\/h3>\n<ul>\n<li>\n<h3>habzs\u00e1kot<\/h3>\n<\/li>\n<li>\n<h3><span style=\"color: #339966;\"><a style=\"color: #1ba6b4;\" href=\"https:\/\/jhcakes.com\/shop\/termek\/harom-szinu-csatolocsoszett\/\" target=\"_blank\" rel=\"noopener noreferrer\"><strong>nagy m\u00e9ret\u0171 csatol\u00f3cs\u00f6vet<\/strong><\/a><\/span><\/h3>\n<\/li>\n<\/ul>\n<h3><strong>Alapanyag:<\/strong><\/h3>\n<ul>\n<li>\n<h3>nikkelezett r\u00e9z<\/h3>\n<\/li>\n<\/ul>\n<h3 id=\"tab-description\"><strong>Kezel\u00e9si \u00fatmutat\u00f3:<\/strong><\/h3>\n<ul>\n<li>\n<h3>k\u00e9zzel moshat\u00f3, leveg\u0151n sz\u00e1r\u00edtand\u00f3<\/h3>\n<\/li>\n<\/ul>\n<div id=\"themify_builder_content-20648\" data-postid=\"20648\" class=\"themify_builder_content themify_builder_content-20648 themify_builder\">\n    <\/div>\n<!-- \/themify_builder_content -->","protected":false},"excerpt":{"rendered":"<h3><strong>Cs\u0151 m\u00e9rete:<\/strong><\/h3>\n<ul>\n<li>\n<h3>d\u00edsz\u00edt\u0151v\u00e9g \u00e1tm\u00e9r\u0151je: \u00a0 \u00a0 \u00a0 \u00a0 \u00a0 \u00a010 mm<\/h3>\n<\/li>\n<li>\n<h3>cs\u0151hossz: \u00a0 \u00a0 \u00a0 \u00a0 \u00a0 \u00a0 \u00a0 \u00a0 \u00a0 \u00a0 \u00a0 \u00a0 \u00a0 \u00a0 \u00a0 \u00a0 37 mm<\/h3>\n<\/li>\n<\/ul>\n","protected":false},"featured_media":20649,"comment_status":"closed","ping_status":"closed","template":"","meta":[],"builder_content":"","_links":{"self":[{"href":"https:\/\/jhcakes.com\/shop\/wp-json\/wp\/v2\/product\/20648"}],"collection":[{"href":"https:\/\/jhcakes.com\/shop\/wp-json\/wp\/v2\/product"}],"about":[{"href":"https:\/\/jhcakes.com\/shop\/wp-json\/wp\/v2\/types\/product"}],"replies":[{"embeddable":true,"href":"https:\/\/jhcakes.com\/shop\/wp-json\/wp\/v2\/comments?post=20648"}],"wp:featuredmedia":[{"embeddable":true,"href":"https:\/\/jhcakes.com\/shop\/wp-json\/wp\/v2\/media\/20649"}],"wp:attachment":[{"href":"https:\/\/jhcakes.com\/shop\/wp-json\/wp\/v2\/media?parent=20648"}],"curies":[{"name":"wp","href":"https:\/\/api.w.org\/{rel}","templated":true}]}}