{"id":20598,"date":"2021-01-29T13:49:58","date_gmt":"2021-01-29T12:49:58","guid":{"rendered":"https:\/\/jhcakes.com\/shop\/?post_type=product&#038;p=20598"},"modified":"2026-01-24T17:49:05","modified_gmt":"2026-01-24T16:49:05","slug":"nagy-kerek-wilton-diszitocso-1a","status":"publish","type":"product","link":"https:\/\/jhcakes.com\/shop\/termek\/nagy-kerek-wilton-diszitocso-1a\/","title":{"rendered":"Nagy kerek Wilton d\u00edsz\u00edt\u0151cs\u0151  #1A"},"content":{"rendered":"<h3><span style=\"color: #ec008c;\"><strong>#1A Wilton<\/strong><\/span><span style=\"color: #ec008c;\"><strong>\u00a0kerek d\u00edsz\u00edt\u0151cs\u0151 <\/strong>\u00a0<\/span>torta \u00e9s cupcake dekor\u00e1l\u00e1shoz, macaronok k\u00e9sz\u00edt\u00e9s\u00e9hez.<\/h3>\n<h3>Ez a m\u00e9ret\u0171 d\u00edsz\u00edt\u0151cs\u0151 kiv\u00e1l\u00f3an alkalmas a 3 sz\u00edn\u0171 csatol\u00f3cs\u0151szetthez, mely <strong><span style=\"color: #1ba6b4;\"><a style=\"color: #33cccc;\" href=\"https:\/\/jhcakes.com\/shop\/termek\/harom-szinu-csatolocsoszett\/\" target=\"_blank\" rel=\"noopener noreferrer\">ITT<\/a><\/span><\/strong> rendelhet\u0151.<\/h3>\n<p>&nbsp;<\/p>\n<h3 style=\"text-align: justify;\"><strong>Mit k\u00e9sz\u00edthet\u00fcnk az 1A sz\u00e1m\u00fa Wilton d\u00edsz\u00edt\u0151cs\u0151vel?<\/strong><\/h3>\n<ul>\n<li>\n<h3>makaronokoat<\/h3>\n<\/li>\n<li>\n<h3>tort\u00e1kat \u00e9s cupcake-eket dekor\u00e1lhatunk<\/h3>\n<\/li>\n<li>\n<h3>haszn\u00e1lhatjuk a 3 sz\u00edn\u0171 csatol\u00f3szetthez, 2 vagy 3 sz\u00edn\u0171 vajkr\u00e9m-csod\u00e1k k\u00e9sz\u00edt\u00e9s\u00e9hez<\/h3>\n<\/li>\n<\/ul>\n<h3><strong>Milyen alapanyagot haszn\u00e1ljunk?<\/strong><\/h3>\n<ul>\n<li>\n<h3>makaronhoz makaron alapot<\/h3>\n<\/li>\n<li>\n<h3>tort\u00e1khoz, cupcake-ekhez vajkr\u00e9met<\/h3>\n<\/li>\n<\/ul>\n<h3><strong>Milyen kieg\u00e9sz\u00edt\u0151t aj\u00e1nlunk a d\u00edsz\u00edt\u0151cs\u0151h\u00f6z?<\/strong><\/h3>\n<ul>\n<li>\n<h3>habzs\u00e1kot<\/h3>\n<\/li>\n<li>\n<h3><strong><span style=\"color: #339966;\"><a style=\"color: #1ba6b4;\" href=\"https:\/\/jhcakes.com\/shop\/termek\/harom-szinu-csatolocso\/\" target=\"_blank\" rel=\"noopener noreferrer\">nagy m\u00e9ret\u0171 csatol\u00f3cs\u00f6vet<\/a><\/span><\/strong><\/h3>\n<\/li>\n<li>\n<h3><span style=\"color: #33cccc;\"><a style=\"color: #1ba6b4;\" href=\"https:\/\/jhcakes.com\/shop\/termek\/harom-szinu-csatolocso\/\" target=\"_blank\" rel=\"noopener\"><strong>3 sz\u00edn\u0171 csatol\u00f3cs\u00f6vet<\/strong><\/a><\/span><\/h3>\n<\/li>\n<\/ul>\n<h3><strong>Alapanyag:<\/strong><\/h3>\n<ul>\n<li>\n<h3>rozsdamentes ac\u00e9l<\/h3>\n<\/li>\n<\/ul>\n<h3 id=\"tab-description\"><strong>Kezel\u00e9si \u00fatmutat\u00f3:<\/strong><\/h3>\n<ul>\n<li>\n<h3>k\u00e9zzel moshat\u00f3, leveg\u0151n sz\u00e1r\u00edtand\u00f3<\/h3>\n<\/li>\n<\/ul>\n<div id=\"themify_builder_content-20598\" data-postid=\"20598\" class=\"themify_builder_content themify_builder_content-20598 themify_builder\">\n    <\/div>\n<!-- \/themify_builder_content -->","protected":false},"excerpt":{"rendered":"<h3><strong>Cs\u0151 m\u00e9rete:<\/strong><\/h3>\n<ul>\n<li>\n<h3>d\u00edsz\u00edt\u0151v\u00e9g \u00e1tm\u00e9r\u0151je: \u00a0 \u00a0 \u00a0 \u00a0 \u00a0 \u00a013 mm<\/h3>\n<\/li>\n<li>\n<h3>cs\u0151hossz: \u00a0 \u00a0 \u00a0 \u00a0 \u00a0 \u00a0 \u00a0 \u00a0 \u00a0 \u00a0 \u00a0 \u00a0 \u00a0 \u00a0 \u00a0 \u00a035 mm<\/h3>\n<\/li>\n<\/ul>\n","protected":false},"featured_media":20602,"comment_status":"closed","ping_status":"closed","template":"","meta":[],"builder_content":"","_links":{"self":[{"href":"https:\/\/jhcakes.com\/shop\/wp-json\/wp\/v2\/product\/20598"}],"collection":[{"href":"https:\/\/jhcakes.com\/shop\/wp-json\/wp\/v2\/product"}],"about":[{"href":"https:\/\/jhcakes.com\/shop\/wp-json\/wp\/v2\/types\/product"}],"replies":[{"embeddable":true,"href":"https:\/\/jhcakes.com\/shop\/wp-json\/wp\/v2\/comments?post=20598"}],"wp:featuredmedia":[{"embeddable":true,"href":"https:\/\/jhcakes.com\/shop\/wp-json\/wp\/v2\/media\/20602"}],"wp:attachment":[{"href":"https:\/\/jhcakes.com\/shop\/wp-json\/wp\/v2\/media?parent=20598"}],"curies":[{"name":"wp","href":"https:\/\/api.w.org\/{rel}","templated":true}]}}