{"id":20315,"date":"2021-01-23T18:17:50","date_gmt":"2021-01-23T17:17:50","guid":{"rendered":"https:\/\/jhcakes.com\/shop\/?post_type=product&#038;p=20315"},"modified":"2026-01-24T22:44:46","modified_gmt":"2026-01-24T21:44:46","slug":"habzsakos-csoszett-17-db","status":"publish","type":"product","link":"https:\/\/jhcakes.com\/shop\/termek\/habzsakos-csoszett-17-db\/","title":{"rendered":"Habzs\u00e1kos cs\u0151szett 17 db"},"content":{"rendered":"<h3 style=\"text-align: justify;\">K\u00e9sz\u00edts gy\u00f6ny\u00f6r\u0171en dekor\u00e1lt tort\u00e1kat, s\u00fctiket, m\u00e9zeseket ezzel a\u00a0<strong><span style=\"color: #ec008c;\">17 darabos habzs\u00e1kos dekor\u00e1l\u00f3szettel.\u00a0<\/span><\/strong>Ebben a szettben nem csak alap dekor\u00e1l\u00f3cs\u00f6vek, hanem n\u00e9h\u00e1ny k\u00fcl\u00f6nleges dekor\u00e1l\u00f3cs\u0151 is megtal\u00e1lhat\u00f3.<\/h3>\n<p>&nbsp;<\/p>\n<h3><strong>Dekor\u00e1l\u00f3cs\u00f6vek sz\u00e1ma \u00e9s alkalmaz\u00e1sa:<\/strong><\/h3>\n<ul>\n<li>\n<h3>#2 \u00e9s\u00a0#4 &#8211; vonalak, vir\u00e1gsz\u00e1rak, bet\u0171k, csipkemint\u00e1k<\/h3>\n<\/li>\n<li>\n<h3>#24 \u00e9s\u00a0#27\u00a0&#8211; kis csillagok, csillagvir\u00e1gok, kisebb barokk mint\u00e1k, kisebb rozett\u00e1k<\/h3>\n<\/li>\n<li>\n<h3>#30 &#8211; nagy csillagok, csillagvir\u00e1gok, nagyobb barokk mint\u00e1k, nagyobb rozett\u00e1k<\/h3>\n<\/li>\n<li>\n<h3>#47 &#8211; kos\u00e1rsz\u00f6v\u0151 minta<\/h3>\n<\/li>\n<li>\n<h3>#67 &#8211; kisebb levelek, sz\u00e9l-d\u00edsz\u00edt\u00e9sek<\/h3>\n<\/li>\n<li>\n<h3>#59 \u00e9s #61 &#8211; kis \u00e9s k\u00f6zepes m\u00e9ret\u0171 szirmok<\/h3>\n<\/li>\n<li>\n<h3>#98 &#8211; kagyl\u00f3mint\u00e1k, kagyl\u00f3sz\u00e9lek<\/h3>\n<\/li>\n<li>\n<h3>#63 &#8211; kanyar\u00edtott vir\u00e1gszirmok, mint\u00e1s sz\u00e9l-d\u00edsz\u00edt\u00e9sek<\/h3>\n<\/li>\n<li>\n<h3>#96 &#8211; csavart csillag sz\u00e9l-d\u00edsz\u00edt\u00e9sekhez<\/h3>\n<\/li>\n<\/ul>\n<h3><strong>Cs\u00f6vek alapanyaga:<\/strong><\/h3>\n<ul>\n<li>\n<h3>rozsdamentes ac\u00e9l<\/h3>\n<\/li>\n<\/ul>\n<h3 id=\"tab-description\"><strong>Kezel\u00e9si \u00fatmutat\u00f3:<\/strong><\/h3>\n<ul>\n<li>\n<h3>k\u00e9zzel moshat\u00f3, leveg\u0151n sz\u00e1r\u00edtand\u00f3<\/h3>\n<\/li>\n<\/ul>\n<div id=\"themify_builder_content-20315\" data-postid=\"20315\" class=\"themify_builder_content themify_builder_content-20315 themify_builder\">\n    <\/div>\n<!-- \/themify_builder_content -->","protected":false},"excerpt":{"rendered":"<h3 style=\"text-align: justify;\"><strong>Tartoz\u00e9kok:<\/strong><\/h3>\n<ul>\n<li>\n<h3>12 db dekor\u00e1l\u00f3cs\u0151<\/h3>\n<\/li>\n<li>\n<h3>2 db norm\u00e1l m\u00e9ret\u0171 csatol\u00f3cs\u0151<\/h3>\n<\/li>\n<li>\n<h3>1 db 3 cm \u00e1tm\u00e9r\u0151j\u0171 f\u00e9m vir\u00e1gt\u0171<\/h3>\n<\/li>\n<li>\n<h3>2 db \u00fajrahaszn\u00e1lhat\u00f3, m\u0171anyag bevonatos habzs\u00e1k<\/h3>\n<\/li>\n<li>\n<h3>kem\u00e9ny m\u0171anyag tart\u00f3doboz<\/h3>\n<\/li>\n<\/ul>\n","protected":false},"featured_media":20320,"comment_status":"closed","ping_status":"closed","template":"","meta":[],"builder_content":"","_links":{"self":[{"href":"https:\/\/jhcakes.com\/shop\/wp-json\/wp\/v2\/product\/20315"}],"collection":[{"href":"https:\/\/jhcakes.com\/shop\/wp-json\/wp\/v2\/product"}],"about":[{"href":"https:\/\/jhcakes.com\/shop\/wp-json\/wp\/v2\/types\/product"}],"replies":[{"embeddable":true,"href":"https:\/\/jhcakes.com\/shop\/wp-json\/wp\/v2\/comments?post=20315"}],"wp:featuredmedia":[{"embeddable":true,"href":"https:\/\/jhcakes.com\/shop\/wp-json\/wp\/v2\/media\/20320"}],"wp:attachment":[{"href":"https:\/\/jhcakes.com\/shop\/wp-json\/wp\/v2\/media?parent=20315"}],"curies":[{"name":"wp","href":"https:\/\/api.w.org\/{rel}","templated":true}]}}